{"id":83045,"date":"2023-09-12T10:39:36","date_gmt":"2023-09-12T08:39:36","guid":{"rendered":"https:\/\/secureus.se\/produkt\/detectortesters-soloc3-non-flammable-co-detector-tester-aerosol-250ml\/"},"modified":"2026-04-09T11:40:31","modified_gmt":"2026-04-09T09:40:31","slug":"detectortesters-solo-c3-non-flammable-co-detector-tester-aerosol-250ml","status":"publish","type":"product","link":"https:\/\/secureus.se\/fi\/detectortesters-solo-c3-non-flammable-co-detector-tester-aerosol-250ml\/","title":{"rendered":"Detectortesters Solo C3 Syttym\u00e4t\u00f6n hiilimonoksidin ilmaisimen testausaerosoli, 250ml"},"content":{"rendered":"<h1 data-start=\"386\" data-end=\"425\">Detectortesters Solo C3 Syttym\u00e4t\u00f6n hiilimonoksidin ilmaisimen testausaerosoli, 250ml<\/h1>\n<h2 data-start=\"386\" data-end=\"425\">Aerosolikaasu hiilimonoksidin ilmaisimien testaamiseen<\/h2>\n<p data-start=\"427\" data-end=\"794\">Solo C3 on palamaton aerosoli, joka on kehitetty erityisesti paloilmaisimiin kuuluvien hiilidioksidi-\/hiilimonoksidiilmaisimien toiminnan testaamiseen.<\/p>\n<p data-start=\"427\" data-end=\"794\">Tuotetta k\u00e4ytet\u00e4\u00e4n yhdess\u00e4 yhteensopivien annosteluty\u00f6kalujen, kuten Solo 330:n tai Solo 332:n, kanssa sy\u00f6tt\u00e4m\u00e4\u00e4n kontrolloitua m\u00e4\u00e4r\u00e4\u00e4 testikaasua suoraan ilmaisimen anturiaukkoihin.<\/p>\n<p data-start=\"796\" data-end=\"960\">CO-toiminnon testaaminen on t\u00e4rke\u00e4\u00e4, koska anturin on reagoitava kaasuun oikein turvallisen toiminnan varmistamiseksi asuin-, toimisto- tai teollisuusymp\u00e4rist\u00f6iss\u00e4.<\/p>\n<h2 data-start=\"962\" data-end=\"997\">Turvallinen ja kontrolloitu testausmenetelm\u00e4<\/h2>\n<p data-start=\"999\" data-end=\"1276\">Solo C3 -aerosoli on palamaton, mik\u00e4 tarjoaa k\u00e4ytt\u00e4j\u00e4lle turvallisen ty\u00f6ymp\u00e4rist\u00f6n ja v\u00e4hent\u00e4\u00e4 riskej\u00e4 testauksen aikana.<\/p>\n<p data-start=\"999\" data-end=\"1276\">Tuote sy\u00f6tt\u00e4\u00e4 tasaisen pitoisuuden omaavaa CO-aerosolia, joka aktivoi ilmaisimen anturin ja varmistaa sen oikean toiminnan.<\/p>\n<p data-start=\"1278\" data-end=\"1287\">Edut:<\/p>\n<ul data-start=\"1289\" data-end=\"1499\">\n<li data-start=\"1289\" data-end=\"1344\">\n<p data-start=\"1291\" data-end=\"1344\">Hallittu kaasun sy\u00f6tt\u00f6 luotettavaa testausta varten<\/p>\n<\/li>\n<li data-start=\"1345\" data-end=\"1395\">\n<p data-start=\"1347\" data-end=\"1395\">Syttym\u00e4t\u00f6n koostumus turvalliseen k\u00e4ytt\u00f6\u00f6n<\/p>\n<\/li>\n<li data-start=\"1396\" data-end=\"1432\">\n<p data-start=\"1398\" data-end=\"1432\">Suunniteltu annostelijak\u00e4ytt\u00f6\u00f6n<\/p>\n<\/li>\n<li data-start=\"1433\" data-end=\"1499\">\n<p data-start=\"1435\" data-end=\"1499\">Sopii ammattimaisiin paloilmoitinasennuksiin ja huoltoteht\u00e4viin<\/p>\n<\/li>\n<\/ul>\n<h2 data-start=\"1501\" data-end=\"1522\">K\u00e4ytt\u00f6alueet<\/h2>\n<p data-start=\"1524\" data-end=\"1547\">Solo C3 sopii:<\/p>\n<ul data-start=\"1549\" data-end=\"1760\">\n<li data-start=\"1549\" data-end=\"1615\">\n<p data-start=\"1551\" data-end=\"1615\">Toiminnallinen testaus asennettaessa CO-antureita ilmaisimiin<\/p>\n<\/li>\n<li data-start=\"1616\" data-end=\"1651\">\n<p data-start=\"1618\" data-end=\"1651\">S\u00e4\u00e4nn\u00f6llinen huolto ja kunnossapito<\/p>\n<\/li>\n<li data-start=\"1652\" data-end=\"1706\">\n<p data-start=\"1654\" data-end=\"1706\">Omavalvonta asuin- ja liikerakennuksissa<\/p>\n<\/li>\n<li data-start=\"1707\" data-end=\"1760\">\n<p data-start=\"1709\" data-end=\"1760\">Huoltoty\u00f6t julkisissa ja teollisuusymp\u00e4rist\u00f6iss\u00e4<\/p>\n<\/li>\n<\/ul>\n<p data-start=\"1762\" data-end=\"1789\">TEKNISET TIEDOT:<\/p>\n<ul data-start=\"1791\" data-end=\"2044\">\n<li data-start=\"1791\" data-end=\"1834\">\n<p data-start=\"1793\" data-end=\"1834\">Tuote: Aerosolikaasu hiilimonoksidin ilmaisimen testaukseen<\/p>\n<\/li>\n<li data-start=\"1835\" data-end=\"1858\">\n<p data-start=\"1837\" data-end=\"1858\">Malli: SOLO C3-001<\/p>\n<\/li>\n<li data-start=\"1859\" data-end=\"1876\">\n<p data-start=\"1861\" data-end=\"1876\">Tilavuus: 250 ml<\/p>\n<\/li>\n<li data-start=\"1877\" data-end=\"1907\">\n<p data-start=\"1879\" data-end=\"1907\">Koostumus: Ei-syttyv\u00e4<\/p>\n<\/li>\n<li data-start=\"1908\" data-end=\"1932\">\n<p data-start=\"1910\" data-end=\"1932\">\u00c4rsyke: CO-aerosoli<\/p>\n<\/li>\n<li data-start=\"1933\" data-end=\"1994\">\n<p data-start=\"1935\" data-end=\"1994\">Yhteensopivuus: K\u00e4ytet\u00e4\u00e4n Solo 330\/332 -annosteluty\u00f6kalujen kanssa<\/p>\n<\/li>\n<li data-start=\"1995\" data-end=\"2044\">\n<p data-start=\"1997\" data-end=\"2044\">Toiminto: Paloilmaisimien CO-antureiden testaus<\/p>\n<\/li>\n<\/ul>","protected":false},"excerpt":{"rendered":"<p><strong data-start=\"21\" data-end=\"62\"><span class=\"entity-underline hover:entity-accent inline cursor-pointer align-baseline\"><span class=\"whitespace-normal\">Solo C3 CO-ilmaisimen testeri aerosoli<\/span><\/span><\/strong> on 250 ml:n aerosolikaasu paloilmaisimien CO-antureiden toiminnan testaamiseen.<\/p>\n<p>Se on palamaton ja tarkoitettu k\u00e4ytett\u00e4v\u00e4ksi annosteluty\u00f6kalujen kanssa kontrolloituun annosteluun.<\/p>\n<p>Luotettava ratkaisu asentajille, teknikoille ja huoltohenkil\u00f6st\u00f6lle h\u00e4k\u00e4ilmaisimien testaukseen.<\/p>","protected":false},"featured_media":140975,"template":"","meta":{"_acf_changed":false},"product_brand":[],"product_cat":[1764,2943],"product_tag":[],"class_list":{"0":"post-83045","1":"product","2":"type-product","3":"status-publish","4":"has-post-thumbnail","6":"product_cat-professionella-verktyg-for-prov-och-underhall","7":"product_cat-provgas-testgas-rokdetektorer","8":"product_shipping_class-postnord-varubrev","9":"pa_brands-solo","10":"tm-no-options","12":"first","13":"instock","14":"sale","15":"taxable","16":"shipping-taxable","17":"purchasable","18":"product-type-simple"},"acf":[],"_links":{"self":[{"href":"https:\/\/secureus.se\/fi\/wp-json\/wp\/v2\/product\/83045","targetHints":{"allow":["GET"]}}],"collection":[{"href":"https:\/\/secureus.se\/fi\/wp-json\/wp\/v2\/product"}],"about":[{"href":"https:\/\/secureus.se\/fi\/wp-json\/wp\/v2\/types\/product"}],"wp:featuredmedia":[{"embeddable":true,"href":"https:\/\/secureus.se\/fi\/wp-json\/wp\/v2\/media\/140975"}],"wp:attachment":[{"href":"https:\/\/secureus.se\/fi\/wp-json\/wp\/v2\/media?parent=83045"}],"wp:term":[{"taxonomy":"product_brand","embeddable":true,"href":"https:\/\/secureus.se\/fi\/wp-json\/wp\/v2\/product_brand?post=83045"},{"taxonomy":"product_cat","embeddable":true,"href":"https:\/\/secureus.se\/fi\/wp-json\/wp\/v2\/product_cat?post=83045"},{"taxonomy":"product_tag","embeddable":true,"href":"https:\/\/secureus.se\/fi\/wp-json\/wp\/v2\/product_tag?post=83045"}],"curies":[{"name":"wp","href":"https:\/\/api.w.org\/{rel}","templated":true}]}}