{"id":83088,"date":"2023-09-12T10:50:44","date_gmt":"2023-09-12T08:50:44","guid":{"rendered":"https:\/\/secureus.se\/produkt\/detectortesters-ts3-testifire-smoke-capsules-6-pack\/"},"modified":"2026-04-09T11:36:05","modified_gmt":"2026-04-09T09:36:05","slug":"detectortesters-ts3-testifire-smoke-capsules-6-pack","status":"publish","type":"product","link":"https:\/\/secureus.se\/fi\/detectortesters-ts3-testifire-smoke-capsules-6-pack\/","title":{"rendered":"Ilmaisintesterit TS3 Testifire savukapseli, 1 kpl"},"content":{"rendered":"<h1>Ilmaisintesterit TS3 Testifire savukapseli, 1 kpl<\/h1>\n<h2 data-start=\"332\" data-end=\"389\">Vaihtosavukapseli ammattimaiseen savuilmaisimien testaukseen<\/h2>\n<p data-start=\"391\" data-end=\"694\">Detectortesters TS3 Testifire Smoke Capsule on savupatruuna, joka on suunniteltu savuilmaisimien tarkkaan ja turvalliseen toiminnan testaukseen.<\/p>\n<p data-start=\"391\" data-end=\"694\">Patruunaa k\u00e4ytet\u00e4\u00e4n Testifire 1001- ja Testifire 2001 -testilaitteiden kanssa, ja se tuottaa m\u00e4\u00e4ritetyn m\u00e4\u00e4r\u00e4n testisavua, joka varmistaa ilmaisimen oikean reagoinnin.<\/p>\n<p data-start=\"696\" data-end=\"878\">Asennuksen, huollon tai s\u00e4\u00e4nn\u00f6llisen kunnossapidon aikana on eritt\u00e4in t\u00e4rke\u00e4\u00e4 varmistaa, ett\u00e4 palovaroitin todella aktivoituu savulle altistuessaan \u2013 ei pelk\u00e4st\u00e4\u00e4n testipainikkeen tai simulaation avulla.<\/p>\n<h2 data-start=\"880\" data-end=\"919\">Hallittu ja turvallinen savuntuotanto<\/h2>\n<p data-start=\"921\" data-end=\"1083\">TS3-patruuna tuottaa realistista testisavua, joka aktivoi tehokkaasti sek\u00e4 optiset ett\u00e4 muuntyyppiset savuilmaisimet, kun sit\u00e4 k\u00e4ytet\u00e4\u00e4n yhteensopivissa Testifire-yksik\u00f6iss\u00e4.<\/p>\n<p data-start=\"1085\" data-end=\"1094\">Edut:<\/p>\n<ul data-start=\"1096\" data-end=\"1306\">\n<li data-start=\"1096\" data-end=\"1164\">\n<p data-start=\"1098\" data-end=\"1164\">Tarjoaa kontrolloitua ja toistettavaa savua luotettavaa testausta varten<\/p>\n<\/li>\n<li data-start=\"1165\" data-end=\"1209\">\n<p data-start=\"1167\" data-end=\"1209\">Turvallinen k\u00e4ytt\u00e4\u00e4 ilman todellista tulipaloriski\u00e4<\/p>\n<\/li>\n<li data-start=\"1210\" data-end=\"1253\">\n<p data-start=\"1212\" data-end=\"1253\">Ei j\u00e4t\u00e4 haitallisia j\u00e4\u00e4mi\u00e4 ilmaisimeen<\/p>\n<\/li>\n<li data-start=\"1254\" data-end=\"1306\">\n<p data-start=\"1256\" data-end=\"1306\">Ei vaikuta ilmaisimen toimintaan testauksen j\u00e4lkeen<\/p>\n<\/li>\n<\/ul>\n<p data-start=\"1308\" data-end=\"1400\">Testin j\u00e4lkeen savu poistetaan aiheuttamatta kertymi\u00e4 tai kontaminaatiota.<\/p>\n<h2 data-start=\"1402\" data-end=\"1443\">Asennusta ja jatkuvaa huoltoa varten<\/h2>\n<p data-start=\"1445\" data-end=\"1464\">TS3 sopii:<\/p>\n<ul data-start=\"1466\" data-end=\"1637\">\n<li data-start=\"1466\" data-end=\"1506\">\n<p data-start=\"1468\" data-end=\"1506\">Toiminnallinen testaus uuden asennuksen aikana<\/p>\n<\/li>\n<li data-start=\"1507\" data-end=\"1540\">\n<p data-start=\"1509\" data-end=\"1540\">Vuosittainen tai m\u00e4\u00e4r\u00e4aikainen palvelu<\/p>\n<\/li>\n<li data-start=\"1541\" data-end=\"1597\">\n<p data-start=\"1543\" data-end=\"1597\">Omavalvonta asuin- ja liikekiinteist\u00f6iss\u00e4<\/p>\n<\/li>\n<li data-start=\"1598\" data-end=\"1637\">\n<p data-start=\"1600\" data-end=\"1637\">Teollisuus- ja julkiset ymp\u00e4rist\u00f6t<\/p>\n<\/li>\n<\/ul>\n<p data-start=\"1639\" data-end=\"1718\">Tuotetta on saatavilla 1 ja 3 kappaleen pakkauksissa, mik\u00e4 tarjoaa joustavuutta tarpeiden mukaan.<\/p>\n<p data-start=\"1720\" data-end=\"1747\">TEKNISET TIEDOT:<\/p>\n<ul data-start=\"1749\" data-end=\"2060\">\n<li data-start=\"1749\" data-end=\"1784\">\n<p data-start=\"1751\" data-end=\"1784\">Tuote: Tupakkakasetti \/ tupakkapatruuna<\/p>\n<\/li>\n<li data-start=\"1785\" data-end=\"1804\">\n<p data-start=\"1787\" data-end=\"1804\">Malli: TS3-001<\/p>\n<\/li>\n<li data-start=\"1805\" data-end=\"1821\">\n<p data-start=\"1807\" data-end=\"1821\">V\u00e4ri: hopea<\/p>\n<\/li>\n<li data-start=\"1822\" data-end=\"1878\">\n<p data-start=\"1824\" data-end=\"1878\">Toiminto: Testisavun generointi savuilmaisimen testausta varten<\/p>\n<\/li>\n<li data-start=\"1879\" data-end=\"1929\">\n<p data-start=\"1881\" data-end=\"1929\">K\u00e4ytet\u00e4\u00e4n yhdess\u00e4: Testifire 1001 ja Testifire 2001<\/p>\n<\/li>\n<li data-start=\"1930\" data-end=\"1981\">\n<p data-start=\"1932\" data-end=\"1981\">Yhteensopivuus: Optiset ja muut savunilmaisimet<\/p>\n<\/li>\n<li data-start=\"1982\" data-end=\"2009\">\n<p data-start=\"1984\" data-end=\"2009\">J\u00e4\u00e4m\u00e4t testauksen j\u00e4lkeen: Ei mit\u00e4\u00e4n<\/p>\n<\/li>\n<li data-start=\"2010\" data-end=\"2060\">\n<p data-start=\"2012\" data-end=\"2060\">Turvallisuus: Hallittu ja turvallinen savuntuotanto<\/p>\n<\/li>\n<\/ul>","protected":false},"excerpt":{"rendered":"<p>Detectortesters TS3 Testifire -savukapseli on korvaava savukapseli savuilmaisimien toiminnan testaamiseen.<\/p>\n<p>Sit\u00e4 k\u00e4ytet\u00e4\u00e4n yhdess\u00e4 Testifire 1001:n ja 2001:n kanssa kontrolloidun testisavun tuottamiseen.<\/p>\n<p>Turvallinen ja luotettava ratkaisu asentajille, huoltoteknikoille ja kiinteist\u00f6nomistajille.<\/p>\n<div id=\"gtx-trans\" style=\"position: absolute;left: 313px;top: 38px\">\n<div class=\"gtx-trans-icon\"><\/div>\n<\/div>","protected":false},"featured_media":139856,"template":"","meta":{"_acf_changed":false},"product_brand":[],"product_cat":[2946,3848],"product_tag":[2948],"class_list":{"0":"post-83088","1":"product","2":"type-product","3":"status-publish","4":"has-post-thumbnail","6":"product_cat-testifire","7":"product_cat-testifire-kit","8":"product_tag-rokgastestare-testfire","9":"product_shipping_class-postnord-varubrev","10":"pa_brands-testifire","11":"tm-no-options","13":"first","14":"instock","15":"sale","16":"taxable","17":"shipping-taxable","18":"purchasable","19":"product-type-simple"},"acf":[],"_links":{"self":[{"href":"https:\/\/secureus.se\/fi\/wp-json\/wp\/v2\/product\/83088","targetHints":{"allow":["GET"]}}],"collection":[{"href":"https:\/\/secureus.se\/fi\/wp-json\/wp\/v2\/product"}],"about":[{"href":"https:\/\/secureus.se\/fi\/wp-json\/wp\/v2\/types\/product"}],"wp:featuredmedia":[{"embeddable":true,"href":"https:\/\/secureus.se\/fi\/wp-json\/wp\/v2\/media\/139856"}],"wp:attachment":[{"href":"https:\/\/secureus.se\/fi\/wp-json\/wp\/v2\/media?parent=83088"}],"wp:term":[{"taxonomy":"product_brand","embeddable":true,"href":"https:\/\/secureus.se\/fi\/wp-json\/wp\/v2\/product_brand?post=83088"},{"taxonomy":"product_cat","embeddable":true,"href":"https:\/\/secureus.se\/fi\/wp-json\/wp\/v2\/product_cat?post=83088"},{"taxonomy":"product_tag","embeddable":true,"href":"https:\/\/secureus.se\/fi\/wp-json\/wp\/v2\/product_tag?post=83088"}],"curies":[{"name":"wp","href":"https:\/\/api.w.org\/{rel}","templated":true}]}}