{"id":83102,"date":"2023-09-12T10:49:20","date_gmt":"2023-09-12T08:49:20","guid":{"rendered":"https:\/\/secureus.se\/produkt\/detectortesters-testifire-2001-multi-sensor-smoke-heat-and-co-detector-tester\/"},"modified":"2026-03-27T10:31:15","modified_gmt":"2026-03-27T09:31:15","slug":"detectortesters-testifire-2001-multi-sensor-smoke-heat-and-co-detector-tester","status":"publish","type":"product","link":"https:\/\/secureus.se\/fi\/detectortesters-testifire-2001-multi-sensor-smoke-heat-and-co-detector-tester\/","title":{"rendered":"Ilmaisintesterit Testifire 2001 monisensorinen savu-, l\u00e4mp\u00f6- ja CO-ilmaisintesteri"},"content":{"rendered":"<p>Testifire mahdollistaa paloilmaisimien yksinkertaisen, vaatimustenmukaisen toiminnan testauksen. Se soveltuu savu-, l\u00e4mp\u00f6- ja CO-testaukseen, lis\u00e4\u00e4 tuottavuutta paikan p\u00e4\u00e4ll\u00e4 ja on maailman johtava monianturien testausratkaisu.<\/p>\n<p>Tuottava:<\/p>\n<p>Tukee nopeampaa testausta ilman, ett\u00e4 sinun tarvitsee vaihtaa ty\u00f6kalujen v\u00e4lill\u00e4.<\/p>\n<p>Yhteensopiva:<\/p>\n<p>Sopii laajaan valikoimaan ilmaisimia \u2013 mukaan lukien yksi- ja monianturit.<\/p>\n<p>Hyv\u00e4ksytty:<\/p>\n<p>UL-sertifioitu ja johtavien ilmaisinvalmistajien hyv\u00e4ksym\u00e4.<\/p>\n<p>P\u00e4\u00e4ominaisuudet:<br \/>\n\u2013 All-in-one: Savun, l\u00e4mm\u00f6n ja CO:n testausty\u00f6kalu mahdollistaa kaikkien ilmaisimien testauksen tyypist\u00e4 riippumatta.<br \/>\n\u2013 Nopeampi testaus: S\u00e4\u00e4st\u00e4\u00e4 aikaa ja vaivaa ilman, ett\u00e4 sinun tarvitsee vaihtaa testausty\u00f6kalujen v\u00e4lill\u00e4.<br \/>\n- Ei uusintah\u00e4lytyksi\u00e4: Sis\u00e4\u00e4nrakennettu &quot;clearing&quot;-tila est\u00e4\u00e4 uusintah\u00e4lytykset, mik\u00e4 minimoi h\u00e4iri\u00f6t ja s\u00e4\u00e4st\u00e4\u00e4 aikaa.<br \/>\n- Helppo varastointi ja kuljetus: Vaarattomat, paineettomat kapselit helpottavat varastointia ja kuljetusta.<br \/>\n\u2013 Savu tarpeen mukaan: V\u00e4hemm\u00e4n savuh\u00e4vikki\u00e4 eik\u00e4 ilmaisimen kontaminaatioriski\u00e4.<br \/>\n\u2013 Universaali: Testaa useita \u00e4rsykkeit\u00e4 per\u00e4kk\u00e4in, samanaikaisesti tai per\u00e4kk\u00e4in \u2013 riippumatta siit\u00e4, mit\u00e4 paloj\u00e4rjestelm\u00e4 vaatii.<\/p>","protected":false},"excerpt":{"rendered":"<p>Ilmaisintesterit Testifire 2001 monisensorinen savu-, l\u00e4mp\u00f6- ja CO-ilmaisintesteri<\/p>","protected":false},"featured_media":140929,"template":"","meta":{"_acf_changed":false},"product_brand":[],"product_cat":[2946,3848],"product_tag":[2948],"class_list":{"0":"post-83102","1":"product","2":"type-product","3":"status-publish","4":"has-post-thumbnail","6":"product_cat-testifire","7":"product_cat-testifire-kit","8":"product_tag-rokgastestare-testfire","9":"product_shipping_class-tunga-paket","10":"pa_brands-testifire","11":"tm-no-options","13":"first","14":"outofstock","15":"sale","16":"taxable","17":"shipping-taxable","18":"purchasable","19":"product-type-simple"},"acf":[],"_links":{"self":[{"href":"https:\/\/secureus.se\/fi\/wp-json\/wp\/v2\/product\/83102","targetHints":{"allow":["GET"]}}],"collection":[{"href":"https:\/\/secureus.se\/fi\/wp-json\/wp\/v2\/product"}],"about":[{"href":"https:\/\/secureus.se\/fi\/wp-json\/wp\/v2\/types\/product"}],"wp:featuredmedia":[{"embeddable":true,"href":"https:\/\/secureus.se\/fi\/wp-json\/wp\/v2\/media\/140929"}],"wp:attachment":[{"href":"https:\/\/secureus.se\/fi\/wp-json\/wp\/v2\/media?parent=83102"}],"wp:term":[{"taxonomy":"product_brand","embeddable":true,"href":"https:\/\/secureus.se\/fi\/wp-json\/wp\/v2\/product_brand?post=83102"},{"taxonomy":"product_cat","embeddable":true,"href":"https:\/\/secureus.se\/fi\/wp-json\/wp\/v2\/product_cat?post=83102"},{"taxonomy":"product_tag","embeddable":true,"href":"https:\/\/secureus.se\/fi\/wp-json\/wp\/v2\/product_tag?post=83102"}],"curies":[{"name":"wp","href":"https:\/\/api.w.org\/{rel}","templated":true}]}}