{"id":83114,"date":"2023-09-13T15:18:29","date_gmt":"2023-09-13T13:18:29","guid":{"rendered":"https:\/\/secureus.se\/?post_type=product&#038;p=83114"},"modified":"2026-04-08T16:44:25","modified_gmt":"2026-04-08T14:44:25","slug":"kontrolljournal-sakerhet","status":"publish","type":"product","link":"https:\/\/secureus.se\/fi\/kontrolljournal-sakerhet\/","title":{"rendered":"TARKISTUSLISTAN TURVALLISUUS"},"content":{"rendered":"<p>Valvontatiedot vaaditaan useimmissa turvalaitoksissa. Valvontap\u00e4iv\u00e4kirjassa tulee olla tiedot laitoksen omistajasta, laitoksen johtajasta, rakennusyhti\u00f6st\u00e4 jne. My\u00f6s muut tiedot, kuten keskuslaitteen tyyppi, paristot, sijainnit ja k\u00e4ytt\u00f6\u00f6nottoaika jne., on liitett\u00e4v\u00e4 mukaan. Mukana on otteita Ruotsin Varkaussuojaliiton s\u00e4\u00e4nn\u00f6ist\u00e4 SSF 130 Liitteet A ja B sek\u00e4 H\u00e4lytyslaki SFS no: 1983:1097. T\u00e4\u00e4ll\u00e4 s\u00e4\u00e4dell\u00e4\u00e4n laitoksen omistajan velvollisuuksia ja oikeuksia. Kiinteist\u00f6n k\u00e4ytt\u00f6i\u00e4n aikana kaikki tapahtumat, kuten testaus, lauenneet h\u00e4lytykset, irtiyhteydet, virhesignaalit, huolto, tarkastukset jne. on kirjattava. Valvontap\u00e4iv\u00e4kirja on s\u00e4ilytett\u00e4v\u00e4 keskuslaitteistossa tai sen l\u00e4hell\u00e4.<\/p>","protected":false},"excerpt":{"rendered":"<p>Kontrolljournal kr\u00e4vs i de flesta s\u00e4kerhetsanl\u00e4ggningar. Kontrolljournalen ska inneh\u00e5lla uppgifter om anl\u00e4ggnings\u00e4gare, anl\u00e4ggningssk\u00f6tare, anl\u00e4ggar-firma mm. Andra uppgifter som typ av centralapparat, batterier, placeringar samt tidpunkt f\u00f6r drifts\u00e4ttning mm ska ocks\u00e5<\/p>","protected":false},"featured_media":139988,"template":"","meta":{"_acf_changed":false},"product_brand":[],"product_cat":[2950],"product_tag":[],"class_list":{"0":"post-83114","1":"product","2":"type-product","3":"status-publish","4":"has-post-thumbnail","6":"product_cat-or-skap-sakerhet","7":"product_shipping_class-postnord-varubrev","8":"tm-no-options","10":"first","11":"instock","12":"sale","13":"taxable","14":"shipping-taxable","15":"purchasable","16":"product-type-simple"},"acf":[],"_links":{"self":[{"href":"https:\/\/secureus.se\/fi\/wp-json\/wp\/v2\/product\/83114","targetHints":{"allow":["GET"]}}],"collection":[{"href":"https:\/\/secureus.se\/fi\/wp-json\/wp\/v2\/product"}],"about":[{"href":"https:\/\/secureus.se\/fi\/wp-json\/wp\/v2\/types\/product"}],"wp:featuredmedia":[{"embeddable":true,"href":"https:\/\/secureus.se\/fi\/wp-json\/wp\/v2\/media\/139988"}],"wp:attachment":[{"href":"https:\/\/secureus.se\/fi\/wp-json\/wp\/v2\/media?parent=83114"}],"wp:term":[{"taxonomy":"product_brand","embeddable":true,"href":"https:\/\/secureus.se\/fi\/wp-json\/wp\/v2\/product_brand?post=83114"},{"taxonomy":"product_cat","embeddable":true,"href":"https:\/\/secureus.se\/fi\/wp-json\/wp\/v2\/product_cat?post=83114"},{"taxonomy":"product_tag","embeddable":true,"href":"https:\/\/secureus.se\/fi\/wp-json\/wp\/v2\/product_tag?post=83114"}],"curies":[{"name":"wp","href":"https:\/\/api.w.org\/{rel}","templated":true}]}}