{"id":83120,"date":"2023-09-13T15:36:21","date_gmt":"2023-09-13T13:36:21","guid":{"rendered":"https:\/\/secureus.se\/?post_type=product&#038;p=83120"},"modified":"2026-02-03T14:03:18","modified_gmt":"2026-02-03T13:03:18","slug":"or-skap-a3-vitt-for-assa-las","status":"publish","type":"product","link":"https:\/\/secureus.se\/fi\/or-skap-a3-vitt-for-assa-las\/","title":{"rendered":"TAI KAAPPI Paloh\u00e4lytin A3 VALKOINEN ASSA LUKKOON"},"content":{"rendered":"<h1>TAI KAAPPI Paloh\u00e4lytin<\/h1>\n<p>Asiakirjakaappi paloh\u00e4lytysj\u00e4rjestelmien suunta- ja huoltopiirustuksille.<br \/>\nLuukku avataan palokunnan avaimella.<\/p>\n<p>OR-3-BLACK:ssa on vahvistettu kansi, jota voidaan k\u00e4ytt\u00e4\u00e4 kannettavan tietokoneen tai piirustusten p\u00f6yt\u00e4n\u00e4.<br \/>\nOR-3 \u2013 ASSA:ssa on avoin takaosa, joka voidaan asentaa h\u00e4lytyspainikkeiden jne. p\u00e4\u00e4lle.<\/p>\n<p>Kaapit on valmistettu ter\u00e4slevyst\u00e4 ja v\u00e4reiss\u00e4 alla olevan taulukon mukaan.<\/p>\n<p><img decoding=\"async\" class=\"alignnone size-full wp-image-123513183\" src=\"https:\/\/securityonline.se\/wp-content\/uploads\/2023\/09\/Swanson-Or-skap.jpg\" alt=\"\" width=\"618\" height=\"292\" \/><\/p>","protected":false},"excerpt":{"rendered":"<p>Kaappi suuntapiirroksia varten avoimella selk\u00e4nojalla asennettavaksi h\u00e4lytyspainikkeiden jne. p\u00e4\u00e4lle.<\/p>\n<p><span data-teams=\"true\">N\u00e4m\u00e4 kaapit toimitetaan ilman avainta, ja tarvittaessa se ostetaan erikseen.<\/span><\/p>","protected":false},"featured_media":140853,"template":"","meta":{"_acf_changed":false},"product_brand":[],"product_cat":[3977,1837,2950],"product_tag":[],"class_list":{"0":"post-83120","1":"product","2":"type-product","3":"status-publish","4":"has-post-thumbnail","6":"product_cat-or-skap-brand-brandskydd","7":"product_cat-dokumentskap","8":"product_cat-or-skap-sakerhet","9":"product_shipping_class-tunga-paket","10":"pa_brands-swansons","11":"tm-no-options","13":"first","14":"instock","15":"sale","16":"taxable","17":"shipping-taxable","18":"purchasable","19":"product-type-simple"},"acf":[],"_links":{"self":[{"href":"https:\/\/secureus.se\/fi\/wp-json\/wp\/v2\/product\/83120","targetHints":{"allow":["GET"]}}],"collection":[{"href":"https:\/\/secureus.se\/fi\/wp-json\/wp\/v2\/product"}],"about":[{"href":"https:\/\/secureus.se\/fi\/wp-json\/wp\/v2\/types\/product"}],"wp:featuredmedia":[{"embeddable":true,"href":"https:\/\/secureus.se\/fi\/wp-json\/wp\/v2\/media\/140853"}],"wp:attachment":[{"href":"https:\/\/secureus.se\/fi\/wp-json\/wp\/v2\/media?parent=83120"}],"wp:term":[{"taxonomy":"product_brand","embeddable":true,"href":"https:\/\/secureus.se\/fi\/wp-json\/wp\/v2\/product_brand?post=83120"},{"taxonomy":"product_cat","embeddable":true,"href":"https:\/\/secureus.se\/fi\/wp-json\/wp\/v2\/product_cat?post=83120"},{"taxonomy":"product_tag","embeddable":true,"href":"https:\/\/secureus.se\/fi\/wp-json\/wp\/v2\/product_tag?post=83120"}],"curies":[{"name":"wp","href":"https:\/\/api.w.org\/{rel}","templated":true}]}}