{"id":83122,"date":"2023-09-13T15:35:42","date_gmt":"2023-09-13T13:35:42","guid":{"rendered":"https:\/\/secureus.se\/?post_type=product&#038;p=83122"},"modified":"2026-04-25T15:06:59","modified_gmt":"2026-04-25T13:06:59","slug":"bomnyckel-brandkarsnyckel-enligt-ss3654","status":"publish","type":"product","link":"https:\/\/secureus.se\/fi\/bomnyckel-brandkarsnyckel-enligt-ss3654\/","title":{"rendered":"Puomiavain 205 \u2013 Palokunnan avain SS3654 Ruotsin avain"},"content":{"rendered":"<h2>Puomin avain 205 ruotsalaisen standardin SS3654 mukaisesti<\/h2>\n<p>Bomnyckel 205 on standardoitu palokunnan avain, jota k\u00e4ytet\u00e4\u00e4n aitojen, palokaappien ja teknisten asennusten avaamiseen asuinalueilla ja kiinteist\u00f6iss\u00e4. Avain on valmistettu ruotsalaisen standardin SS3654 mukaisesti ja sit\u00e4 kutsutaan my\u00f6s ruotsalaiseksi avaimeksi.<\/p>\n<p>Sit\u00e4 k\u00e4ytt\u00e4v\u00e4t usein pelastuspalvelut, kiinteist\u00f6nomistajat ja teknikot p\u00e4\u00e4st\u00e4kseen nopeasti k\u00e4siksi standardoitujen lukitusj\u00e4rjestelmien suojaamiin alueisiin.<\/p>\n<h2>Mihin puomiavainta 205 k\u00e4ytet\u00e4\u00e4n?<\/h2>\n<ul>\n<li>Asuinalueiden esteet<\/li>\n<li>Palokaappi<\/li>\n<li>H\u00e4lytyskaappi<\/li>\n<li>Paloh\u00e4lytysten ohjauspaneelit<\/li>\n<li>Tekniset tilat<\/li>\n<li>Kiinteist\u00f6asennukset<\/li>\n<\/ul>\n<h2>Yhteensopivuus<\/h2>\n<p>Sopii muun muassa seuraaviin tarkoituksiin:<\/p>\n<ul>\n<li>Abus 465\/50<\/li>\n<li>Ilmoittajan NFS<\/li>\n<li>UTC 1X -paloilmoitinpaneelit<\/li>\n<li>Standardoidut puomilukot SS3654-standardin mukaisesti<\/li>\n<\/ul>\n<h2>Tekniset tiedot<\/h2>\n<ul>\n<li>Standardi: SS3654<\/li>\n<li>Pituus: 75 mm<\/li>\n<li>Materiaali: Messinki<\/li>\n<li>Tyyppi: Aledal-aine 205<\/li>\n<li>Vaihtoehtoiset nimet: palokunnan avain, Ruotsin avain, puomiavain<\/li>\n<\/ul>\n<h2>Miksi valita puomiavain SS3654-standardin mukaisesti?<\/h2>\n<p>Standardoidut avaimet varmistavat, ett\u00e4 h\u00e4t\u00e4palvelut, poliisi, taksit ja valtuutettu henkil\u00f6st\u00f6 p\u00e4\u00e4sev\u00e4t nopeasti suojatuille alueille tarvittaessa. T\u00e4m\u00e4 tekee asennuksista turvallisempia ja helpommin saavutettavia h\u00e4t\u00e4tilanteissa. T\u00e4ydellinen taksinkuljettajille, tavaroiden kuljetuksille, alueesta vastaaville jne.<\/p>\n<h3>Haluatko tiet\u00e4\u00e4 lis\u00e4\u00e4 puomiavaimesta 205?<\/h3>\n<p>Lue oppaamme, jossa selit\u00e4mme, mik\u00e4 on puomin 205 avain, miten sit\u00e4 k\u00e4ytet\u00e4\u00e4n ja kuka saa k\u00e4ytt\u00e4\u00e4 sit\u00e4.<\/p>\n<p><a href=\"https:\/\/secureus.se\/fi\/bomnyckel-205-vad-ar-det\/\">Mik\u00e4 on puomiavain 205 ja kuka sit\u00e4 voi k\u00e4ytt\u00e4\u00e4?<\/a><\/p>","protected":false},"excerpt":{"rendered":"<p><strong>Puomiavain 205 \/ Palokunnan avain standardin SS3654 mukaisesti.<\/strong> Standardoitu ruotsalainen avain aitoihin, palokaappeihin ja paloilmoitinpaneeleihin. Valmistettu messingist\u00e4, eritt\u00e4in tarkka ja pitk\u00e4ik\u00e4inen.<\/p>\n<ul>\n<li>Sopii mm. Abus 465\/50:lle, Notifier NFS:lle ja UTC 1X:lle<\/li>\n<li>Standardi SS3654<\/li>\n<li>75 mm pituus<\/li>\n<li>Ammattimainen laatu<\/li>\n<li>Nopea toimitus Ruotsista<\/li>\n<\/ul>","protected":false},"featured_media":156223,"template":"","meta":{"_acf_changed":false},"product_brand":[],"product_cat":[2950,1837,3977],"product_tag":[],"class_list":{"0":"post-83122","1":"product","2":"type-product","3":"status-publish","4":"has-post-thumbnail","6":"product_cat-or-skap-sakerhet","7":"product_cat-dokumentskap","8":"product_cat-or-skap-brand-brandskydd","9":"product_shipping_class-postnord-varubrev","10":"pa_brands-secureus","11":"tm-no-options","13":"first","14":"instock","15":"sale","16":"taxable","17":"shipping-taxable","18":"purchasable","19":"product-type-simple"},"acf":[],"_links":{"self":[{"href":"https:\/\/secureus.se\/fi\/wp-json\/wp\/v2\/product\/83122","targetHints":{"allow":["GET"]}}],"collection":[{"href":"https:\/\/secureus.se\/fi\/wp-json\/wp\/v2\/product"}],"about":[{"href":"https:\/\/secureus.se\/fi\/wp-json\/wp\/v2\/types\/product"}],"wp:featuredmedia":[{"embeddable":true,"href":"https:\/\/secureus.se\/fi\/wp-json\/wp\/v2\/media\/156223"}],"wp:attachment":[{"href":"https:\/\/secureus.se\/fi\/wp-json\/wp\/v2\/media?parent=83122"}],"wp:term":[{"taxonomy":"product_brand","embeddable":true,"href":"https:\/\/secureus.se\/fi\/wp-json\/wp\/v2\/product_brand?post=83122"},{"taxonomy":"product_cat","embeddable":true,"href":"https:\/\/secureus.se\/fi\/wp-json\/wp\/v2\/product_cat?post=83122"},{"taxonomy":"product_tag","embeddable":true,"href":"https:\/\/secureus.se\/fi\/wp-json\/wp\/v2\/product_tag?post=83122"}],"curies":[{"name":"wp","href":"https:\/\/api.w.org\/{rel}","templated":true}]}}