{"id":83398,"date":"2023-03-28T14:22:20","date_gmt":"2023-03-28T12:22:20","guid":{"rendered":"https:\/\/secureus.se\/produkt\/s65-12v-relay-base-12v-1a\/"},"modified":"2026-05-06T14:08:05","modified_gmt":"2026-05-06T12:08:05","slug":"relasockel-s65-12v","status":"publish","type":"product","link":"https:\/\/secureus.se\/fi\/relasockel-s65-12v\/","title":{"rendered":"Apollo 45681-508APO Relekanta S65 12V Relekanta"},"content":{"rendered":"<p><strong>Korkean tarkkuuden optinen savunilmaisin:<\/strong> Releliitin S65 on erinomainen valinta sek\u00e4 murto- ett\u00e4 palovaroittimiin.<\/p>\n<p>Se on suunniteltu k\u00e4ytett\u00e4v\u00e4ksi DSC NEO, Power Series, MAXYS ja muiden tavanomaisten langallisten murtoh\u00e4lyttimien kanssa.<\/p>\n<p>S65:n optinen tunnistuskammio k\u00e4ytt\u00e4\u00e4 heijastusperiaatteita savuhiukkasten havaitsemiseen, mik\u00e4 varmistaa nopean ja tarkan h\u00e4lytyksen aktivoinnin.<\/p>\n<p><strong>Ominaisuudet ja edut:<\/strong><\/p>\n<ul>\n<li><strong>Joustava k\u00e4ytt\u00f6:<\/strong> Piirilevyn jumpperi voidaan asentaa lukittavaan tai ei-salpaavaan asentoon sovelluksesta riippuen.<\/li>\n<li><strong>Laatu:<\/strong> Valkoinen v\u00e4ri ja sis\u00e4\u00e4nrakennettu LED-valo h\u00e4lytyksen ilmaisua varten tarjoavat sek\u00e4 estetiikkaa ett\u00e4 toimivuutta.<\/li>\n<li><strong>Kest\u00e4vyys:<\/strong> Suunniteltu kest\u00e4m\u00e4\u00e4n sek\u00e4 korkeita ett\u00e4 matalia l\u00e4mp\u00f6tiloja, joten se sopii erilaisiin ymp\u00e4rist\u00f6ihin.<\/li>\n<\/ul>\n<p><strong>Tekniset tiedot:<\/strong><\/p>\n<ul>\n<li><strong>J\u00e4nnite:<\/strong> 9-15V DC<\/li>\n<li><strong>Virrankulutus:<\/strong> 30-50\u03bcA 24V DC<\/li>\n<li><strong>Normaali h\u00e4lytysvirta:<\/strong>\n<ul>\n<li>10V = 18mA<\/li>\n<li>24V = 52mA<\/li>\n<\/ul>\n<\/li>\n<li><strong>L\u00e4mp\u00f6tila-alue:<\/strong> -20 \u00b0C - +60 \u00b0C<\/li>\n<li><strong>Kosteus:<\/strong> 0% - 95%, ei kondensoituva<\/li>\n<li><strong>Mitata:<\/strong> Halkaisija 100 mm x 25 mm korkea<\/li>\n<li><strong>Paino:<\/strong> 100 g<\/li>\n<\/ul>\n<p>&nbsp;<\/p>","protected":false},"excerpt":{"rendered":"<p>Relejalka S65 on 12 V:n relekanta, jota k\u00e4ytet\u00e4\u00e4n murto- ja paloh\u00e4lyttimiin.<\/p>\n<p>Se on yhteensopiva DSC PowerSeriesin ja muiden turvaj\u00e4rjestelmien kanssa.<\/p>\n<p>Optisen tunnistuskammion ansiosta se havaitsee savun ja tulen tehokkaasti, ja se voidaan konfiguroida sek\u00e4 lukitseviin ett\u00e4 ei-lukitseviin sovelluksiin.<\/p>\n<p>Sen virrankulutus on 30-50\u03bcA ja se toimii l\u00e4mp\u00f6tila-alueella -20\u00b0C - +60\u00b0C.<\/p>","protected":false},"featured_media":140931,"template":"","meta":{"_acf_changed":false},"product_brand":[],"product_cat":[4747],"product_tag":[2962,3311,3025,2704],"class_list":{"0":"post-83398","1":"product","2":"type-product","3":"status-publish","4":"has-post-thumbnail","6":"product_cat-65-serien","7":"product_tag-apollo-s65-serien","8":"product_tag-dsc-neo-svensk-manual","9":"product_tag-tradbundna-rokdetektorer-for-neo","10":"product_tag-utvalda-produkter-fran-apollo","11":"product_shipping_class-postnord-varubrev","12":"pa_brands-apollo-fire-detectors","13":"tm-has-options","15":"first","16":"instock","17":"featured","18":"taxable","19":"shipping-taxable","20":"purchasable","21":"product-type-simple"},"acf":[],"_links":{"self":[{"href":"https:\/\/secureus.se\/fi\/wp-json\/wp\/v2\/product\/83398","targetHints":{"allow":["GET"]}}],"collection":[{"href":"https:\/\/secureus.se\/fi\/wp-json\/wp\/v2\/product"}],"about":[{"href":"https:\/\/secureus.se\/fi\/wp-json\/wp\/v2\/types\/product"}],"wp:featuredmedia":[{"embeddable":true,"href":"https:\/\/secureus.se\/fi\/wp-json\/wp\/v2\/media\/140931"}],"wp:attachment":[{"href":"https:\/\/secureus.se\/fi\/wp-json\/wp\/v2\/media?parent=83398"}],"wp:term":[{"taxonomy":"product_brand","embeddable":true,"href":"https:\/\/secureus.se\/fi\/wp-json\/wp\/v2\/product_brand?post=83398"},{"taxonomy":"product_cat","embeddable":true,"href":"https:\/\/secureus.se\/fi\/wp-json\/wp\/v2\/product_cat?post=83398"},{"taxonomy":"product_tag","embeddable":true,"href":"https:\/\/secureus.se\/fi\/wp-json\/wp\/v2\/product_tag?post=83398"}],"curies":[{"name":"wp","href":"https:\/\/api.w.org\/{rel}","templated":true}]}}