{"id":83400,"date":"2023-03-23T14:52:13","date_gmt":"2023-03-23T13:52:13","guid":{"rendered":"https:\/\/secureus.se\/produkt\/s65-optical-smoke-detector\/"},"modified":"2026-04-01T14:40:11","modified_gmt":"2026-04-01T12:40:11","slug":"rokdetektor-s65-tradbunden","status":"publish","type":"product","link":"https:\/\/secureus.se\/fi\/rokdetektor-s65-tradbunden\/","title":{"rendered":"Apollo 55000-317APO -savuilmaisin S65 Langallinen optinen savuilmaisin"},"content":{"rendered":"<p><strong>Optinen savuilmaisin tehokkaaseen palonvalvontaan:<\/strong> Savunilmaisin S65 on erinomainen lis\u00e4varuste DSC PowerSeries Neo- ja muihin murtoh\u00e4lyttimiin, jotka vaativat relepohjan.<\/p>\n<p>Innovatiivisen heijastuskammion ansiosta se havaitsee nopeasti paloa osoittavat savuhiukkaset ja antaa luotettavan ja nopean varoituksen.<\/p>\n<p><strong>Ominaisuudet ja edut:<\/strong><\/p>\n<ul>\n<li><strong>Optinen tunnistus:<\/strong> K\u00e4ytt\u00e4\u00e4 valon heijastusta havaitakseen nopeasti savun ja tulen.<\/li>\n<li><strong>Ilmavirta:<\/strong> Ilman nopeus tai ilmanpaine ei vaikuta siihen, mik\u00e4 varmistaa luotettavan toiminnan.<\/li>\n<li><strong>H\u00e4lytysilmaisin:<\/strong> Varustettu LED-valolla selke\u00e4\u00e4 visuaalista varoitusta varten.<\/li>\n<\/ul>\n<p><strong>Tekniset tiedot:<\/strong><\/p>\n<ul>\n<li><strong>J\u00e4nnite:<\/strong> 9-33V DC<\/li>\n<li><strong>Virrankulutus:<\/strong> 30-50\u03bcA 24V DC<\/li>\n<li><strong>Normaali h\u00e4lytysvirta:<\/strong>\n<ul>\n<li>10V = 18mA<\/li>\n<li>24V = 52mA<\/li>\n<\/ul>\n<\/li>\n<li><strong>H\u00e4lytyksen palautumisaika:<\/strong> 1 sek.<\/li>\n<li><strong>L\u00e4mp\u00f6tila-alue:<\/strong> -20 \u00b0C - +60 \u00b0C<\/li>\n<li><strong>Kosteus:<\/strong> 0% - 95%, ei kondensoituva<\/li>\n<li><strong>Mitata:<\/strong> 100 x 42 mm (ilmaisin), 100 x 50 mm (tunnistin jalustalla)<\/li>\n<li><strong>Paino:<\/strong> 99 g (detektori), 150 g (anturi pohjalla)<\/li>\n<\/ul>","protected":false},"excerpt":{"rendered":"<p>Savunilmaisin S65 on optinen savuilmaisin, joka on suunniteltu DSC NEO- ja murtoh\u00e4lyttimiin.<\/p>\n<p>Heijastuskammion avulla se havaitsee tehokkaasti savun ja tulipalohiukkaset ja reagoi nopeasti vaaratilanteessa.<\/p>\n<p>Se on helppo asentaa relekannattimella ja sopii erinomaisesti sek\u00e4 koteihin ett\u00e4 liikerakennuksiin.<\/p>","protected":false},"featured_media":162855,"template":"","meta":{"_acf_changed":false},"product_brand":[],"product_cat":[4747,3373],"product_tag":[3311,3025,2704],"class_list":{"0":"post-83400","1":"product","2":"type-product","3":"status-publish","4":"has-post-thumbnail","6":"product_cat-65-serien","7":"product_cat-rokdetektorer","8":"product_tag-dsc-neo-svensk-manual","9":"product_tag-tradbundna-rokdetektorer-for-neo","10":"product_tag-utvalda-produkter-fran-apollo","11":"product_shipping_class-postnord-varubrev","12":"pa_brands-apollo-fire-detectors","13":"tm-has-options","15":"first","16":"instock","17":"sale","18":"featured","19":"taxable","20":"shipping-taxable","21":"purchasable","22":"product-type-simple"},"acf":[],"_links":{"self":[{"href":"https:\/\/secureus.se\/fi\/wp-json\/wp\/v2\/product\/83400","targetHints":{"allow":["GET"]}}],"collection":[{"href":"https:\/\/secureus.se\/fi\/wp-json\/wp\/v2\/product"}],"about":[{"href":"https:\/\/secureus.se\/fi\/wp-json\/wp\/v2\/types\/product"}],"wp:featuredmedia":[{"embeddable":true,"href":"https:\/\/secureus.se\/fi\/wp-json\/wp\/v2\/media\/162855"}],"wp:attachment":[{"href":"https:\/\/secureus.se\/fi\/wp-json\/wp\/v2\/media?parent=83400"}],"wp:term":[{"taxonomy":"product_brand","embeddable":true,"href":"https:\/\/secureus.se\/fi\/wp-json\/wp\/v2\/product_brand?post=83400"},{"taxonomy":"product_cat","embeddable":true,"href":"https:\/\/secureus.se\/fi\/wp-json\/wp\/v2\/product_cat?post=83400"},{"taxonomy":"product_tag","embeddable":true,"href":"https:\/\/secureus.se\/fi\/wp-json\/wp\/v2\/product_tag?post=83400"}],"curies":[{"name":"wp","href":"https:\/\/api.w.org\/{rel}","templated":true}]}}