{"id":83927,"date":"2023-09-27T17:59:52","date_gmt":"2023-09-27T15:59:52","guid":{"rendered":"https:\/\/secureus.se\/produkt\/eltryckeslas-815c-50-hi-o-arx-sats\/"},"modified":"2026-04-23T12:23:17","modified_gmt":"2026-04-23T10:23:17","slug":"eltryckeslas-815c-50-hi-o-arx-sats","status":"publish","type":"product","link":"https:\/\/secureus.se\/fi\/eltryckeslas-815c-50-hi-o-arx-sats\/","title":{"rendered":"S\u00e4hk\u00f6inen painelukko 815C-50 Hi-O ARX Kit"},"content":{"rendered":"<p>ASSA ABLOY 815C-50 Hi-O on Velox-sarjan s\u00e4hk\u00f6inen painelukko, joka on sovitettu korkeataajuisiin oviin, joissa on ASSA-moduuli tai Connecturtag. Sopii hyvin p\u00e4iv\u00e4lukkoon<\/p>\n<div>ja sis\u00e4inen lukitus kaupassa, toimistoissa ja teollisuudessa tai monikotitalojen sis\u00e4\u00e4nk\u00e4ynneiss\u00e4 ja julkisissa tiloissa. Sertifioitu standardin SS-EN 179 mukaan, mik\u00e4 mahdollistaa asennuksen poistumisreitille. 815C-50 on digitaalinen lukko, joka perustuu CAN-v\u00e4yl\u00e4tekniikkaan Hi-O. Hi-O tarkoittaa, ett\u00e4 laitteissa on sis\u00e4\u00e4nrakennettu mikrotietokone ja ne kommunikoivat kesken\u00e4\u00e4n plug-and-play-asennusta, oven toiminnan synkronointia, k\u00e4ytt\u00e4ytymisen seurantaa ja diagnostisten tietojen l\u00e4hett\u00e4mist\u00e4 varten. Hi-O-laite on liitett\u00e4v\u00e4 Hi-O-v\u00e4yl\u00e4\u00e4n DAC 530\/564:n kautta, vaihtoehtoisesti analogiseen j\u00e4rjestelm\u00e4\u00e4n I\/O BOX 350:n kautta. I\/O BOX 350 mahdollistaa digitaalisen Hi-O-lukon asennuksen. analogiseen releohjattavaan laitokseen.<\/div>\n<div>\n<p><b>Sarjan paketti sis\u00e4lt\u00e4\u00e4:<\/b><br \/>\nS\u00e4hk\u00f6inen painelukkokotelo 815C-50, Liit\u00e4nt\u00e4kaapeli EA226 (10m), Magneetti P\u00e4\u00e4tylevylle 1487 ja 2 kpl. painetapit 520H 43 mm.<\/p>\n<div>\n<b>Ominaisuudet:<\/b><\/div>\n<div>\n<ul>\n<li>Split-toiminto, s\u00e4hk\u00f6isesti ohjattu ulkopuolella, mekaanisesti kytketty sis\u00e4lle (jaettu kara)<\/li>\n<li>Helposti vaihdettava s\u00e4hk\u00f6isesti\/mekaanisesti toimiva puoli<\/li>\n<li>Helposti s\u00e4\u00e4dett\u00e4v\u00e4 eteen\/taakse-toiminto<\/li>\n<li>K\u00e4\u00e4nnett\u00e4v\u00e4 pudotusm\u00e4nt\u00e4 oikealle tai vasemmalle ripustetuille oville<\/li>\n<li>Lukittu paineh\u00e4vi\u00f6<\/li>\n<li>Lukkoa voi aina k\u00e4ytt\u00e4\u00e4 avaimella\/nupilla<\/li>\n<li>Hyv\u00e4ksytty asennettavaksi palokennorajaan E\/EI 120<\/li>\n<li>Sertifioitu SSF 3522-1093, luokan 1 ja SS-EN 179 mukaan<\/li>\n<li>Hyv\u00e4ksytty yhdistett\u00e4v\u00e4ksi h\u00e4t\u00e4evakuointiliittimen 179J kanssa<\/li>\n<li>Uudelleenk\u00e4ytt\u00f6toiminto voidaan aktivoida I\/O BOX 350:n kautta evakuointi-\/paloh\u00e4lyttimen signaalilla<\/li>\n<li>Monitoiminen<\/li>\n<li>Monij\u00e4nnite 12-24V<\/li>\n<li>Tilan\u00e4ytt\u00f6 saatavilla Hi-O-v\u00e4yl\u00e4ss\u00e4 ja releen kautta I\/O BOX 350:ss\u00e4 (katso tuotelehte\u00e4)<\/li>\n<\/ul>\n<\/div>\n<div><\/div>\n<div>\n<p><b>Teht\u00e4v\u00e4:<\/b><\/p>\n<ul>\n<li>Paine aktivoidaan s\u00e4hk\u00f6isell\u00e4 ohjauksella ulkopuolelta ja ohjataan mekaanisesti sis\u00e4lt\u00e4, jota k\u00e4ytet\u00e4\u00e4n sitten oven avaamiseen.<\/li>\n<li>Ulkopuolinen paine aktivoituu s\u00e4hk\u00f6isesti p\u00e4\u00e4syj\u00e4rjestelm\u00e4n, koodilukon tai vastaavan signaalin kautta.<\/li>\n<li>Sis\u00e4puolen paine on mekaanisesti kytketty, joten painonappia ei tarvitse kytke\u00e4.<\/li>\n<li>S\u00e4hk\u00f6inen ohjaustoiminto voidaan asettaa oikealta\/vasemmalta, sis\u00e4\u00e4n\/ulos.<\/li>\n<\/ul>\n<\/div>\n<\/div>","protected":false},"excerpt":{"rendered":"<h5><a href=\"https:\/\/elslutblecksguiden.se\/\" target=\"_blank\" rel=\"noopener\">Opas ASSA S\u00e4hk\u00f6lukot, moottorilukot, S\u00e4hk\u00f6iset vastalevyt ja vaihto-opas<\/a><\/h5>","protected":false},"featured_media":139672,"template":"","meta":{"_acf_changed":false},"product_brand":[],"product_cat":[2429],"product_tag":[4424,2967],"class_list":{"0":"post-83927","1":"product","2":"type-product","3":"status-publish","4":"has-post-thumbnail","6":"product_cat-ellas","7":"product_tag-eltryckeslas-815","8":"product_tag-rg-assa-abloy","9":"product_shipping_class-tunga-paket","10":"pa_brands-abloy","11":"tm-no-options","13":"first","14":"onbackorder","15":"sale","16":"taxable","17":"shipping-taxable","18":"purchasable","19":"product-type-simple"},"acf":[],"_links":{"self":[{"href":"https:\/\/secureus.se\/fi\/wp-json\/wp\/v2\/product\/83927","targetHints":{"allow":["GET"]}}],"collection":[{"href":"https:\/\/secureus.se\/fi\/wp-json\/wp\/v2\/product"}],"about":[{"href":"https:\/\/secureus.se\/fi\/wp-json\/wp\/v2\/types\/product"}],"wp:featuredmedia":[{"embeddable":true,"href":"https:\/\/secureus.se\/fi\/wp-json\/wp\/v2\/media\/139672"}],"wp:attachment":[{"href":"https:\/\/secureus.se\/fi\/wp-json\/wp\/v2\/media?parent=83927"}],"wp:term":[{"taxonomy":"product_brand","embeddable":true,"href":"https:\/\/secureus.se\/fi\/wp-json\/wp\/v2\/product_brand?post=83927"},{"taxonomy":"product_cat","embeddable":true,"href":"https:\/\/secureus.se\/fi\/wp-json\/wp\/v2\/product_cat?post=83927"},{"taxonomy":"product_tag","embeddable":true,"href":"https:\/\/secureus.se\/fi\/wp-json\/wp\/v2\/product_tag?post=83927"}],"curies":[{"name":"wp","href":"https:\/\/api.w.org\/{rel}","templated":true}]}}