{"id":83933,"date":"2023-09-27T17:59:47","date_gmt":"2023-09-27T15:59:47","guid":{"rendered":"https:\/\/secureus.se\/produkt\/eltryckeslas-pe580-omstallbar-12-24v\/"},"modified":"2026-03-25T15:43:01","modified_gmt":"2026-03-25T14:43:01","slug":"eltryckeslas-pe580-omstallbar-12-24v","status":"publish","type":"product","link":"https:\/\/secureus.se\/fi\/eltryckeslas-pe580-omstallbar-12-24v\/","title":{"rendered":"S\u00e4hk\u00f6inen painelukko PE580 S\u00e4\u00e4dett\u00e4v\u00e4 12-24V"},"content":{"rendered":"<p><\/p>\n<div>PE 580 kuuluu s\u00e4hk\u00f6isten ty\u00f6nt\u00f6lukkojen perheeseen, joissa on jaettu karatoiminto, joka on sovitettu k\u00e4ytett\u00e4v\u00e4ksi paniikkis\u00e4\u00e4nn\u00f6n 1141 kanssa. Se t\u00e4ytt\u00e4\u00e4 standardin SS-EN1125 vaatimukset. PE580 on s\u00e4hk\u00f6mekaanisesti ohjattu painetoimintolukko, joka on monitoimityyppinen. P\u00e4iv\u00e4lukkotyyppinen ja sopii hyvin liikerakennuksiin, sis\u00e4lukitus- ja ulko-oviin kerrostaloissa. Jaetuissa lukoissa on yhdistelm\u00e4 mekaanisia ja s\u00e4hk\u00f6isi\u00e4 toimintoja, mik\u00e4 mahdollistaa paniikkievakuoinnin ilman s\u00e4hk\u00f6ist\u00e4 ohjausta. PE580:ssa on kaksi integroitua mikrokytkint\u00e4, jotka osoittavat m\u00e4nn\u00e4n asennon sek\u00e4 avautumisen paniikkiohjauksella. Lukkoa voidaan aina k\u00e4ytt\u00e4\u00e4 mekaanisesti sylinterill\u00e4 tai nupilla. Lukko lukittuu automaattisesti, kun ovi suljetaan.\u00a0<\/div>\n<div><b>Ominaisuudet\u00a0<\/b><\/div>\n<div>\n<ul>\n<li>Split-toiminto<\/li>\n<li>Ulkokahva on s\u00e4hk\u00f6ohjattu<\/li>\n<li>Voidaan aina avata sis\u00e4lt\u00e4 ASSA ABLOY 1141 paniikkilukolla<\/li>\n<li>Lukkoa voidaan ohjata s\u00e4hk\u00f6isesti mm. p\u00e4\u00e4syj\u00e4rjestelm\u00e4st\u00e4 tai avauspainikkeesta tai ajastimesta<\/li>\n<li>Helposti k\u00e4\u00e4nnett\u00e4v\u00e4 oikea\/vasen\u00a0<\/li>\n<li>Kytkett\u00e4v\u00e4 Eteen\/taakse-toiminto (lukittu tai avattu j\u00e4nnitteett\u00f6m\u00e4ss\u00e4 tilassa)<\/li>\n<li>S\u00e4\u00e4nt\u00f6 toteutuu vain, kun ovi suljetaan<\/li>\n<li>Kaikki kaapelit on varustettu liittimill\u00e4 helppoa asennusta varten liit\u00e4nt\u00e4kaapelilla EA220<\/li>\n<li>Karan syvyys 50 mm\n<\/li>\n<\/ul>\n<\/div>\n<div><b>Tekniset tiedot<\/b><\/div>\n<div>\n<ul>\n<li>J\u00e4nnite 12 \u2013 24 V DC (-10%\/+15%, henkil\u00f6kunta)<\/li>\n<li>Virrankulutus: Max: 550 mA (12V DC), Lepo: 240 mA (12V DC)\u00a0<\/li>\n<li>L\u00e4mp\u00f6tila-alue: -20 \u2013 +60\u00b0C<\/li>\n<\/ul>\n<\/div>","protected":false},"excerpt":{"rendered":"<h5><a href=\"https:\/\/elslutblecksguiden.se\/\" target=\"_blank\" rel=\"noopener\">Opas ASSA S\u00e4hk\u00f6lukot, moottorilukot, S\u00e4hk\u00f6iset vastalevyt ja vaihto-opas<\/a><\/h5>","protected":false},"featured_media":139544,"template":"","meta":{"_acf_changed":false},"product_brand":[],"product_cat":[2429],"product_tag":[2967],"class_list":{"0":"post-83933","1":"product","2":"type-product","3":"status-publish","4":"has-post-thumbnail","6":"product_cat-ellas","7":"product_tag-rg-assa-abloy","8":"product_shipping_class-tunga-paket","9":"pa_brands-abloy","10":"tm-no-options","12":"first","13":"onbackorder","14":"sale","15":"taxable","16":"shipping-taxable","17":"purchasable","18":"product-type-simple"},"acf":[],"_links":{"self":[{"href":"https:\/\/secureus.se\/fi\/wp-json\/wp\/v2\/product\/83933","targetHints":{"allow":["GET"]}}],"collection":[{"href":"https:\/\/secureus.se\/fi\/wp-json\/wp\/v2\/product"}],"about":[{"href":"https:\/\/secureus.se\/fi\/wp-json\/wp\/v2\/types\/product"}],"wp:featuredmedia":[{"embeddable":true,"href":"https:\/\/secureus.se\/fi\/wp-json\/wp\/v2\/media\/139544"}],"wp:attachment":[{"href":"https:\/\/secureus.se\/fi\/wp-json\/wp\/v2\/media?parent=83933"}],"wp:term":[{"taxonomy":"product_brand","embeddable":true,"href":"https:\/\/secureus.se\/fi\/wp-json\/wp\/v2\/product_brand?post=83933"},{"taxonomy":"product_cat","embeddable":true,"href":"https:\/\/secureus.se\/fi\/wp-json\/wp\/v2\/product_cat?post=83933"},{"taxonomy":"product_tag","embeddable":true,"href":"https:\/\/secureus.se\/fi\/wp-json\/wp\/v2\/product_tag?post=83933"}],"curies":[{"name":"wp","href":"https:\/\/api.w.org\/{rel}","templated":true}]}}