{"id":83937,"date":"2023-09-27T17:58:47","date_gmt":"2023-09-27T15:58:47","guid":{"rendered":"https:\/\/secureus.se\/produkt\/eltryckeslas-el588-hi-o\/"},"modified":"2026-03-25T15:43:09","modified_gmt":"2026-03-25T14:43:09","slug":"eltryckeslas-el588-hi-o","status":"publish","type":"product","link":"https:\/\/secureus.se\/fi\/eltryckeslas-el588-hi-o\/","title":{"rendered":"S\u00e4hk\u00f6inen ty\u00f6nt\u00f6lukko EL588 Hi-O"},"content":{"rendered":"<p>\nABLOY-monitoimis\u00e4hk\u00f6painelukot EL588 on sovitettu korkeataajuisiin oviin, joissa on ASSA ABLOY -moduulisyvennykset. Soveltuu p\u00e4iv\u00e4- ja sis\u00e4lukitukseksi kaupassa, toimistoissa ja teollisuudessa tai kerrostalojen sis\u00e4\u00e4nk\u00e4ynneiss\u00e4 ja julkisissa tiloissa. EL588 on Hi-O-lukkokotelo, joka voidaan liitt\u00e4\u00e4 Hi-O-v\u00e4yl\u00e4\u00e4n. Hi-O tarkoittaa, ett\u00e4 laitteissa on sis\u00e4\u00e4nrakennettu mikrotietokone ja ne kommunikoivat kesken\u00e4\u00e4n plug-and-play-asennusta, oven toiminnan synkronointia, k\u00e4ytt\u00e4ytymisen seurantaa ja diagnostisten tietojen l\u00e4hett\u00e4mist\u00e4 varten.<\/p>\n<p><b>Ominaisuudet<\/b><\/p>\n<div>\n<ul>\n<li>Lukittu paineh\u00e4vi\u00f6\u00a0\u00a0<\/li>\n<li>Lukkoa voi aina k\u00e4ytt\u00e4\u00e4 sylinterill\u00e4\/nupilla\u00a0\u00a0<\/li>\n<li>Monitoiminen\u00a0<\/li>\n<li>Helposti vaihdettava eteen- tai taaksep\u00e4in-toiminto (lukittu tai avattu j\u00e4nnitteett\u00f6m\u00e4ss\u00e4 tilassa)<\/li>\n<li>Muuttuva pudotusuloke 20 mm tai 14 mm\u00a0<\/li>\n<li>2 mikrokytkint\u00e4: Lukitus (oviasento), Puristusliike<\/li>\n<li>Karan syvyys 50 mm\u00a0\u00a0<\/li>\n<li>Kaikki kaapelit on varustettu liittimill\u00e4 helppoa asennusta varten liit\u00e4nt\u00e4kaapelilla EA226\u00a0\u00a0<\/li>\n<li>Hi-O tekniikka<\/li>\n<\/ul>\n<p><b>Teht\u00e4v\u00e4:<\/b><\/div>\n<div>\n<ul>\n<li>Ulko- ja sis\u00e4paine s\u00e4hk\u00f6k\u00e4ytt\u00f6inen<\/li>\n<\/ul>\n<\/div>\n<div><b><br \/>Tekniset tiedot:<\/b><\/p>\n<ul>\n<li>K\u00e4ytt\u00f6j\u00e4nnite: 12 \u2013 24 VDC, stab<\/li>\n<li>Virrankulutus 580-280 mA, 12 VDC 300-160 mA, 24 VDC<\/li>\n<\/ul>\n<\/div>","protected":false},"excerpt":{"rendered":"<h5><a href=\"https:\/\/elslutblecksguiden.se\/\" target=\"_blank\" rel=\"noopener\">Opas ASSA S\u00e4hk\u00f6lukot, moottorilukot, S\u00e4hk\u00f6iset vastalevyt ja vaihto-opas<\/a><\/h5>","protected":false},"featured_media":139684,"template":"","meta":{"_acf_changed":false},"product_brand":[],"product_cat":[2429],"product_tag":[2967],"class_list":{"0":"post-83937","1":"product","2":"type-product","3":"status-publish","4":"has-post-thumbnail","6":"product_cat-ellas","7":"product_tag-rg-assa-abloy","8":"product_shipping_class-tunga-paket","9":"pa_brands-abloy","10":"tm-no-options","12":"first","13":"onbackorder","14":"sale","15":"taxable","16":"shipping-taxable","17":"purchasable","18":"product-type-simple"},"acf":[],"_links":{"self":[{"href":"https:\/\/secureus.se\/fi\/wp-json\/wp\/v2\/product\/83937","targetHints":{"allow":["GET"]}}],"collection":[{"href":"https:\/\/secureus.se\/fi\/wp-json\/wp\/v2\/product"}],"about":[{"href":"https:\/\/secureus.se\/fi\/wp-json\/wp\/v2\/types\/product"}],"wp:featuredmedia":[{"embeddable":true,"href":"https:\/\/secureus.se\/fi\/wp-json\/wp\/v2\/media\/139684"}],"wp:attachment":[{"href":"https:\/\/secureus.se\/fi\/wp-json\/wp\/v2\/media?parent=83937"}],"wp:term":[{"taxonomy":"product_brand","embeddable":true,"href":"https:\/\/secureus.se\/fi\/wp-json\/wp\/v2\/product_brand?post=83937"},{"taxonomy":"product_cat","embeddable":true,"href":"https:\/\/secureus.se\/fi\/wp-json\/wp\/v2\/product_cat?post=83937"},{"taxonomy":"product_tag","embeddable":true,"href":"https:\/\/secureus.se\/fi\/wp-json\/wp\/v2\/product_tag?post=83937"}],"curies":[{"name":"wp","href":"https:\/\/api.w.org\/{rel}","templated":true}]}}