{"id":83945,"date":"2023-09-27T17:58:38","date_gmt":"2023-09-27T15:58:38","guid":{"rendered":"https:\/\/secureus.se\/produkt\/eltryckeslas-el580l-lagenergi-rattvand-sats-12-24v\/"},"modified":"2026-04-08T15:58:12","modified_gmt":"2026-04-08T13:58:12","slug":"eltryckeslas-el580l-lagenergi-rattvand-sats-12-24v","status":"publish","type":"product","link":"https:\/\/secureus.se\/fi\/eltryckeslas-el580l-lagenergi-rattvand-sats-12-24v\/","title":{"rendered":"S\u00e4hk\u00f6inen ty\u00f6nt\u00f6lukko EL580L Matala energia Oikealle p\u00e4in 12-24V"},"content":{"rendered":"<p>\nABLOY monitoimis\u00e4hk\u00f6iset painelukot EL580L soveltuvat korkeataajuisiin oviin, joissa on ASSA ABLOY moduulipistorasiat, joissa vaaditaan pient\u00e4 energiankulutusta. Soveltuu p\u00e4iv\u00e4- ja sis\u00e4lukitukseksi kaupassa, toimistoissa ja teollisuudessa tai kerrostalojen sis\u00e4\u00e4nk\u00e4ynneiss\u00e4 ja julkisissa tiloissa. ABLOY EL580L:t\u00e4 voidaan k\u00e4ytt\u00e4\u00e4 palokennojen rajalla.<\/p>\n<div><b>Sarjan pakkaukseen sis\u00e4ltyv\u00e4t tarvikkeet:\u00a0<\/b><\/div>\n<div>S\u00e4hk\u00f6inen ty\u00f6nt\u00f6lukko EL580L, Liit\u00e4nt\u00e4kaapeli EA220, Rungon siirto EA281, Abloy-ty\u00f6nt\u00f6tapit jaettuun toimintolukon.<\/p>\n<\/div>\n<div><b>Ominaisuudet:<\/b><\/div>\n<div>\n<ul>\n<li>Split-toiminto (helposti kytkett\u00e4v\u00e4 s\u00e4hk\u00f6isesti\/mekaanisesti toimiva puoli)<\/li>\n<li>S\u00e4hk\u00f6k\u00e4ytt\u00f6inen ulkopaine<\/li>\n<li>Sis\u00e4puolen paine avaa lukon aina mekaanisesti\u00a0<\/li>\n<li>Alhainen energialukko\u00a0<\/li>\n<li>Lukittu paineh\u00e4vi\u00f6\u00a0<\/li>\n<li>Lukkoa voi aina k\u00e4ytt\u00e4\u00e4 sylinterill\u00e4\/nupilla\u00a0<\/li>\n<li>Monitoiminen\u00a0<\/li>\n<li>Oikealle suunnattu toiminto\u00a0<\/li>\n<li>Muuttuva pudotusuloke 20 mm tai 14 mm<\/li>\n<li>2 mikrokytkint\u00e4: Lukitus (oviasento), Puristusliike\u00a0<\/li>\n<li>Karan syvyys 50 mm\u00a0<\/li>\n<li>Kaikki kaapelit on varustettu liittimill\u00e4 helppoa asennusta varten liit\u00e4nt\u00e4kaapelilla EA220\u00a0<\/li>\n<li>T\u00e4ysin sovitettu ASSA ABLOY -syvennysstandardin mukaan<\/li>\n<\/ul>\n<\/div>\n<div><\/div>\n<div><b><\/b><\/div>\n<div><b>Tekniset tiedot<\/b><\/p>\n<ul>\n<li>K\u00e4ytt\u00f6j\u00e4nnite: 3,6 VDC (-0%) - 24 VDC (+15%) Stab<\/li>\n<li>Virrankulutus: Max. 350mA RMS\/100ms (moottorik\u00e4yt\u00f6ss\u00e4), lepo 0,08mA\u00a0<\/li>\n<li>Mikrokytkin: Yksinapainen kytkent\u00e4 Max. 30VDC, 400mA<\/li>\n<\/ul>\n<\/div>","protected":false},"excerpt":{"rendered":"<h5><a href=\"https:\/\/elslutblecksguiden.se\/\" target=\"_blank\" rel=\"noopener\">Opas ASSA S\u00e4hk\u00f6lukot, moottorilukot, S\u00e4hk\u00f6iset vastalevyt ja vaihto-opas<\/a><\/h5>","protected":false},"featured_media":139964,"template":"","meta":{"_acf_changed":false},"product_brand":[],"product_cat":[2429],"product_tag":[2967],"class_list":{"0":"post-83945","1":"product","2":"type-product","3":"status-publish","4":"has-post-thumbnail","6":"product_cat-ellas","7":"product_tag-rg-assa-abloy","8":"product_shipping_class-tunga-paket","9":"pa_brands-abloy","10":"tm-no-options","12":"first","13":"onbackorder","14":"sale","15":"taxable","16":"shipping-taxable","17":"purchasable","18":"product-type-simple"},"acf":[],"_links":{"self":[{"href":"https:\/\/secureus.se\/fi\/wp-json\/wp\/v2\/product\/83945","targetHints":{"allow":["GET"]}}],"collection":[{"href":"https:\/\/secureus.se\/fi\/wp-json\/wp\/v2\/product"}],"about":[{"href":"https:\/\/secureus.se\/fi\/wp-json\/wp\/v2\/types\/product"}],"wp:featuredmedia":[{"embeddable":true,"href":"https:\/\/secureus.se\/fi\/wp-json\/wp\/v2\/media\/139964"}],"wp:attachment":[{"href":"https:\/\/secureus.se\/fi\/wp-json\/wp\/v2\/media?parent=83945"}],"wp:term":[{"taxonomy":"product_brand","embeddable":true,"href":"https:\/\/secureus.se\/fi\/wp-json\/wp\/v2\/product_brand?post=83945"},{"taxonomy":"product_cat","embeddable":true,"href":"https:\/\/secureus.se\/fi\/wp-json\/wp\/v2\/product_cat?post=83945"},{"taxonomy":"product_tag","embeddable":true,"href":"https:\/\/secureus.se\/fi\/wp-json\/wp\/v2\/product_tag?post=83945"}],"curies":[{"name":"wp","href":"https:\/\/api.w.org\/{rel}","templated":true}]}}