{"id":83947,"date":"2023-09-27T17:58:37","date_gmt":"2023-09-27T15:58:37","guid":{"rendered":"https:\/\/secureus.se\/produkt\/eltryckeslas-813c-50-hi-o-arx-sats\/"},"modified":"2026-04-08T15:58:11","modified_gmt":"2026-04-08T13:58:11","slug":"eltryckeslas-813c-50-hi-o-arx-sats","status":"publish","type":"product","link":"https:\/\/secureus.se\/fi\/eltryckeslas-813c-50-hi-o-arx-sats\/","title":{"rendered":"S\u00e4hk\u00f6inen painelukko 813C-50 Hi-O ARX Kit"},"content":{"rendered":"<p>ASSA ABLOY 813C-50 Hi-O on Velox-sarjan s\u00e4hk\u00f6inen painelukko, joka on sovitettu korkeataajuisiin oviin, joissa on ASSA-moduuli tai Connecturtag. Soveltuu p\u00e4iv\u00e4- ja sis\u00e4lukitukseksi kaupassa, toimistoissa ja teollisuudessa tai kerrostalojen sis\u00e4\u00e4nk\u00e4ynneiss\u00e4 ja julkisissa tiloissa. 813C-50 on digitaalinen lukko, joka perustuu CAN-v\u00e4yl\u00e4tekniikkaan Hi-O. Hi-O tarkoittaa, ett\u00e4 laitteissa on sis\u00e4\u00e4nrakennettu mikrotietokone ja ne kommunikoivat kesken\u00e4\u00e4n plug-and-play-asennusta, oven toiminnan synkronointia, k\u00e4ytt\u00e4ytymisen seurantaa ja diagnostisten tietojen l\u00e4hett\u00e4mist\u00e4 varten. Hi-O-laite on liitett\u00e4v\u00e4 Hi-O-v\u00e4yl\u00e4\u00e4n DAC 530\/564:n kautta, vaihtoehtoisesti analogiseen j\u00e4rjestelm\u00e4\u00e4n I\/O BOX 350:n kautta. I\/O BOX 350 mahdollistaa digitaalisen Hi-O-lukon asennuksen. analogiseen releohjattavaan laitokseen.<\/p>\n<p><b>Sarjan paketti sis\u00e4lt\u00e4\u00e4:<\/b><\/p>\n<p>S\u00e4hk\u00f6inen painelukkokotelo 813C-50, Liit\u00e4nt\u00e4kaapeli EA226 (10m), Magneetti P\u00e4\u00e4tylevylle 1487 ja 2 kpl. painetapit 520H 43 mm.<\/p>\n<div>\n<b>Ominaisuudet:<\/b><\/div>\n<div>\n<ul>\n<li>Yksinkertainen toiminto, s\u00e4hk\u00f6isesti ohjattu sis\u00e4lt\u00e4 ja ulkoa (kiinte\u00e4 kara)<\/li>\n<li>Lukittu paineh\u00e4vi\u00f6<\/li>\n<li>Lukkoa voi aina k\u00e4ytt\u00e4\u00e4 avaimella\/nupilla<\/li>\n<li>Hyv\u00e4ksytty asennettavaksi palokennorajaan E\/EI 120<\/li>\n<li>Sertifioitu SSF 3522-1093, luokan 1 mukaisesti.<\/li>\n<li>Monitoiminen<\/li>\n<li>Helposti s\u00e4\u00e4dett\u00e4v\u00e4 eteen\/taakse-toiminto<\/li>\n<li>K\u00e4\u00e4nnett\u00e4v\u00e4 pudotusm\u00e4nt\u00e4 oikealle tai vasemmalle ripustetuille oville<\/li>\n<li>Monij\u00e4nnite 12-24V<\/li>\n<li>Tilan\u00e4ytt\u00f6 saatavilla Hi-O-v\u00e4yl\u00e4ss\u00e4 ja releen kautta I\/O BOX 350:ss\u00e4 (katso tuotelehte\u00e4)<\/li>\n<\/ul>\n<\/div>\n<div><\/div>\n<div>\n<p><b>Teht\u00e4v\u00e4:<\/b><\/p>\n<ul>\n<li>Paine aktivoidaan s\u00e4hk\u00f6ohjauksella sis\u00e4lt\u00e4 ja ulkoa, jota k\u00e4ytet\u00e4\u00e4n sitten oven avaamiseen.<\/li>\n<li>Sis\u00e4- ja ulkopuolinen paine aktivoidaan s\u00e4hk\u00f6isesti Passer-j\u00e4rjestelm\u00e4n signaalin, koodilukon tai vastaavan kautta, vaihtoehtoisesti sis\u00e4paineen aktivointi kytket\u00e4\u00e4n avauspainikkeeseen.<\/li>\n<\/ul>\n<\/div>","protected":false},"excerpt":{"rendered":"<h5><a href=\"https:\/\/elslutblecksguiden.se\/\" target=\"_blank\" rel=\"noopener\">Opas ASSA S\u00e4hk\u00f6lukot, moottorilukot, S\u00e4hk\u00f6iset vastalevyt ja vaihto-opas<\/a><\/h5>","protected":false},"featured_media":139558,"template":"","meta":{"_acf_changed":false},"product_brand":[],"product_cat":[2429],"product_tag":[2967],"class_list":{"0":"post-83947","1":"product","2":"type-product","3":"status-publish","4":"has-post-thumbnail","6":"product_cat-ellas","7":"product_tag-rg-assa-abloy","8":"product_shipping_class-tunga-paket","9":"pa_brands-abloy","10":"tm-no-options","12":"first","13":"onbackorder","14":"sale","15":"taxable","16":"shipping-taxable","17":"purchasable","18":"product-type-simple"},"acf":[],"_links":{"self":[{"href":"https:\/\/secureus.se\/fi\/wp-json\/wp\/v2\/product\/83947","targetHints":{"allow":["GET"]}}],"collection":[{"href":"https:\/\/secureus.se\/fi\/wp-json\/wp\/v2\/product"}],"about":[{"href":"https:\/\/secureus.se\/fi\/wp-json\/wp\/v2\/types\/product"}],"wp:featuredmedia":[{"embeddable":true,"href":"https:\/\/secureus.se\/fi\/wp-json\/wp\/v2\/media\/139558"}],"wp:attachment":[{"href":"https:\/\/secureus.se\/fi\/wp-json\/wp\/v2\/media?parent=83947"}],"wp:term":[{"taxonomy":"product_brand","embeddable":true,"href":"https:\/\/secureus.se\/fi\/wp-json\/wp\/v2\/product_brand?post=83947"},{"taxonomy":"product_cat","embeddable":true,"href":"https:\/\/secureus.se\/fi\/wp-json\/wp\/v2\/product_cat?post=83947"},{"taxonomy":"product_tag","embeddable":true,"href":"https:\/\/secureus.se\/fi\/wp-json\/wp\/v2\/product_tag?post=83947"}],"curies":[{"name":"wp","href":"https:\/\/api.w.org\/{rel}","templated":true}]}}