{"id":83953,"date":"2023-09-27T17:58:32","date_gmt":"2023-09-27T15:58:32","guid":{"rendered":"https:\/\/secureus.se\/produkt\/eltryckeslas-825c-50-hi-o-sats\/"},"modified":"2026-04-08T15:59:17","modified_gmt":"2026-04-08T13:59:17","slug":"eltryckeslas-825c-50-hi-o-sats","status":"publish","type":"product","link":"https:\/\/secureus.se\/fi\/eltryckeslas-825c-50-hi-o-sats\/","title":{"rendered":"S\u00e4hk\u00f6inen painelukko 825C-50 Hi-O Kit"},"content":{"rendered":"<p>ASSA ABLOY 825C-50 Hi-O on Velox-sarjan s\u00e4hk\u00f6inen painelukko, joka on sovitettu korkeataajuisiin oviin, joissa on ASSA-moduuli tai Connecturtag. Sopii hyvin p\u00e4iv\u00e4lukkoon<\/p>\n<div>ja sis\u00e4inen lukitus kaupassa, toimistoissa ja teollisuudessa tai monikotitalojen sis\u00e4\u00e4nk\u00e4ynneiss\u00e4 ja julkisissa tiloissa. Sertifioitu standardin SS-EN 179 mukaan, mik\u00e4 mahdollistaa asennuksen poistumisreitille. 825C-50 on digitaalinen lukko, joka perustuu CAN-v\u00e4yl\u00e4tekniikkaan Hi-O. Hi-O tarkoittaa, ett\u00e4 laitteissa on sis\u00e4\u00e4nrakennettu mikrotietokone ja ne kommunikoivat kesken\u00e4\u00e4n plug-and-play-asennusta, oven toiminnan synkronointia, k\u00e4ytt\u00e4ytymisen seurantaa ja diagnostisten tietojen l\u00e4hett\u00e4mist\u00e4 varten. Hi-O-laite on liitett\u00e4v\u00e4 Hi-O-v\u00e4yl\u00e4\u00e4n DAC 530\/564:n kautta, vaihtoehtoisesti analogiseen j\u00e4rjestelm\u00e4\u00e4n I\/O BOX 350:n kautta. I\/O BOX 350 mahdollistaa digitaalisen Hi-O-lukon asennuksen. analogiseen releohjattavaan laitokseen.<\/div>\n<div>\n<p><b>Sarjan paketti sis\u00e4lt\u00e4\u00e4:<\/b><br \/>\nS\u00e4hk\u00f6inen painelukkokotelo 825C-50, I\/O-Box350, Liit\u00e4nt\u00e4kaapeli EA226 (10m), P\u00e4\u00e4tylevy 1487-2 magneetilla, Runkovaihteisto EA281 ja 2 kpl. painetapit 520H 43 mm.<\/p>\n<div><b>Ominaisuudet:<\/b><\/div>\n<div>\n<ul>\n<li>Paineh\u00e4vi\u00f6 kytkett\u00e4v\u00e4 yksi- tai jaettu toiminto.<\/li>\n<li>Helposti vaihdettava s\u00e4hk\u00f6isesti\/mekaanisesti toimiva puoli<\/li>\n<li>Helposti s\u00e4\u00e4dett\u00e4v\u00e4 eteen\/taakse-toiminto<\/li>\n<li>Koukkus\u00e4\u00e4nt\u00f6 \u2026 mekaaninen lukituksen avaus\/automaattinen lukituksen avaaminen painallustoiminto aktivoituu<\/li>\n<li>K\u00e4\u00e4nnett\u00e4v\u00e4 pudotusm\u00e4nt\u00e4 oikealle tai vasemmalle ripustetuille oville<\/li>\n<li>Lukittu paineh\u00e4vi\u00f6<\/li>\n<li>Lukkoa voi aina k\u00e4ytt\u00e4\u00e4 avaimella\/nupilla<\/li>\n<li>Hyv\u00e4ksytty asennettavaksi palokennorajaan E\/EI 120<\/li>\n<li>Sertifioitu SSF 3522-1093, luokan 2\/2B ja SS-EN 179 mukaan<\/li>\n<li>Hyv\u00e4ksytty yhdistett\u00e4v\u00e4ksi h\u00e4t\u00e4evakuointiliittimen 179J kanssa<\/li>\n<li>Uudelleenk\u00e4ytt\u00f6toiminto voidaan aktivoida I\/O BOX 350:n kautta evakuointi-\/paloh\u00e4lyttimen signaalilla<\/li>\n<li>Monitoiminen<\/li>\n<li>Monij\u00e4nnite 12-24V<\/li>\n<li>Tilan\u00e4ytt\u00f6 saatavilla Hi-O-v\u00e4yl\u00e4ss\u00e4 ja releen kautta I\/O BOX 350:ss\u00e4 (katso tuotelehte\u00e4)<\/li>\n<\/ul>\n<\/div>\n<div><\/div>\n<div>\n<p><b>Teht\u00e4v\u00e4:<\/b><\/p>\n<ul>\n<li>Paine aktivoituu s\u00e4hk\u00f6isesti sis\u00e4lt\u00e4\/ulkoa tai vaihtoehtoisesti s\u00e4hk\u00f6isesti ohjattu ulkopuolelta ja mekaanisesti kytketty sis\u00e4lle, s\u00e4\u00e4dett\u00e4v\u00e4.<\/li>\n<li>S\u00e4hk\u00f6ohjattu ulkopuolelta, mekaanisesti kytketty sis\u00e4lt\u00e4 (jaettu kara)<\/li>\n<li>S\u00e4hk\u00f6isesti ohjattu ulkoa ja sis\u00e4lt\u00e4 (kiinte\u00e4 kara)<\/li>\n<li>Koukkutanko avataan manuaalisesti sylinterin tai nupin avulla<\/li>\n<li>Automaattinen sis\u00e4\u00e4nveto, koukkus\u00e4\u00e4nt\u00f6 vet\u00e4ytyy, kun paine aktivoituu<\/li>\n<\/ul>\n<\/div>\n<\/div>","protected":false},"excerpt":{"rendered":"<h5><a href=\"https:\/\/elslutblecksguiden.se\/\" target=\"_blank\" rel=\"noopener\">Opas ASSA S\u00e4hk\u00f6lukot, moottorilukot, S\u00e4hk\u00f6iset vastalevyt ja vaihto-opas<\/a><\/h5>","protected":false},"featured_media":140388,"template":"","meta":{"_acf_changed":false},"product_brand":[],"product_cat":[2429],"product_tag":[2967],"class_list":{"0":"post-83953","1":"product","2":"type-product","3":"status-publish","4":"has-post-thumbnail","6":"product_cat-ellas","7":"product_tag-rg-assa-abloy","8":"product_shipping_class-tunga-paket","9":"pa_brands-abloy","10":"tm-no-options","12":"first","13":"onbackorder","14":"sale","15":"taxable","16":"shipping-taxable","17":"purchasable","18":"product-type-simple"},"acf":[],"_links":{"self":[{"href":"https:\/\/secureus.se\/fi\/wp-json\/wp\/v2\/product\/83953","targetHints":{"allow":["GET"]}}],"collection":[{"href":"https:\/\/secureus.se\/fi\/wp-json\/wp\/v2\/product"}],"about":[{"href":"https:\/\/secureus.se\/fi\/wp-json\/wp\/v2\/types\/product"}],"wp:featuredmedia":[{"embeddable":true,"href":"https:\/\/secureus.se\/fi\/wp-json\/wp\/v2\/media\/140388"}],"wp:attachment":[{"href":"https:\/\/secureus.se\/fi\/wp-json\/wp\/v2\/media?parent=83953"}],"wp:term":[{"taxonomy":"product_brand","embeddable":true,"href":"https:\/\/secureus.se\/fi\/wp-json\/wp\/v2\/product_brand?post=83953"},{"taxonomy":"product_cat","embeddable":true,"href":"https:\/\/secureus.se\/fi\/wp-json\/wp\/v2\/product_cat?post=83953"},{"taxonomy":"product_tag","embeddable":true,"href":"https:\/\/secureus.se\/fi\/wp-json\/wp\/v2\/product_tag?post=83953"}],"curies":[{"name":"wp","href":"https:\/\/api.w.org\/{rel}","templated":true}]}}