{"id":83960,"date":"2023-10-05T11:38:23","date_gmt":"2023-10-05T09:38:23","guid":{"rendered":"https:\/\/secureus.se\/?post_type=product&#038;p=83960"},"modified":"2026-04-23T10:36:16","modified_gmt":"2026-04-23T08:36:16","slug":"rokdetektor-optisk-dp721i","status":"publish","type":"product","link":"https:\/\/secureus.se\/fi\/rokdetektor-optisk-dp721i\/","title":{"rendered":"Aritech \u2013 Optinen savuilmaisin DP721I"},"content":{"rendered":"<p>DP721I on kaksijohtiminen optinen savuilmaisin, jossa on vaihdettava savukammio, joka on tarkoitettu liitett\u00e4v\u00e4ksi perinteisiin keskuslaitteisiin.<\/p>\n<p>Ilmaisin t\u00e4ytt\u00e4\u00e4 standardin EN54 vaatimukset.<\/p>\n<p>DP721I toimii heijastuneen valon periaatteella ja patentoitu mittauskammio mahdollistaa turvallisen palon havaitsemisen jo varhaisessa vaiheessa.<\/p>\n<p>Kerran p\u00e4iv\u00e4ss\u00e4 suoritetaan elektroniikan ja mittauskammion t\u00e4ydellinen itsetestaus.<\/p>\n<p>Vian sattuessa ilmaisimeen syttyy keltainen LED, eik\u00e4 erityisi\u00e4 testauslaitteita tarvita.<\/p>\n<p>Esimerkiksi likaantumisesta johtuvat muutokset anturin herkkyydess\u00e4 kompensoidaan automaattisesti.<\/p>\n<p>T\u00e4ll\u00e4 tavalla alun perin EN54:n spesifikaation mukaan kalibroitu herkkyys s\u00e4ilyy ja aiheettomia h\u00e4lytyksi\u00e4 minimoidaan.<\/p>\n<p>Koska mittauskammio on helposti vaihdettava, huoltoa ja kunnossapitoa voidaan tehostaa.<\/p>\n<p>Ilmaisimen tila ja puhdistustarve voidaan tarkistaa sis\u00e4\u00e4nrakennetulla testitoiminnolla.<\/p>\n<p>Ominaisuudet: Automaattinen itsediagnoosi.<\/p>\n<p>Testaus paikan p\u00e4\u00e4ll\u00e4 ilman lis\u00e4mittalaitteita.<\/p>\n<p>Optinen anturi kammiolla, joka voidaan vaihtaa paikan p\u00e4\u00e4ll\u00e4 ja j\u00e4tt\u00e4\u00e4 kierr\u00e4tykseen (ymp\u00e4rist\u00f6yst\u00e4v\u00e4llinen).<\/p>\n<p>Erilliset LEDit paloa ja virhett\u00e4 varten.<\/p>\n<p>Voidaan sy\u00f6tt\u00e4\u00e4 12-24 VDC:ll\u00e4.<\/p>\n<p>Ei napaisuusherkk\u00e4.<\/p>\n<p>Korkea vastustuskyky v\u00e4\u00e4ri\u00e4 h\u00e4lytyksi\u00e4 vastaan.<\/p>\n<p>L\u00e4ht\u00f6 piilotetun ilmaisimen ilmaisulle.<\/p>\n<p>Hyv\u00e4ksytty EN 54:n mukaan ja CPR-sertifioitu.<\/p>\n<p>Tekniset tiedot: J\u00e4nnitesy\u00f6tt\u00f6: 8,5-33 VDC.<\/p>\n<p>Virrankulutus: 100 \u00b5A 24 VDC:ss\u00e4, &lt;60 mA h\u00e4lytyksess\u00e4.<\/p>\n<p>Mitat (\u00d8xK): 100\u00d750 mm.<\/p>\n<p>Paino: 112 g.<\/p>\n<p>V\u00e4ri: Valkoinen (RAL 9001).<\/p>\n<p>Standardi: EN54-7.<\/p>","protected":false},"excerpt":{"rendered":"<p>DP721I on kaksijohtiminen optinen savuilmaisin vaihdettavalla savukammiolla, joka on tarkoitettu liitett\u00e4v\u00e4ksi perinteisiin keskuslaitteisiin. Ilmaisin t\u00e4ytt\u00e4\u00e4 standardin EN54 vaatimukset. DP721I toimii heijastuneen valon ja patentoidun valon periaatteella<\/p>","protected":false},"featured_media":138915,"template":"","meta":{"_acf_changed":false},"product_brand":[],"product_cat":[3373,1756],"product_tag":[],"class_list":{"0":"post-83960","1":"product","2":"type-product","3":"status-publish","4":"has-post-thumbnail","6":"product_cat-rokdetektorer","7":"product_cat-rokdetektorer-kolmonoxid","8":"product_shipping_class-postnord-varubrev","9":"pa_brands-aritech","10":"tm-no-options","12":"first","13":"onbackorder","14":"sale","15":"taxable","16":"shipping-taxable","17":"purchasable","18":"product-type-simple"},"acf":[],"_links":{"self":[{"href":"https:\/\/secureus.se\/fi\/wp-json\/wp\/v2\/product\/83960","targetHints":{"allow":["GET"]}}],"collection":[{"href":"https:\/\/secureus.se\/fi\/wp-json\/wp\/v2\/product"}],"about":[{"href":"https:\/\/secureus.se\/fi\/wp-json\/wp\/v2\/types\/product"}],"wp:featuredmedia":[{"embeddable":true,"href":"https:\/\/secureus.se\/fi\/wp-json\/wp\/v2\/media\/138915"}],"wp:attachment":[{"href":"https:\/\/secureus.se\/fi\/wp-json\/wp\/v2\/media?parent=83960"}],"wp:term":[{"taxonomy":"product_brand","embeddable":true,"href":"https:\/\/secureus.se\/fi\/wp-json\/wp\/v2\/product_brand?post=83960"},{"taxonomy":"product_cat","embeddable":true,"href":"https:\/\/secureus.se\/fi\/wp-json\/wp\/v2\/product_cat?post=83960"},{"taxonomy":"product_tag","embeddable":true,"href":"https:\/\/secureus.se\/fi\/wp-json\/wp\/v2\/product_tag?post=83960"}],"curies":[{"name":"wp","href":"https:\/\/api.w.org\/{rel}","templated":true}]}}