{"id":83962,"date":"2023-10-05T11:38:27","date_gmt":"2023-10-05T09:38:27","guid":{"rendered":"https:\/\/secureus.se\/?post_type=product&#038;p=83962"},"modified":"2026-04-27T12:21:52","modified_gmt":"2026-04-27T10:21:52","slug":"detektorsockel-db702","status":"publish","type":"product","link":"https:\/\/secureus.se\/fi\/detektorsockel-db702\/","title":{"rendered":"ILMAISIN DB702"},"content":{"rendered":"<p>Pistoke ilmaisimille, joissa on rinnakkaisilmaisin ja relel\u00e4hd\u00f6t.<\/p>\n<p>DB702 on liit\u00e4nt\u00e4 Aritechin 700-sarjan perinteisille ilmaisimille.<\/p>\n<p>Jalustassa on hyppyjohdin, joka mahdollistaa johdotuksen testauksen asennuksen aikana (NC).<\/p>\n<p>Kun ilmaisin asennetaan pistorasiaan, kosketin vaihtaa toiminnon (NO) vakiovalvontaan.<\/p>\n<p>Jalusta on varustettu lukitusmekanismilla, joka suojaa tunnistimen luvattomalta purkamiselta.<\/p>","protected":false},"excerpt":{"rendered":"<p>Pistoke ilmaisimille, joissa on rinnakkaisilmaisin ja relel\u00e4hd\u00f6t. DB702 on liit\u00e4nt\u00e4 Aritechin 700-sarjan perinteisille ilmaisimille. Jalustassa on hyppyjohdin, joka mahdollistaa johdotuksen testauksen asennuksen aikana (NC). klo<\/p>","protected":false},"featured_media":140020,"template":"","meta":{"_acf_changed":false},"product_brand":[],"product_cat":[1756,3373],"product_tag":[],"class_list":{"0":"post-83962","1":"product","2":"type-product","3":"status-publish","4":"has-post-thumbnail","6":"product_cat-rokdetektorer-kolmonoxid","7":"product_cat-rokdetektorer","8":"product_shipping_class-postnord-varubrev","9":"pa_brands-aritech","10":"tm-no-options","12":"first","13":"instock","14":"sale","15":"taxable","16":"shipping-taxable","17":"purchasable","18":"product-type-simple"},"acf":[],"_links":{"self":[{"href":"https:\/\/secureus.se\/fi\/wp-json\/wp\/v2\/product\/83962","targetHints":{"allow":["GET"]}}],"collection":[{"href":"https:\/\/secureus.se\/fi\/wp-json\/wp\/v2\/product"}],"about":[{"href":"https:\/\/secureus.se\/fi\/wp-json\/wp\/v2\/types\/product"}],"wp:featuredmedia":[{"embeddable":true,"href":"https:\/\/secureus.se\/fi\/wp-json\/wp\/v2\/media\/140020"}],"wp:attachment":[{"href":"https:\/\/secureus.se\/fi\/wp-json\/wp\/v2\/media?parent=83962"}],"wp:term":[{"taxonomy":"product_brand","embeddable":true,"href":"https:\/\/secureus.se\/fi\/wp-json\/wp\/v2\/product_brand?post=83962"},{"taxonomy":"product_cat","embeddable":true,"href":"https:\/\/secureus.se\/fi\/wp-json\/wp\/v2\/product_cat?post=83962"},{"taxonomy":"product_tag","embeddable":true,"href":"https:\/\/secureus.se\/fi\/wp-json\/wp\/v2\/product_tag?post=83962"}],"curies":[{"name":"wp","href":"https:\/\/api.w.org\/{rel}","templated":true}]}}