{"id":84575,"date":"2022-11-18T13:06:47","date_gmt":"2022-11-18T12:06:47","guid":{"rendered":"https:\/\/secureus.se\/produkt\/rfid-tag-pvc-kombi-em4200-mifare1k-stnd-nr-2\/"},"modified":"2026-04-02T15:44:53","modified_gmt":"2026-04-02T13:44:53","slug":"rfid-tag-pvc-kombi-em4200-mifare1k-stnd-nr-2","status":"publish","type":"product","link":"https:\/\/secureus.se\/fi\/rfid-tag-pvc-kombi-em4200-mifare1k-stnd-nr-2\/","title":{"rendered":"RFID Tag PVC Combi EM4200\/Mifare1k Stnd"},"content":{"rendered":"<p><strong>T\u00e4ss\u00e4 on tunniste, jossa on vakionumerot kaiverrettu tunnisteeseen seuraaville j\u00e4rjestelmille.<\/strong>EM4200: RCO Security (R), , Axema VAKA (V), Bewator\/Vanderbilt (B), ASSA ARX (S) )Mifare: RCO (MFR), Axema VAKA (MFV), ASSA, Aptus, Bewator, Axema , Axema VAKA, Vanderbilt ja muut (MFD)<\/p>\n<p><strong>Design Tag - Luo ainutlaatuinen tyylisi<\/strong>L\u00f6yd\u00e4 ohuin RFID-tunniste, Design Tag, joka on vain 1,5 mm ohut. Se on valmistettu korkeakiiltoisesta PVC-materiaalista, joka antaa uskomattoman tyylikk\u00e4\u00e4n viimeistelyn ja elegantin kosketuksen sovelluksiisi.<\/p>\n<p><strong>Luo henkil\u00f6kohtainen profiilisi<\/strong>Design Tagg on t\u00e4ydellinen t\u00e4ydent\u00e4m\u00e4\u00e4n arkeasi, mutta se tarjoaa my\u00f6s mahdollisuuden profiloida yrityst\u00e4si. Lis\u00e4\u00e4 puhelinnumerosi, iskulause tai mainosta erityisi\u00e4 tapahtumia p\u00e4iv\u00e4m\u00e4\u00e4r\u00e4n ja aukioloajan kera. Vain mielikuvituksesi asettaa rajat sen k\u00e4yt\u00f6lle.<\/p>\n<p><strong>Laadukas valmistus pankkikorttien tyyliin<\/strong>Valmistamme Design Tagin samalla tekniikalla kuin pankki- ja luottokorteissa. T\u00e4m\u00e4 tarkoittaa, ett\u00e4 se on valmistettu PVC-materiaalista ja siihen voidaan painaa mill\u00e4 tahansa haluamallasi mallilla. Sitten painatuksen p\u00e4\u00e4lle levitet\u00e4\u00e4n suojaava muovikerros sen laadun ja toimivuuden varmistamiseksi.<\/p>\n<p><strong>Tuotantoaika: Noin 3 viikkoa<\/strong>Huomaa, ett\u00e4 jokaisen asiakkaan ainutlaatuisen valmistusprosessin vuoksi RFID-tunnistettamme &quot;PVC \/ Design&quot; ei voida toimittaa nopeasti. Haluamme tarjota sinulle parhaan mahdollisen tuotteen, ja siksi mukautetun etiketin valmistaminen kest\u00e4\u00e4 noin 3 viikkoa.<\/p>\n<p><strong>Hintaan sis\u00e4ltyy: R\u00e4\u00e4t\u00e4l\u00f6inti ja kaiverrus<\/strong>Kun valitset Design Taggin, voit luottaa t\u00e4ydelliseen mukautumiseen tarpeisiisi. L\u00e4het\u00e4 meille valokuvasi, logosi tai tekstisi, niin luomme digitaalisen n\u00e4ytteen hyv\u00e4ksynt\u00e4\u00e4si varten. Kaiverramme my\u00f6s j\u00e4rjestelm\u00e4numerosi p\u00e4\u00e4syj\u00e4rjestelmille, h\u00e4lyttimille tai sarjanumerot t\u00e4ysin toiveidesi mukaan - kaikki sis\u00e4ltyy hintaan.<\/p>\n<p><strong>Laadukas alkuper\u00e4inen siru luotettavuuden ja turvallisuuden takaamiseksi<\/strong>Luotettavuuden ja turvallisuuden takaamiseksi &quot;Design \/ PVC&quot; RFID-tunnisteemme on varustettu korkealaatuisella alkuper\u00e4isell\u00e4 sirulla. Valitsemme vain alkuper\u00e4iset sirut tunnustetuilta valmistajilta korkeimpien standardien mukaisesti. RFID-tunnisteemme avulla voit olla varma, ett\u00e4 saat tuotteen, joka tarjoaa luotettavan ja tehokkaan suorituskyvyn. Pyrimme aina tarjoamaan parasta tekniikkaa ja yhteensopivuutta varmistaaksemme, ett\u00e4 RFID-tunnisteemme toimivat turvallisesti ja vastaavat tarpeitasi pitk\u00e4ll\u00e4 aikav\u00e4lill\u00e4.<\/p>","protected":false},"excerpt":{"rendered":"<p>Voit tarjota t\u00e4lle tunnisteelle oman ainutlaatuisen suunnittelusi, jos ostat yli 500 tunnistetta<\/p>","protected":false},"featured_media":142479,"template":"","meta":{"_acf_changed":false},"product_brand":[],"product_cat":[4786,1324,4534],"product_tag":[2642,2958],"class_list":{"0":"post-84575","1":"product","2":"type-product","3":"status-publish","4":"has-post-thumbnail","6":"product_cat-mifare1kem4200-tagg","7":"product_cat-outlet","8":"product_cat-pvc","9":"product_tag-500-moq-design-pvc","10":"product_tag-stonehouse-produkt","11":"product_shipping_class-postnord-varubrev","12":"pa_brands-stonehouse-security","13":"pa_chip-teknik-kombi-em4200mifare1k","14":"pa_farg-svart","15":"tm-no-options","17":"first","18":"instock","19":"sale","20":"featured","21":"taxable","22":"shipping-taxable","23":"purchasable","24":"product-type-simple"},"acf":[],"_links":{"self":[{"href":"https:\/\/secureus.se\/fi\/wp-json\/wp\/v2\/product\/84575","targetHints":{"allow":["GET"]}}],"collection":[{"href":"https:\/\/secureus.se\/fi\/wp-json\/wp\/v2\/product"}],"about":[{"href":"https:\/\/secureus.se\/fi\/wp-json\/wp\/v2\/types\/product"}],"wp:featuredmedia":[{"embeddable":true,"href":"https:\/\/secureus.se\/fi\/wp-json\/wp\/v2\/media\/142479"}],"wp:attachment":[{"href":"https:\/\/secureus.se\/fi\/wp-json\/wp\/v2\/media?parent=84575"}],"wp:term":[{"taxonomy":"product_brand","embeddable":true,"href":"https:\/\/secureus.se\/fi\/wp-json\/wp\/v2\/product_brand?post=84575"},{"taxonomy":"product_cat","embeddable":true,"href":"https:\/\/secureus.se\/fi\/wp-json\/wp\/v2\/product_cat?post=84575"},{"taxonomy":"product_tag","embeddable":true,"href":"https:\/\/secureus.se\/fi\/wp-json\/wp\/v2\/product_tag?post=84575"}],"curies":[{"name":"wp","href":"https:\/\/api.w.org\/{rel}","templated":true}]}}