{"id":84582,"date":"2022-11-18T11:51:52","date_gmt":"2022-11-18T10:51:52","guid":{"rendered":"https:\/\/secureus.se\/produkt\/rfid-tag-pvc-em4200\/"},"modified":"2026-04-02T15:48:14","modified_gmt":"2026-04-02T13:48:14","slug":"tagg-em4200-pvc-design","status":"publish","type":"product","link":"https:\/\/secureus.se\/fi\/tagg-em4200-pvc-design\/","title":{"rendered":"EM4200 PVC-muotoilu - 1,5 mm ohut luottokortin muotoinen (EM 125 kHz)"},"content":{"rendered":"<h1>EM4200 PVC-muotoilu - 1,5 mm ohut luottokortin muotoinen (EM 125 kHz)<\/h1>\n<p><strong>Ohuin ja tyylikk\u00e4in tunniste \u2013 tuntuu t\u00e4sm\u00e4lleen pankkikortilta.<\/strong><br \/>\nKorkeakiiltoista PVC:t\u00e4 suojaavalla muovikerroksella. Toimitetaan vakiona t\u00e4ysin kiilt\u00e4v\u00e4n\u00e4 tai valinnaisilla numeroilla.<\/p>\n<div style=\"background: #f4f9ff;border: 2px solid #0066cc;border-radius: 12px;padding: 20px;margin: 30px 0;text-align: center\">\n<h3 style=\"margin: 0 0 12px 0;color: #003366\">Etk\u00f6 ole varma, onko sinulla EM vai Mifare?<\/h3>\n<p style=\"margin: 8px 0;font-size: 1.05em;color: #333\">Kokeile molempia tekniikoita kotona vain <strong>69 kruunua<\/strong><br \/>\nRahat takaisin, kun ostat my\u00f6hemmin 100 tai enemm\u00e4n<\/p>\n<p><a style=\"display: inline-block;background: #0066cc;color: white;font-weight: bold;padding: 14px 32px;border-radius: 8px;text-decoration: none;margin: 15px 0;font-size: 1.1em\" href=\"\/fi\/testtagg-em-mifare\/\" target=\"_blank\" rel=\"noopener\">Osta testilappu nyt - 69 kr<br \/>\n<\/a><\/p>\n<\/div>\n<h2>Yhteensopivat j\u00e4rjestelm\u00e4t ja yleisimm\u00e4t EM-etuliitteet<\/h2>\n<table style=\"width: 100%;border-collapse: collapse;font-size: 0.96em;margin: 20px 0\">\n<tbody>\n<tr style=\"background: #f5f5f5\">\n<th style=\"text-align: left;padding: 10px\">J\u00e4rjestelm\u00e4<\/th>\n<th style=\"text-align: left;padding: 10px\">Yleisin etuliite<\/th>\n<\/tr>\n<tr>\n<td style=\"padding: 10px\">Aptus<\/td>\n<td><strong>A<\/strong> + numero<\/td>\n<\/tr>\n<tr style=\"background: #f9f9f9\">\n<td>ASSA ARX \/ Solid \/ Entro<\/td>\n<td><strong>S<\/strong> + numero<\/td>\n<\/tr>\n<tr>\n<td>Axema AWAKE<\/td>\n<td><strong>V<\/strong> + numero<\/td>\n<\/tr>\n<tr style=\"background: #f9f9f9\">\n<td>Axema (muu)<\/td>\n<td><strong>KORVA<\/strong> + numero<\/td>\n<\/tr>\n<tr>\n<td>Paxton<\/td>\n<td><strong>P<\/strong> + numero<\/td>\n<\/tr>\n<tr style=\"background: #f9f9f9\">\n<td>RCO:n turvallisuus<\/td>\n<td><strong>R<\/strong> + numero<\/td>\n<\/tr>\n<tr>\n<td>Ajastin<\/td>\n<td><strong>T<\/strong> + numero<\/td>\n<\/tr>\n<tr style=\"background: #f9f9f9\">\n<td>Vanderbilt\/Bewator<\/td>\n<td><strong>B<\/strong> + numero<\/td>\n<\/tr>\n<tr style=\"background: #f5f5f5\">\n<td>Oma j\u00e4rjestelm\u00e4<\/td>\n<td>Sy\u00f6t\u00e4 valinnainen<\/td>\n<\/tr>\n<\/tbody>\n<\/table>\n<div style=\"background: #fff8e1;border-left: 5px solid #ffb300;padding: 18px;margin: 30px 0\">\n<p style=\"margin: 0 0 10px 0;font-size: 1.05em\"><strong>Haluatko oman painatuksen tai logon?<\/strong><\/p>\n<p style=\"margin: 0\">\u2192 Minimitilaus 500 kpl.<br \/>\n\u2192 Ota meihin yhteytt\u00e4 osoitteessa <a href=\"mailto:secureus@secureus.se\">secureus@secureus.se<\/a> tai soita numeroon 031 70 70 201 saadaksesi tarjouksen<br \/>\n\u2192 Voimme tietenkin tuottaa my\u00f6s valmiilla j\u00e4rjestelm\u00e4numeroilla, sarjanumeroilla jne. (esim. A0001\u2013A1000)<\/p>\n<\/div>\n<div style=\"background: #fff3e0;border: 2px solid #ff9800;border-radius: 10px;padding: 18px;margin: 30px 0\">\n<p style=\"margin: 0;font-size: 1.05em\"><strong>Tarvitsetko j\u00e4rjestelm\u00e4numeron tunnisteessa?<\/strong><br \/>\n\u2192 Voit sen sijaan valita: <a style=\"font-weight: bold;text-decoration: underline\" href=\"\/fi\/rfid-tag-pvc-em4200-stnd-nr\/\">PVC valmiiksi painetuilla numeroilla t\u00e4\u00e4ll\u00e4<\/a><\/p>\n<\/div>\n<h2>Siksi monet ihmiset valitsevat PVC-suunnittelun<\/h2>\n<ul>\n<li>Vain <strong>1,5 mm<\/strong> ohut \u2013 tuntuu oikealta kortilta<\/li>\n<li>Kiilt\u00e4v\u00e4 pinta ja suojaava muovikerros<\/li>\n<li>T\u00e4ydellinen j\u00e4senkortti, henkil\u00f6kuntakortti tai k\u00e4yntikortti, jolla on p\u00e4\u00e4sy<\/li>\n<li>Alkuper\u00e4inen siru EM Microelectronicilta<\/li>\n<\/ul>\n<h2>Tekniset tiedot<\/h2>\n<table style=\"width: 100%;border-collapse: collapse;margin: 20px 0\">\n<tbody>\n<tr>\n<td><strong>siru<\/strong><\/td>\n<td>EM4200 alkuper\u00e4inen<\/td>\n<\/tr>\n<tr>\n<td><strong>Taajuus<\/strong><\/td>\n<td>125 kHz<\/td>\n<\/tr>\n<tr>\n<td><strong>Materiaali<\/strong><\/td>\n<td>Korkeakiiltoinen PVC + suojakerros<\/td>\n<\/tr>\n<tr>\n<td><strong>Paksuus<\/strong><\/td>\n<td>1,5 mm<\/td>\n<\/tr>\n<tr>\n<td><strong>Painatus\/kaiverrus<\/strong><\/td>\n<td>Ei mahdollista varastotuotteille \u2013 vain erikoistilauksille \u2265500 kpl.<\/td>\n<\/tr>\n<\/tbody>\n<\/table>\n<h2>Toimitus<\/h2>\n<ul>\n<li>Varastotuote: <strong>1\u20133 arkip\u00e4iv\u00e4\u00e4<\/strong><\/li>\n<li>Oma suunnittelu \u2265500 kpl: tarjous &amp; noin 3\u20134 viikkoa<\/li>\n<li>Ilmainen toimitus yli 1000 kr<\/li>\n<\/ul>","protected":false},"excerpt":{"rendered":"<p><strong>EM4200 PVC-muotoilu - 1,5 mm luottokortin ohut (EM 125 kHz)<\/strong><\/p>\n<p>Korkeakiiltoinen PVC \u2219 Alkuper\u00e4inen siru EM Microelectronic<br \/>\nMittatilausty\u00f6n\u00e4 tehty suunnittelu ja painatus alkaen 500 kpl \u2013 ota yhteytt\u00e4 saadaksesi tarjouksen<\/p>\n<p style=\"color: #d32f2f;font-size: 0.95em;margin-top: 8px\">Ty\u00f6t <strong>ei<\/strong> Mifare-j\u00e4rjestelmiss\u00e4<\/p>","protected":false},"featured_media":141857,"template":"","meta":{"_acf_changed":false},"product_brand":[],"product_cat":[4783,1324,4534],"product_tag":[2642,2958],"class_list":{"0":"post-84582","1":"product","2":"type-product","3":"status-publish","4":"has-post-thumbnail","6":"product_cat-em4200-tagg","7":"product_cat-outlet","8":"product_cat-pvc","9":"product_tag-500-moq-design-pvc","10":"product_tag-stonehouse-produkt","11":"product_shipping_class-postnord-varubrev","12":"pa_brands-stonehouse-security","13":"pa_chip-teknik-em4200-kompatibelt-med-4100-4102-och-4305","14":"pa_farg-svart","15":"tm-no-options","17":"first","18":"instock","19":"sale","20":"featured","21":"taxable","22":"shipping-taxable","23":"purchasable","24":"product-type-simple"},"acf":[],"_links":{"self":[{"href":"https:\/\/secureus.se\/fi\/wp-json\/wp\/v2\/product\/84582","targetHints":{"allow":["GET"]}}],"collection":[{"href":"https:\/\/secureus.se\/fi\/wp-json\/wp\/v2\/product"}],"about":[{"href":"https:\/\/secureus.se\/fi\/wp-json\/wp\/v2\/types\/product"}],"wp:featuredmedia":[{"embeddable":true,"href":"https:\/\/secureus.se\/fi\/wp-json\/wp\/v2\/media\/141857"}],"wp:attachment":[{"href":"https:\/\/secureus.se\/fi\/wp-json\/wp\/v2\/media?parent=84582"}],"wp:term":[{"taxonomy":"product_brand","embeddable":true,"href":"https:\/\/secureus.se\/fi\/wp-json\/wp\/v2\/product_brand?post=84582"},{"taxonomy":"product_cat","embeddable":true,"href":"https:\/\/secureus.se\/fi\/wp-json\/wp\/v2\/product_cat?post=84582"},{"taxonomy":"product_tag","embeddable":true,"href":"https:\/\/secureus.se\/fi\/wp-json\/wp\/v2\/product_tag?post=84582"}],"curies":[{"name":"wp","href":"https:\/\/api.w.org\/{rel}","templated":true}]}}