{"id":84717,"date":"2023-10-17T14:18:37","date_gmt":"2023-10-17T12:18:37","guid":{"rendered":"https:\/\/secureus.se\/produkt\/stromstallare-trapp\/"},"modified":"2026-04-07T12:54:06","modified_gmt":"2026-04-07T10:54:06","slug":"stromstallare-trapp","status":"publish","type":"product","link":"https:\/\/secureus.se\/fi\/stromstallare-trapp\/","title":{"rendered":"Vaihda portaikkoa"},"content":{"rendered":"<p>Exxact Step -kytkin nelikulmaisella keinuvivulla, pikaliit\u00e4nt\u00e4, IP20-asennukseen laitekoteloon c\/c 60mm.<\/p>\n<p>Pinta-asennuksessa k\u00e4ytet\u00e4\u00e4n 21 mm laatikkoa.<\/p>\n<p>Kytkimess\u00e4 ei ole nollaliittimi\u00e4.<\/p>\n<p>Toimitusmuoto: irtotavarapakkaus 50 kpl.<\/p>\n<p>Valkoinen<\/p>","protected":false},"excerpt":{"rendered":"<p>Exxact Step -kytkin nelikulmaisella keinuvivulla, pikaliit\u00e4nt\u00e4, IP20-asennukseen laitekoteloon c\/c 60mm. Pinta-asennuksessa k\u00e4ytet\u00e4\u00e4n 21 mm laatikkoa. Kytkimess\u00e4 ei ole nollaliittimi\u00e4. Toimitusmuoto: irtotavarapakkaus 50 kpl.<\/p>","protected":false},"featured_media":139313,"template":"","meta":{"_acf_changed":false},"product_brand":[],"product_cat":[4826],"product_tag":[3129],"class_list":{"0":"post-84717","1":"product","2":"type-product","3":"status-publish","4":"has-post-thumbnail","6":"product_cat-exxact","7":"product_tag-stromstallare-utan-logo","8":"product_shipping_class-postnord-varubrev","9":"pa_brands-schneider-electric","10":"tm-no-options","12":"first","13":"instock","14":"sale","15":"featured","16":"taxable","17":"shipping-taxable","18":"purchasable","19":"product-type-simple"},"acf":[],"_links":{"self":[{"href":"https:\/\/secureus.se\/fi\/wp-json\/wp\/v2\/product\/84717","targetHints":{"allow":["GET"]}}],"collection":[{"href":"https:\/\/secureus.se\/fi\/wp-json\/wp\/v2\/product"}],"about":[{"href":"https:\/\/secureus.se\/fi\/wp-json\/wp\/v2\/types\/product"}],"wp:featuredmedia":[{"embeddable":true,"href":"https:\/\/secureus.se\/fi\/wp-json\/wp\/v2\/media\/139313"}],"wp:attachment":[{"href":"https:\/\/secureus.se\/fi\/wp-json\/wp\/v2\/media?parent=84717"}],"wp:term":[{"taxonomy":"product_brand","embeddable":true,"href":"https:\/\/secureus.se\/fi\/wp-json\/wp\/v2\/product_brand?post=84717"},{"taxonomy":"product_cat","embeddable":true,"href":"https:\/\/secureus.se\/fi\/wp-json\/wp\/v2\/product_cat?post=84717"},{"taxonomy":"product_tag","embeddable":true,"href":"https:\/\/secureus.se\/fi\/wp-json\/wp\/v2\/product_tag?post=84717"}],"curies":[{"name":"wp","href":"https:\/\/api.w.org\/{rel}","templated":true}]}}