{"id":84847,"date":"2023-09-26T12:35:21","date_gmt":"2023-09-26T10:35:21","guid":{"rendered":"https:\/\/secureus.se\/produkt\/tak-vaggfaste-for-flx-a-am-flx-a-dam-x5\/"},"modified":"2026-02-10T16:08:55","modified_gmt":"2026-02-10T15:08:55","slug":"tak-vaggfaste-cw-g3-for-flx-a-am-flx-a-dam-x5","status":"publish","type":"product","link":"https:\/\/secureus.se\/fi\/tak-vaggfaste-cw-g3-for-flx-a-am-flx-a-dam-x5\/","title":{"rendered":"Katto- ja sein\u00e4teline CW-G3 malleille FLX-A-AM \/ FLX-A-DAM-X5"},"content":{"rendered":"<h1><strong>Katto- ja sein\u00e4teline CW-G3<\/strong> on vankka ja joustava asennusratkaisu FLX-A-AM ja FLX-A-DAM-X5 turvaantureille.<\/h1>\n<p>Suunnittelu tarjoaa paremman mukautumiskyvyn ja turvallisuuden v\u00e4hent\u00e4en samalla v\u00e4\u00e4rien h\u00e4lytysten riski\u00e4.<\/p>\n<p>T\u00e4m\u00e4 teline on EN-Grade III -yhteensopiva, joten se on ihanteellinen korkean turvallisuuden ymp\u00e4rist\u00f6ihin.<\/p>\n<h4>Ominaisuudet ja edut<\/h4>\n<ul>\n<li><strong>Yhteensopivuus<\/strong>: Suunniteltu FLX-A-AM- ja FLX-A-DAM-X5-antureille.<\/li>\n<li><strong>Joustava asennus<\/strong>: Mahdollisuus valita katto- tai sein\u00e4asennus optimaalisen asennuksen varmistamiseksi.<\/li>\n<li><strong>S\u00e4\u00e4dett\u00e4v\u00e4 kierto<\/strong>: Vaaka +\/- 45\u00b0 ja pystysuora -5\u00b0 - 20\u00b0 tunnistusalueen s\u00e4\u00e4t\u00e4miseksi t\u00e4sm\u00e4lleen tarpeen mukaan.<\/li>\n<li><strong>Hy\u00f6nteisten ja el\u00e4inten kest\u00e4v\u00e4<\/strong>: Kun anturi on asennettu telineeseen sen sijaan, ett\u00e4 se olisi asennettu suoraan sein\u00e4\u00e4n tai kattoon, pienel\u00e4inten tai hy\u00f6nteisten riski vaikuttaa tunnistuspintaan on minimoitu.<\/li>\n<li><strong>EN-luokan III-yhteensopiva<\/strong>: T\u00e4ytt\u00e4\u00e4 korkean turvallisuuden ymp\u00e4rist\u00f6jen turvallisuusstandardit.<\/li>\n<li><strong>Peukalointisuoja<\/strong>: Sis\u00e4\u00e4nrakennettu sein\u00e4\u00e4n peukalointisuoja varmistaa luotettavan toiminnan.<\/li>\n<\/ul>\n<h4>K\u00e4ytt\u00f6alueet<\/h4>\n<p><strong>CW-G3<\/strong> sopii erinomaisesti erilaisiin tietoturvasovelluksiin, joissa joustavuus ja luotettavuus ovat t\u00e4rkeit\u00e4:<\/p>\n<ul>\n<li><strong>Korkean turvallisuuden ymp\u00e4rist\u00f6t<\/strong>: T\u00e4ydellinen liikerakennuksiin, toimistoihin ja teollisuusalueisiin, joissa on tiukat turvallisuusvaatimukset.<\/li>\n<li><strong>Asunnot<\/strong>: Tarjoaa korkean turvallisuuden ja mukautettavan asennuksen koteihin.<\/li>\n<li><strong>Liike- ja julkiset rakennukset<\/strong>: Soveltuu kauppakeskusten, hotellien ja julkisten tilojen turvaj\u00e4rjestelmiin.<\/li>\n<\/ul>\n<h4>Tekniset tiedot<\/h4>\n<ul>\n<li><strong>Yhteensopivat laitteet<\/strong>: FLX-A-AM ja FLX-A-DAM-X5.<\/li>\n<li><strong>Asennusvaihtoehdot<\/strong>: Sein\u00e4- ja kattoasennus.<\/li>\n<li><strong>S\u00e4\u00e4dett\u00e4v\u00e4 kierto<\/strong>: Vaaka +\/- 45\u00b0, pystysuora -5\u00b0 - 20\u00b0.<\/li>\n<li><strong>Vakio<\/strong>: EN-Grade III -yhteensopiva.<\/li>\n<li><strong>Toiminnot<\/strong>: Suojaus sein\u00e4n peukalointia vastaan ja parempi tunnistusturva.<\/li>\n<li><strong>Materiaali<\/strong>: Valmistettu kest\u00e4v\u00e4st\u00e4 materiaalista pitk\u00e4kestoiseen k\u00e4ytt\u00f6\u00f6n.<\/li>\n<\/ul>\n<h4>Edut<\/h4>\n<ul>\n<li><strong>Maksimaalinen joustavuus<\/strong>: S\u00e4\u00e4dett\u00e4vien kulmien avulla on helppo optimoida anturin peitto eri ymp\u00e4rist\u00f6iss\u00e4.<\/li>\n<li><strong>V\u00e4hentynyt huolto<\/strong>: Suojaus hy\u00f6nteisi\u00e4 ja pieni\u00e4 el\u00e4imi\u00e4 vastaan minimoi v\u00e4\u00e4rien h\u00e4lytysten riskin ja toistuvan puhdistuksen tarpeen.<\/li>\n<li><strong>Korkea turvallisuusstandardi<\/strong>: EN-Grade III -yhteensopivuus tekee t\u00e4st\u00e4 telineest\u00e4 turvallisen valinnan herkkiin tietoturvasovelluksiin.<\/li>\n<\/ul>\n<h4>Helppo asennus ja huolto<\/h4>\n<p>CW-G3 on suunniteltu helppoon ja nopeaan asennukseen. Selke\u00e4t ohjeet ja joustava asennusrakenne mahdollistavat asennuksen mukauttamisen erityistarpeisiin.<\/p>\n<p>Sen vankka rakenne ja sis\u00e4\u00e4nrakennetut suojaominaisuudet takaavat pitk\u00e4n k\u00e4ytt\u00f6i\u00e4n v\u00e4h\u00e4isell\u00e4 huollolla.<\/p>","protected":false},"excerpt":{"rendered":"<p>Katto- ja sein\u00e4teline CW-G3 malleille FLX-A-AM ja FLX-A-DAM-X5 joustavalla py\u00f6riv\u00e4ll\u00e4 ja EN-Grade III -yhteensopivalla.<\/p>\n<p>Turvallinen asennus minimaalisilla v\u00e4\u00e4rill\u00e4 h\u00e4lytyksill\u00e4.<\/p>","protected":false},"featured_media":140767,"template":"","meta":{"_acf_changed":false},"product_brand":[],"product_cat":[1325,3220],"product_tag":[],"class_list":{"0":"post-84847","1":"product","2":"type-product","3":"status-publish","4":"has-post-thumbnail","6":"product_cat-larmgivare-skalskydd","7":"product_cat-larmtillbehor","8":"product_shipping_class-postnord-varubrev","9":"pa_brands-optex","10":"tm-no-options","12":"first","13":"instock","14":"sale","15":"featured","16":"taxable","17":"shipping-taxable","18":"purchasable","19":"product-type-simple"},"acf":[],"_links":{"self":[{"href":"https:\/\/secureus.se\/fi\/wp-json\/wp\/v2\/product\/84847","targetHints":{"allow":["GET"]}}],"collection":[{"href":"https:\/\/secureus.se\/fi\/wp-json\/wp\/v2\/product"}],"about":[{"href":"https:\/\/secureus.se\/fi\/wp-json\/wp\/v2\/types\/product"}],"wp:featuredmedia":[{"embeddable":true,"href":"https:\/\/secureus.se\/fi\/wp-json\/wp\/v2\/media\/140767"}],"wp:attachment":[{"href":"https:\/\/secureus.se\/fi\/wp-json\/wp\/v2\/media?parent=84847"}],"wp:term":[{"taxonomy":"product_brand","embeddable":true,"href":"https:\/\/secureus.se\/fi\/wp-json\/wp\/v2\/product_brand?post=84847"},{"taxonomy":"product_cat","embeddable":true,"href":"https:\/\/secureus.se\/fi\/wp-json\/wp\/v2\/product_cat?post=84847"},{"taxonomy":"product_tag","embeddable":true,"href":"https:\/\/secureus.se\/fi\/wp-json\/wp\/v2\/product_tag?post=84847"}],"curies":[{"name":"wp","href":"https:\/\/api.w.org\/{rel}","templated":true}]}}