{"id":84849,"date":"2023-09-26T12:31:55","date_gmt":"2023-09-26T10:31:55","guid":{"rendered":"https:\/\/secureus.se\/produkt\/tak-vaggfaste-for-flx-s-st-flsx-2-dt\/"},"modified":"2026-03-09T10:46:41","modified_gmt":"2026-03-09T09:46:41","slug":"tak-vaggfaste-cw-g2-for-flx-s-st-flsx-2-dt","status":"publish","type":"product","link":"https:\/\/secureus.se\/fi\/tak-vaggfaste-cw-g2-for-flx-s-st-flsx-2-dt\/","title":{"rendered":"Katto- ja sein\u00e4kiinnike CW-G2 malleille FLX-S-ST \/ FLSX-2-DT"},"content":{"rendered":"<h1>Joustava <strong>katto- ja sein\u00e4teline CW-G2 malleille FLX-S-ST ja FLSX-2-DT<\/strong> tarjoaa k\u00e4yt\u00e4nn\u00f6llisen ja vankan ratkaisun turva-anturien asennukseen.<\/h1>\n<p>T\u00e4m\u00e4 teline on yhteensopiva FLX-S- ja FLX-P-sarjojen kanssa, joten se on monipuolinen vaihtoehto sek\u00e4 sis\u00e4- ett\u00e4 sein\u00e4asennuksiin.<\/p>\n<p>Sen s\u00e4\u00e4dett\u00e4v\u00e4t ominaisuudet mahdollistavat anturin kulman ja peittoalueen optimoinnin, mik\u00e4 parantaa turvaj\u00e4rjestelm\u00e4n tehokkuutta.<\/p>\n<h4>Ominaisuudet ja edut<\/h4>\n<ul>\n<li><strong>Yhteensopivuus<\/strong>: Suunniteltu FLX-S-ST- ja FLSX-2-DT-antureille sek\u00e4 muille FLX-S- ja FLX-P-sarjojen laitteille.<\/li>\n<li><strong>Joustava asennus<\/strong>: Voidaan k\u00e4ytt\u00e4\u00e4 sek\u00e4 katto- ett\u00e4 sein\u00e4asennukseen, mik\u00e4 tarjoaa r\u00e4\u00e4t\u00e4l\u00f6intimahdollisuudet asennusymp\u00e4rist\u00f6n mukaan.<\/li>\n<li><strong>Vaakasuuntainen kierto<\/strong>: +\/- 45\u00b0 s\u00e4\u00e4t\u00f6 helpottaa anturin suuntaamista kohti haluttua peittoaluetta.<\/li>\n<li><strong>Pystysuuntainen s\u00e4\u00e4t\u00f6<\/strong>: -5\u00b0 - 20\u00b0 kulma alasp\u00e4in s\u00e4\u00e4t\u00e4\u00e4ksesi anturin asentoa tarkasti.<\/li>\n<li><strong>EN-luokan II-yhteensopiva<\/strong>: T\u00e4ytt\u00e4\u00e4 EN-standardin mukaiset turvallisuusvaatimukset ja takaa luotettavan toiminnan eri ymp\u00e4rist\u00f6iss\u00e4.<\/li>\n<li><strong>Vankka rakenne<\/strong>: Valmistettu kest\u00e4vist\u00e4 materiaaleista pitk\u00e4aikaiseen k\u00e4ytt\u00f6\u00f6n ja kulutuskest\u00e4vyyteen.<\/li>\n<li><strong>Helppo asennus<\/strong>: Mukana olevat asennusohjeet ja joustava muotoilu tekev\u00e4t asennuksesta nopeaa ja helppoa.<\/li>\n<\/ul>\n<h4>K\u00e4ytt\u00f6alueet<\/h4>\n<p>T\u00e4m\u00e4 teline sopii t\u00e4ydellisesti turva-anturin peiton optimointiin useissa sis\u00e4ymp\u00e4rist\u00f6iss\u00e4:<\/p>\n<ul>\n<li><strong>Asunnot<\/strong>: Antureiden asentamiseen kotiin sis\u00e4\u00e4nk\u00e4yntien ja huoneiden valvonnan parantamiseksi.<\/li>\n<li><strong>Liikekiinteist\u00f6t<\/strong>: K\u00e4ytet\u00e4\u00e4n toimistoissa ja liikkeiss\u00e4 kattavan suojauksen varmistamiseksi.<\/li>\n<li><strong>Teolliset sovellukset<\/strong>: Ihanteellinen varastoihin ja tuotantotiloihin, joissa anturien sijoittelu on ratkaisevan t\u00e4rke\u00e4\u00e4.<\/li>\n<\/ul>\n<h4>Tekniset tiedot<\/h4>\n<ul>\n<li><strong>Yhteensopivat laitteet<\/strong>: FLX-S-ST ja FLSX-2-DT sek\u00e4 FLX-S- ja FLX-P-sarjat.<\/li>\n<li><strong>Asennusvaihtoehdot<\/strong>: Asennus kattoon ja sein\u00e4\u00e4n.<\/li>\n<li><strong>Vaakas\u00e4\u00e4t\u00f6<\/strong>: +\/- 45\u00b0.<\/li>\n<li><strong>Pystysuuntainen s\u00e4\u00e4t\u00f6<\/strong>: -5\u00b0 - 20\u00b0 alasp\u00e4in.<\/li>\n<li><strong>Materiaali<\/strong>: Kest\u00e4v\u00e4 ja luotettava pitk\u00e4aikaiseen k\u00e4ytt\u00f6\u00f6n.<\/li>\n<li><strong>Sertifiointi<\/strong>: EN-Grade II -yhteensopiva.<\/li>\n<li><strong>SKU<\/strong>: CW-g2<\/li>\n<\/ul>\n<h4>Edut<\/h4>\n<ul>\n<li><strong>Monipuolisuus<\/strong>: Helposti mukautettavissa erilaisiin asennustarpeisiin ja -ymp\u00e4rist\u00f6ihin.<\/li>\n<li><strong>Tehokas peitto<\/strong>: Mahdollistaa anturien suorituskyvyn optimoinnin tarkan sijoituksen avulla.<\/li>\n<li><strong>Pitk\u00e4aikainen kest\u00e4vyys<\/strong>: Suunnittelu takaa luotettavan k\u00e4yt\u00f6n ajan my\u00f6t\u00e4.<\/li>\n<\/ul>\n<h4>Helppo asennus ja huolto<\/h4>\n<p>Kiinnike on suunniteltu helppoon asennukseen selkeill\u00e4 ohjeilla ja muotoilulla, joka on helppo mukauttaa erilaisiin tarpeisiin.<\/p>\n<p>Sen kest\u00e4v\u00e4 rakenne vaatii vain v\u00e4h\u00e4n huoltoa, joten se on kustannustehokas ratkaisu.<\/p>\n<p>&nbsp;<\/p>","protected":false},"excerpt":{"rendered":"<p>Joustava katto- ja sein\u00e4teline CW-G2 FLX-S-ST- ja FLSX-2-DT-antureille.<\/p>\n<p>Mahdollistaa +\/- 45\u00b0 vaakasuoran k\u00e4\u00e4nn\u00f6ksen ja -5\u00b0 - 20\u00b0 pystys\u00e4\u00e4d\u00f6n.<\/p>","protected":false},"featured_media":140778,"template":"","meta":{"_acf_changed":false},"product_brand":[],"product_cat":[1325,3220],"product_tag":[],"class_list":{"0":"post-84849","1":"product","2":"type-product","3":"status-publish","4":"has-post-thumbnail","6":"product_cat-larmgivare-skalskydd","7":"product_cat-larmtillbehor","8":"product_shipping_class-postnord-varubrev","9":"pa_brands-optex","10":"tm-no-options","12":"first","13":"instock","14":"sale","15":"featured","16":"taxable","17":"shipping-taxable","18":"purchasable","19":"product-type-simple"},"acf":[],"_links":{"self":[{"href":"https:\/\/secureus.se\/fi\/wp-json\/wp\/v2\/product\/84849","targetHints":{"allow":["GET"]}}],"collection":[{"href":"https:\/\/secureus.se\/fi\/wp-json\/wp\/v2\/product"}],"about":[{"href":"https:\/\/secureus.se\/fi\/wp-json\/wp\/v2\/types\/product"}],"wp:featuredmedia":[{"embeddable":true,"href":"https:\/\/secureus.se\/fi\/wp-json\/wp\/v2\/media\/140778"}],"wp:attachment":[{"href":"https:\/\/secureus.se\/fi\/wp-json\/wp\/v2\/media?parent=84849"}],"wp:term":[{"taxonomy":"product_brand","embeddable":true,"href":"https:\/\/secureus.se\/fi\/wp-json\/wp\/v2\/product_brand?post=84849"},{"taxonomy":"product_cat","embeddable":true,"href":"https:\/\/secureus.se\/fi\/wp-json\/wp\/v2\/product_cat?post=84849"},{"taxonomy":"product_tag","embeddable":true,"href":"https:\/\/secureus.se\/fi\/wp-json\/wp\/v2\/product_tag?post=84849"}],"curies":[{"name":"wp","href":"https:\/\/api.w.org\/{rel}","templated":true}]}}