{"id":84851,"date":"2023-09-11T11:05:18","date_gmt":"2023-09-11T09:05:18","guid":{"rendered":"https:\/\/secureus.se\/?post_type=product&#038;p=84851"},"modified":"2025-12-31T20:58:08","modified_gmt":"2025-12-31T19:58:08","slug":"glaskross-indigo-larm","status":"publish","type":"product","link":"https:\/\/secureus.se\/fi\/glaskross-indigo-larm\/","title":{"rendered":"Lasinrikon ilmaisin Indigo ikkunalasille, karkaistulle ja laminoidulle lasille"},"content":{"rendered":"<div class=\"flex flex-grow flex-col max-w-full AIPRM__conversation__response\">\n<div class=\"min-h-[20px] text-message flex w-full flex-col items-end gap-2 whitespace-pre-wrap break-words [.text-message+&amp;]:mt-5 overflow-x-auto\" dir=\"auto\" data-message-author-role=\"assistant\" data-message-id=\"29e47f42-3e06-493c-a166-409dfc777b9f\">\n<div class=\"flex w-full flex-col gap-1 empty:hidden first:pt-[3px]\">\n<div class=\"markdown prose w-full break-words dark:prose-invert light\">\n<h1><strong>Glaskross Indigo H\u00f6gteknologiskt skydd mot glasbrott<\/strong><\/h1>\n<p>S\u00e4kra ditt hem eller kontor med Indigo Glasskrossdetektor, den ultimata l\u00f6sningen f\u00f6r att uppt\u00e4cka krossat glas, inklusive vanligt f\u00f6nsterglas, h\u00e4rdat och laminerat glas upp till 6-meter fr\u00e5n glasytan.<\/p>\n<p>Denna akustiska digitala glasbrottsdetektor anv\u00e4nder avancerad mikroprocessor och Dual Track Signal Analysis f\u00f6r att erbjuda p\u00e5litlig och effektiv detektering.<\/p>\n<p><strong>Huvudfunktioner:<\/strong><\/p>\n<ul>\n<li><strong>Detektering av glasskross:<\/strong> Uppt\u00e4cker krossning av vanligt, h\u00e4rdat och laminerat glas. Detektorn rapporterar ett larm n\u00e4r den uppt\u00e4cker ett l\u00e5gfrekevent ljud (p\u00e5verkan) f\u00f6ljt av ett h\u00f6gfrekvent ljud (glasbrott) inom 4 sekunder. Larmet signaleras genom larmutg\u00e5ngen i 2 sekunder.<\/li>\n<li><strong>Avancerad teknik:<\/strong> Mikroprocessor med dubbelsp\u00e5rig signalanalys och sj\u00e4lvdiagnostisk funktion f\u00f6r h\u00f6gsta s\u00e4kerhet.<\/li>\n<li><strong>Justerbar k\u00e4nslighet:<\/strong> Stegl\u00f6s justering f\u00f6r att anpassa detekteringen efter dina behov.<\/li>\n<li><strong>Sp\u00e4nnings\u00f6vervakning:<\/strong> Detektorn rapporterar ett fel n\u00e4r f\u00f6rs\u00f6rjningssp\u00e4nningen sjunker under 9 V (\u00b15%) i mer \u00e4n 2 sekunder. Felet resulterar i att larmutg\u00e5ngen aktiveras, och larmutg\u00e5ngen f\u00f6rblir aktiv s\u00e5 l\u00e4nge felet kvarst\u00e5r.<\/li>\n<\/ul>\n<p>Indigo akustiska glasskrossdetektorer \u00e4r utformade f\u00f6r att skydda rum d\u00e4r det finns risk f\u00f6r inbrott genom att krossa glas i f\u00f6nster eller d\u00f6rrar. Med digital, tv\u00e5v\u00e4gssignalanalys erbjuder de h\u00f6g effektivitet och tillf\u00f6rlitlighet.<\/p>\n<p><strong>Specifikationer f\u00f6r Glaskross Indigo fr\u00e5n Satel\u00a0<\/strong><\/p>\n<ul>\n<li><strong>M\u00e4rkmatningssp\u00e4nning (\u00b115%):<\/strong> 12 V DC<\/li>\n<li><strong>Standbystr\u00f6mf\u00f6rbrukning:<\/strong> 13,5 mA<\/li>\n<li><strong>M\u00e5tt:<\/strong> 48 x 78 x 23 mm<\/li>\n<li><strong>Milj\u00f6klass:<\/strong> II<\/li>\n<li><strong>Drifttemperaturomr\u00e5de:<\/strong> -30\u00b0C till +55\u00b0C<\/li>\n<li><strong>Vikt:<\/strong> 48 g<\/li>\n<li><strong>Maximal str\u00f6mf\u00f6rbrukning:<\/strong> 15 mA<\/li>\n<\/ul>\n<p>F\u00f6r b\u00e4sta resultat och \u00f6kad s\u00e4kerhet, k\u00f6p till Indigo glaskrosstestare, som \u00e4r kompatibel med alla typer av f\u00f6nsterglas. Skydda dina v\u00e4rdefulla utrymmen med Indigo Glasskrossdetektor<\/p>\n<\/div>\n<\/div>\n<\/div>\n<\/div>\n","protected":false},"excerpt":{"rendered":"<p>Glass Breaker \u2013 T\u00e4m\u00e4 akustinen digitaalinen lasins\u00e4rkytunnistin k\u00e4ytt\u00e4\u00e4 kehittynytt\u00e4 mikroprosessoria ja Dual Track Signal Analysis -analyysi\u00e4 tarjotakseen luotettavan ja tehokkaan havaitsemisen.<\/p>","protected":false},"featured_media":140055,"template":"","meta":{"_acf_changed":false},"product_brand":[],"product_cat":[3085],"product_tag":[2279],"class_list":{"0":"post-84851","1":"product","2":"type-product","3":"status-publish","4":"has-post-thumbnail","6":"product_cat-vibationsdetektorer-glaskrossdetektorer","7":"product_tag-glaskross-akustisk","8":"product_shipping_class-postnord-varubrev","9":"pa_brands-satel","10":"tm-no-options","12":"first","13":"instock","14":"sale","15":"featured","16":"taxable","17":"shipping-taxable","18":"purchasable","19":"product-type-simple"},"acf":[],"_links":{"self":[{"href":"https:\/\/secureus.se\/fi\/wp-json\/wp\/v2\/product\/84851","targetHints":{"allow":["GET"]}}],"collection":[{"href":"https:\/\/secureus.se\/fi\/wp-json\/wp\/v2\/product"}],"about":[{"href":"https:\/\/secureus.se\/fi\/wp-json\/wp\/v2\/types\/product"}],"wp:featuredmedia":[{"embeddable":true,"href":"https:\/\/secureus.se\/fi\/wp-json\/wp\/v2\/media\/140055"}],"wp:attachment":[{"href":"https:\/\/secureus.se\/fi\/wp-json\/wp\/v2\/media?parent=84851"}],"wp:term":[{"taxonomy":"product_brand","embeddable":true,"href":"https:\/\/secureus.se\/fi\/wp-json\/wp\/v2\/product_brand?post=84851"},{"taxonomy":"product_cat","embeddable":true,"href":"https:\/\/secureus.se\/fi\/wp-json\/wp\/v2\/product_cat?post=84851"},{"taxonomy":"product_tag","embeddable":true,"href":"https:\/\/secureus.se\/fi\/wp-json\/wp\/v2\/product_tag?post=84851"}],"curies":[{"name":"wp","href":"https:\/\/api.w.org\/{rel}","templated":true}]}}