{"id":84853,"date":"2023-03-28T12:52:39","date_gmt":"2023-03-28T10:52:39","guid":{"rendered":"https:\/\/secureus.se\/produkt\/pir-detector-flx-a-am\/"},"modified":"2026-04-22T16:03:13","modified_gmt":"2026-04-22T14:03:13","slug":"optex-flx-a-am-pir-detector","status":"publish","type":"product","link":"https:\/\/secureus.se\/fi\/optex-flx-a-am-pir-detector\/","title":{"rendered":"Optex FLX-A-AM Antimask 15 metri\u00e4 85 astetta"},"content":{"rendered":"<h1>Optex FLX-A-AM on edistyksellinen liiketunnistin, joka on suunniteltu tarjoamaan luotettavaa turvallisuutta ja korkeaa tunnistustarkkuutta kaupallisissa ja julkisissa ymp\u00e4rist\u00f6iss\u00e4.<\/h1>\n<p>T\u00e4m\u00e4 PIR-anturi on SBSC-hyv\u00e4ksytty LK 3:n mukaisesti, joten se sopii erinomaisesti k\u00e4ytett\u00e4v\u00e4ksi paikoissa, joissa vaaditaan korkeita turvallisuusstandardeja. Ainutlaatuisen suunnittelunsa ja edistyneen teknologiansa ansiosta FLX-A-AM havaitsee tehokkaasti liikkeen sek\u00e4 leveill\u00e4 ett\u00e4 kapeilla alueilla, mik\u00e4 tarjoaa joustavuutta asennuksessa.<\/p>\n<h3>Joustava tunnistus s\u00e4\u00e4dett\u00e4v\u00e4ll\u00e4 kantamalla<\/h3>\n<p>FLX-A-AM tarjoaa k\u00e4\u00e4nnett\u00e4v\u00e4n linssin, jonka avulla tunnistusaluetta voidaan s\u00e4\u00e4t\u00e4\u00e4 ymp\u00e4rist\u00f6n mukaan. Oletustila on 15 x 15 metri\u00e4 leve\u00e4n s\u00e4teen havaitsemiseen, mik\u00e4 on ihanteellinen suurten avoimien alueiden peitt\u00e4miseen.<\/p>\n<p>Kapeammilla ja pidemmill\u00e4 alueilla, kuten k\u00e4yt\u00e4vill\u00e4 tai k\u00e4yt\u00e4vill\u00e4, linssi voidaan k\u00e4\u00e4nt\u00e4\u00e4 24 x 2 metrin pitk\u00e4n s\u00e4teen tunnistusalueeksi. T\u00e4m\u00e4 tekee FLX-A-AM:sta monipuolisen valinnan sek\u00e4 asuin- ett\u00e4 suurempiin liikekiinteist\u00f6ihin.<\/p>\n<h3>Immuniteetti lemmikkej\u00e4 vastaan<\/h3>\n<p>Yksi FLX-A-AM:n merkitt\u00e4vimmist\u00e4 ominaisuuksista on sen vastustuskyky pienempi\u00e4 lemmikkej\u00e4 vastaan. T\u00e4m\u00e4n ansiosta ilmaisinta voidaan k\u00e4ytt\u00e4\u00e4 lemmikkikodeissa ilman huolta v\u00e4\u00e4rist\u00e4 h\u00e4lytyksist\u00e4.<\/p>\n<p>Edistyksellisen teknologian ja \u00e4lykk\u00e4\u00e4n signaalink\u00e4sittelyn ansiosta FLX-A-AM erottaa tehokkaasti ihmiset ja pienet el\u00e4imet ja tarjoaa luotettavan suojan h\u00e4iritsem\u00e4tt\u00e4 jokap\u00e4iv\u00e4ist\u00e4 el\u00e4m\u00e4\u00e4.<\/p>\n<h3>Suojaus ja h\u00e4iri\u00f6suojaus<\/h3>\n<p>FLX-A-AM on varustettu tehokkaalla maskaussuojalla, mik\u00e4 tarkoittaa, ett\u00e4 se on suojattu yrityksilt\u00e4 est\u00e4\u00e4 tai piilottaa tunnistusvy\u00f6hyke.<\/p>\n<p>T\u00e4m\u00e4 tekee siit\u00e4 turvallisen valinnan julkisiin tiloihin tai muihin tiloihin, joissa on t\u00e4rke\u00e4\u00e4 est\u00e4\u00e4 kajotus.<\/p>\n<p>Se on my\u00f6s suojattu ulkoisilta h\u00e4iri\u00f6ilt\u00e4 moniulotteisen analyysin (SMDA) ja kaksijohdinsuojauksen ansiosta, jonka ansiosta ilmaisin voi edelleen tarjota luotettavaa tunnistusta my\u00f6s haastavissa ymp\u00e4rist\u00f6iss\u00e4.<\/p>\n<h3>Helppo asennus ja k\u00e4ytt\u00f6<\/h3>\n<p>FLX-A-AM on suunniteltu helppoon asennukseen ja liitt\u00e4miseen. Liitinrimat irrotetaan helposti ilmaisimesta, mik\u00e4 tekee kaapeliliit\u00e4nn\u00e4st\u00e4 nopeampaa ja helpompaa.<\/p>\n<p>Laite voidaan asentaa 2-3 metrin korkeuteen, joten se sopii sek\u00e4 sein\u00e4- ett\u00e4 kattoasennukseen. Moderni muotoilu, akryylinitriilimuovista, tarjoaa kest\u00e4v\u00e4n yksik\u00f6n, joka kest\u00e4\u00e4 UV-valoa ja s\u00e4ilytt\u00e4\u00e4 valkoisen v\u00e4rins\u00e4 pitk\u00e4aikaisessakin k\u00e4yt\u00f6ss\u00e4.<\/p>\n<h3>Korkea laatu ja luotettavuus<\/h3>\n<p>Optex tunnetaan korkealaatuisista tuotteistaan, eik\u00e4 FLX-A-AM ole poikkeus. Erinomaiset ominaisuudet, kuten s\u00e4\u00e4dett\u00e4v\u00e4 tunnistus, lemmikkiel\u00e4inten suojaus, peitt\u00e4misen esto ja h\u00e4irinn\u00e4n esto, tarjoavat korkean turvallisuuden monissa ymp\u00e4rist\u00f6iss\u00e4.<\/p>\n<p>Sen pitk\u00e4aikainen luotettavuus ja edistyneet tekniset ominaisuudet tekev\u00e4t siit\u00e4 erinomaisen valinnan niille, jotka etsiv\u00e4t ammattimaista ja luotettavaa turvaratkaisua.<\/p>\n<p><strong>Tekniset tiedot:<\/strong><\/p>\n<ul>\n<li><strong>Tunnistusalue:<\/strong> 15 x 15 m (leve\u00e4 palkki) tai 24 x 2 m (pitk\u00e4 palkki)<\/li>\n<li><strong>Immuniteetti lemmikkej\u00e4 vastaan:<\/strong> Kyll\u00e4, pienille lemmikeille<\/li>\n<li><strong>Suojaus suojana:<\/strong> Kyll\u00e4<\/li>\n<li><strong>Asennuskorkeus:<\/strong> 2-3 metri\u00e4<\/li>\n<li><strong>Virtal\u00e4hde:<\/strong> 12 VDC<\/li>\n<li><strong>L\u00e4mp\u00f6tila-alue:<\/strong> -10\u00b0C - +40\u00b0C<\/li>\n<li><strong>Suojaus h\u00e4iri\u00f6it\u00e4 vastaan:<\/strong> Kyll\u00e4, SMDA:lla ja kaksijohdinsuojauksella<\/li>\n<li><strong>Mitata:<\/strong> 92 x 63 x 46 mm<\/li>\n<li><strong>Paino:<\/strong> 110 g<\/li>\n<\/ul>\n<p><strong>Mit\u00e4 pakettiin sis\u00e4ltyy:<\/strong><\/p>\n<ul>\n<li>FLX-A-AM PIR-ilmaisin<\/li>\n<li>Asennusohje<\/li>\n<\/ul>","protected":false},"excerpt":{"rendered":"<p>Optex FLX-A-AM SBSC -hyv\u00e4ksytty PIR-ilmaisin sis\u00e4k\u00e4ytt\u00f6\u00f6n s\u00e4\u00e4dett\u00e4v\u00e4ll\u00e4 tunnistusalueella (15 m leve\u00e4 s\u00e4de tai 24 m pitk\u00e4 s\u00e4de).<\/p>\n<p>Immuuni pienempi\u00e4 lemmikkej\u00e4 vastaan ja maskinkest\u00e4v\u00e4 k\u00e4ytett\u00e4v\u00e4ksi julkisissa tiloissa.<\/p>","protected":false},"featured_media":140467,"template":"","meta":{"_acf_changed":false},"product_brand":[],"product_cat":[1325],"product_tag":[2989,2145,2466],"class_list":{"0":"post-84853","1":"product","2":"type-product","3":"status-publish","4":"has-post-thumbnail","6":"product_cat-larmgivare-skalskydd","7":"product_tag-egen-logo-ej-taggar-kort","8":"product_tag-rorelsedetektor-ir-detektorer","9":"product_tag-sbsc-larmklass3","10":"product_shipping_class-postnord-varubrev","11":"pa_brands-optex","12":"tm-no-options","14":"first","15":"instock","16":"featured","17":"taxable","18":"shipping-taxable","19":"purchasable","20":"product-type-simple"},"acf":[],"_links":{"self":[{"href":"https:\/\/secureus.se\/fi\/wp-json\/wp\/v2\/product\/84853","targetHints":{"allow":["GET"]}}],"collection":[{"href":"https:\/\/secureus.se\/fi\/wp-json\/wp\/v2\/product"}],"about":[{"href":"https:\/\/secureus.se\/fi\/wp-json\/wp\/v2\/types\/product"}],"wp:featuredmedia":[{"embeddable":true,"href":"https:\/\/secureus.se\/fi\/wp-json\/wp\/v2\/media\/140467"}],"wp:attachment":[{"href":"https:\/\/secureus.se\/fi\/wp-json\/wp\/v2\/media?parent=84853"}],"wp:term":[{"taxonomy":"product_brand","embeddable":true,"href":"https:\/\/secureus.se\/fi\/wp-json\/wp\/v2\/product_brand?post=84853"},{"taxonomy":"product_cat","embeddable":true,"href":"https:\/\/secureus.se\/fi\/wp-json\/wp\/v2\/product_cat?post=84853"},{"taxonomy":"product_tag","embeddable":true,"href":"https:\/\/secureus.se\/fi\/wp-json\/wp\/v2\/product_tag?post=84853"}],"curies":[{"name":"wp","href":"https:\/\/api.w.org\/{rel}","templated":true}]}}