{"id":84855,"date":"2023-03-27T11:43:39","date_gmt":"2023-03-27T09:43:39","guid":{"rendered":"https:\/\/secureus.se\/produkt\/ir-detektor-blueline12m-isc-bpr2-wp12-pet-djur-pir\/"},"modified":"2026-04-01T13:28:45","modified_gmt":"2026-04-01T11:28:45","slug":"ir-detektor-blueline-isc-bpr2-wp12-12m-husdjursimmunitet-pir-bosch","status":"publish","type":"product","link":"https:\/\/secureus.se\/fi\/ir-detektor-blueline-isc-bpr2-wp12-12m-husdjursimmunitet-pir-bosch\/","title":{"rendered":"Bosch Blueline ISC-BPR2-WP12 \u2013 12M lemmikkiel\u00e4inten immuniteetti 12 metri\u00e4 90 astetta ry\u00f6mint\u00e4vy\u00f6hykkeell\u00e4"},"content":{"rendered":"<h1>Bosch Blueline ISC-BPR2-WP12 \u2013 12M lemmikkiel\u00e4inten immuniteetti 12 metri\u00e4 90 astetta ry\u00f6mint\u00e4vy\u00f6hykkeell\u00e4<\/h1>\n<p data-start=\"361\" data-end=\"1207\">Bosch Blueline ISC-BPR2-WP12 on edistynyt infrapunatunnistin, joka on suunniteltu tarjoamaan korkeaa luotettavuutta ja tarkkuutta tunnistuksessa. Se sopii t\u00e4ydellisesti k\u00e4ytett\u00e4v\u00e4ksi sek\u00e4 kodeissa ett\u00e4 liikekiinteist\u00f6iss\u00e4.<\/p>\n<p data-start=\"361\" data-end=\"1207\">12 x 12 metrin peittoalueen ja valittavan lemmikkien tunnistusasteen jopa 20 kg:aan asti ansiosta t\u00e4m\u00e4 ilmaisin sopii ihanteellisesti ymp\u00e4rist\u00f6ihin, joissa on lemmikkej\u00e4, ilman v\u00e4\u00e4rien h\u00e4lytysten riski\u00e4.<br data-start=\"753\" data-end=\"756\" \/>Ilmaisin k\u00e4ytt\u00e4\u00e4 First Step Processing (FSP) -tekniikkaa nopeaan ja tarkkaan havaitsemiseen sek\u00e4 dynaamista l\u00e4mp\u00f6tilakompensointia luotettavuuden varmistamiseksi eri l\u00e4mp\u00f6tiloissa.<br data-start=\"943\" data-end=\"946\" \/>Joustavan kiinnitysmenetelm\u00e4n ansiosta, joka ei vaadi korkeuss\u00e4\u00e4t\u00f6j\u00e4, ja kaksiosaisen itselukittuvan kotelon ansiosta ISC-BPR2-WP12 on helppo asentaa ja huoltaa.<\/p>\n<p data-start=\"361\" data-end=\"1207\">Se on SBSC-sertifioitu h\u00e4lytysluokan 2 mukaisesti ja sopii erinomaisesti sek\u00e4 yksityisiin ett\u00e4 kaupallisiin ymp\u00e4rist\u00f6ihin.<\/p>\n<p data-start=\"1209\" data-end=\"1239\"><strong data-start=\"1209\" data-end=\"1237\">Ominaisuudet ja edut:<\/strong><\/p>\n<ul data-start=\"1240\" data-end=\"1608\">\n<li data-start=\"1240\" data-end=\"1270\">\n<p data-start=\"1242\" data-end=\"1270\">Peittoalue: 12 x 12 m<\/p>\n<\/li>\n<li data-start=\"1271\" data-end=\"1314\">\n<p data-start=\"1273\" data-end=\"1314\">Lemmikkien immuniteetti valittavissa, jopa 20 kg<\/p>\n<\/li>\n<li data-start=\"1315\" data-end=\"1388\">\n<p data-start=\"1317\" data-end=\"1388\">First Step Processing (FSP) -tekniikka nopeaan ja tarkkaan tunnistukseen<\/p>\n<\/li>\n<li data-start=\"1389\" data-end=\"1463\">\n<p data-start=\"1391\" data-end=\"1463\">Dynaaminen l\u00e4mp\u00f6tilakompensointi luotettavuuden takaamiseksi vaihtelevissa l\u00e4mp\u00f6tiloissa<\/p>\n<\/li>\n<li data-start=\"1464\" data-end=\"1520\">\n<p data-start=\"1466\" data-end=\"1520\">Helppo ja joustava asennus ilman korkeuss\u00e4\u00e4t\u00f6j\u00e4<\/p>\n<\/li>\n<li data-start=\"1521\" data-end=\"1577\">\n<p data-start=\"1523\" data-end=\"1577\">Kaksiosainen itselukittuva kotelo helpottaa huoltoa<\/p>\n<\/li>\n<li data-start=\"1578\" data-end=\"1608\">\n<p data-start=\"1580\" data-end=\"1608\">SBSC-sertifioitu h\u00e4lytysluokka 2<\/p>\n<\/li>\n<\/ul>\n<p data-start=\"1610\" data-end=\"1641\"><strong data-start=\"1610\" data-end=\"1639\">Tekniset tiedot:<\/strong><\/p>\n<ul data-start=\"1642\" data-end=\"1873\">\n<li data-start=\"1642\" data-end=\"1682\">\n<p data-start=\"1644\" data-end=\"1682\">Raportointitapa: Passiivinen infrapuna<\/p>\n<\/li>\n<li data-start=\"1683\" data-end=\"1710\">\n<p data-start=\"1685\" data-end=\"1710\">Tunnistusalue: 94\u00b0<\/p>\n<\/li>\n<li data-start=\"1711\" data-end=\"1738\">\n<p data-start=\"1713\" data-end=\"1738\">K\u00e4ytt\u00f6j\u00e4nnite: 9\u201315 V<\/p>\n<\/li>\n<li data-start=\"1739\" data-end=\"1760\">\n<p data-start=\"1741\" data-end=\"1760\">K\u00e4ytt\u00f6virta: 10 mA<\/p>\n<\/li>\n<li data-start=\"1761\" data-end=\"1805\">\n<p data-start=\"1763\" data-end=\"1805\">Mitat: 61 mm (L) x 44 mm (S) x 105 mm (K)<\/p>\n<\/li>\n<li data-start=\"1806\" data-end=\"1841\">\n<p data-start=\"1808\" data-end=\"1841\">Asennustapa: Pinta-asennus<\/p>\n<\/li>\n<li data-start=\"1842\" data-end=\"1873\">\n<p data-start=\"1844\" data-end=\"1873\">H\u00e4lytysluokka: SBSC H\u00e4lytysluokka 2<\/p>\n<\/li>\n<\/ul>\n<p data-start=\"1875\" data-end=\"1900\"><strong data-start=\"1875\" data-end=\"1898\">K\u00e4ytt\u00f6alueet:<\/strong><\/p>\n<ul data-start=\"1901\" data-end=\"1990\">\n<li data-start=\"1901\" data-end=\"1943\">\n<p data-start=\"1903\" data-end=\"1943\">Kodit, toimistot ja liikerakennukset<\/p>\n<\/li>\n<li data-start=\"1944\" data-end=\"1990\">\n<p data-start=\"1946\" data-end=\"1990\">Lemmikkiel\u00e4inten kanssa k\u00e4yt\u00e4v\u00e4t ymp\u00e4rist\u00f6t ilman v\u00e4\u00e4rien h\u00e4lytysten riski\u00e4<\/p>\n<\/li>\n<\/ul>","protected":false},"excerpt":{"rendered":"<p>IR-ilmaisin, jonka peittoalue on 12 x 12 m ja lemmikkiel\u00e4inten tunnistus valittavissa jopa 20 kg:aan asti.<\/p>\n<p>Ihanteellinen koteihin ja liikekiinteist\u00f6ihin, First Step Processing -teknologia takaa tarkan tunnistuksen.<\/p>","protected":false},"featured_media":141456,"template":"","meta":{"_acf_changed":false},"product_brand":[],"product_cat":[1325],"product_tag":[2145,2418,2465],"class_list":{"0":"post-84855","1":"product","2":"type-product","3":"status-publish","4":"has-post-thumbnail","6":"product_cat-larmgivare-skalskydd","7":"product_tag-rorelsedetektor-ir-detektorer","8":"product_tag-rel-larmgivare","9":"product_tag-sbsc-larmklass2","10":"product_shipping_class-postnord-varubrev","11":"pa_brands-bosch","12":"tm-no-options","14":"first","15":"instock","16":"sale","17":"featured","18":"taxable","19":"shipping-taxable","20":"purchasable","21":"product-type-simple"},"acf":[],"_links":{"self":[{"href":"https:\/\/secureus.se\/fi\/wp-json\/wp\/v2\/product\/84855","targetHints":{"allow":["GET"]}}],"collection":[{"href":"https:\/\/secureus.se\/fi\/wp-json\/wp\/v2\/product"}],"about":[{"href":"https:\/\/secureus.se\/fi\/wp-json\/wp\/v2\/types\/product"}],"wp:featuredmedia":[{"embeddable":true,"href":"https:\/\/secureus.se\/fi\/wp-json\/wp\/v2\/media\/141456"}],"wp:attachment":[{"href":"https:\/\/secureus.se\/fi\/wp-json\/wp\/v2\/media?parent=84855"}],"wp:term":[{"taxonomy":"product_brand","embeddable":true,"href":"https:\/\/secureus.se\/fi\/wp-json\/wp\/v2\/product_brand?post=84855"},{"taxonomy":"product_cat","embeddable":true,"href":"https:\/\/secureus.se\/fi\/wp-json\/wp\/v2\/product_cat?post=84855"},{"taxonomy":"product_tag","embeddable":true,"href":"https:\/\/secureus.se\/fi\/wp-json\/wp\/v2\/product_tag?post=84855"}],"curies":[{"name":"wp","href":"https:\/\/api.w.org\/{rel}","templated":true}]}}