{"id":84858,"date":"2023-02-20T14:25:13","date_gmt":"2023-02-20T13:25:13","guid":{"rendered":"https:\/\/secureus.se\/produkt\/flx-s-dt-flipx-standard-indoor-pir-with-dual-technology\/"},"modified":"2026-03-10T12:32:46","modified_gmt":"2026-03-10T11:32:46","slug":"optex-flx-s-dt-flipx-standard-indoor-pir","status":"publish","type":"product","link":"https:\/\/secureus.se\/fi\/optex-flx-s-dt-flipx-standard-indoor-pir\/","title":{"rendered":"Optex FLX-S-DT FlipX yhdistelm\u00e4ilmaisin PIR+mikroaaltouuni 15m 85 astetta tai 24 metri\u00e4 pitk\u00e4 s\u00e4de"},"content":{"rendered":"<h1>Optex FLX-S-DT on osa uutta FlipX Standard -sarjaa, joka tunnetaan innovatiivisista antureistaan, jotka tarjoavat yhdistelm\u00e4n PIR (passiivinen infrapuna) ja mikroaaltouuniteknologiaa.<\/h1>\n<p>T\u00e4m\u00e4 kaksoistekniikka parantaa havaitsemisen tarkkuutta ja luotettavuutta, mik\u00e4 tekee siit\u00e4 ihanteellisen k\u00e4ytett\u00e4v\u00e4ksi haastavissa sis\u00e4ymp\u00e4rist\u00f6iss\u00e4, joissa h\u00e4iri\u00f6t ja l\u00e4mp\u00f6tilan muutokset voivat vaikuttaa perinteiseen PIR-tekniikkaan.<\/p>\n<p>Ilmaisin on varustettu py\u00f6riv\u00e4ll\u00e4 linssill\u00e4, joka tarjoaa suuren joustavuuden mahdollistamalla tunnistusalueen s\u00e4\u00e4t\u00e4misen laajemmasta 12 metrin, 85 asteen katselukulmasta kapeampaan ja tarkempaan jopa 18 metriin.<\/p>\n<p>T\u00e4m\u00e4n s\u00e4\u00e4dett\u00e4vyyden ansiosta FLX-S-DT kattaa erilaiset asennustarpeet, olipa kyse suurista huoneista tai kapeista k\u00e4yt\u00e4vist\u00e4.<\/p>\n<p>FLX-S-DT:n uudella pyros\u00e4hk\u00f6isell\u00e4 elementill\u00e4 saat ylivertaisen lemmikin sietokyvyn ja paremman ihmisen sieppaussuorituskyvyn, mik\u00e4 helpottaa pienempien lemmikkien liikkeiden huomioimatta j\u00e4tt\u00e4mist\u00e4 turvallisuudesta tinkim\u00e4tt\u00e4.<\/p>\n<p>T\u00e4m\u00e4 tekee anturista erityisen hy\u00f6dyllisen kotitalouksissa, joissa on lemmikkiel\u00e4imi\u00e4, joissa v\u00e4\u00e4r\u00e4t h\u00e4lytykset voivat olla ongelma perinteisiss\u00e4 ilmaisimissa.<\/p>\n<p>Optex FLX-S-DT on my\u00f6s suunniteltu edistyneell\u00e4 h\u00e4irinn\u00e4nestotoiminnalla ja parannetulla LED-ilmaisimella, joka helpottaa laitteen tilan n\u00e4kemist\u00e4 kaukaakin.<\/p>\n<p>Se k\u00e4ytt\u00e4\u00e4 my\u00f6s patentoitua SMDA-algoritmia, joka auttaa anturia ymm\u00e4rt\u00e4m\u00e4\u00e4n ja analysoimaan ymp\u00e4rist\u00f6n muutoksia ja poistamaan tehokkaasti v\u00e4\u00e4ri\u00e4 h\u00e4lytyksi\u00e4, kuten valon heijastuksia tai varjoja.<\/p>\n<p>FLX-S-DT:n asennus on yksinkertaista ja nopeaa, ja tunnistin voidaan asentaa sein\u00e4lle tai kattoon tarpeen mukaan.<\/p>\n<p>Vankan rakenteensa ja kykyns\u00e4 mukauttaa tunnistusta erilaisiin ymp\u00e4rist\u00f6ihin ja k\u00e4ytt\u00e4jien erityistarpeisiin ansiosta t\u00e4m\u00e4 PIR-anturi on t\u00e4ydellinen sek\u00e4 yksityiskoteihin ett\u00e4 pieniin liikekiinteist\u00f6ihin.<\/p>\n<p>Sill\u00e4 on my\u00f6s pitk\u00e4 k\u00e4ytt\u00f6ik\u00e4 ja se voidaan asentaa 2-3 metrin korkeuteen, mik\u00e4 tekee siit\u00e4 joustavan ratkaisun erilaisiin turvallisuustarpeisiin.<\/p>\n<p><strong>Tekniset tiedot:<\/strong><\/p>\n<ul>\n<li><strong>Tunnistustekniikka:<\/strong> PIR- ja mikroaaltouunitunnistus (Dual-Tech)<\/li>\n<li><strong>Tunnistusalue:<\/strong> Jopa 12 metri\u00e4 leve\u00e4, 18 metri\u00e4 kapea<\/li>\n<li><strong>Py\u00f6ritett\u00e4v\u00e4 linssi:<\/strong> Kyll\u00e4, tunnistusalueen s\u00e4\u00e4t\u00f6\u00f6n<\/li>\n<li><strong>Lemmikkiel\u00e4inten sietokyky:<\/strong> Kyll\u00e4, parannetulla pyros\u00e4hk\u00f6isell\u00e4 elementill\u00e4<\/li>\n<li><strong>Asennuskorkeus:<\/strong> 2-3 metri\u00e4<\/li>\n<li><strong>Ominaisuudet:<\/strong> SMDA-algoritmi v\u00e4\u00e4rien h\u00e4lytysten minimoimiseksi, h\u00e4irinn\u00e4nestoj\u00e4rjestelm\u00e4, LED-tilan ilmaisin<\/li>\n<li><strong>Virtal\u00e4hde:<\/strong> 12V DC<\/li>\n<li><strong>L\u00e4mp\u00f6tila-alue:<\/strong> -20\u00b0C - +50\u00b0C<\/li>\n<\/ul>","protected":false},"excerpt":{"rendered":"<p>Optex FLX-S-DT on edistyksellinen PIR-anturi, jossa on kaksi teknologiaa (PIR + mikroaaltotunnistus) sis\u00e4k\u00e4ytt\u00f6\u00f6n.<\/p>\n<p>Py\u00f6ritett\u00e4v\u00e4ll\u00e4 linssill\u00e4, jonka avulla voit helposti s\u00e4\u00e4t\u00e4\u00e4 tunnistusaluetta, ilmaisin on t\u00e4ydellinen valinta sek\u00e4 asuin- ett\u00e4 pieniin kaupallisiin asennuksiin.<\/p>","protected":false},"featured_media":138481,"template":"","meta":{"_acf_changed":false},"product_brand":[],"product_cat":[1325],"product_tag":[2989,2145,2465],"class_list":{"0":"post-84858","1":"product","2":"type-product","3":"status-publish","4":"has-post-thumbnail","6":"product_cat-larmgivare-skalskydd","7":"product_tag-egen-logo-ej-taggar-kort","8":"product_tag-rorelsedetektor-ir-detektorer","9":"product_tag-sbsc-larmklass2","10":"product_shipping_class-postnord-varubrev","11":"pa_brands-optex","12":"tm-no-options","14":"first","15":"instock","16":"featured","17":"taxable","18":"shipping-taxable","19":"purchasable","20":"product-type-simple"},"acf":[],"_links":{"self":[{"href":"https:\/\/secureus.se\/fi\/wp-json\/wp\/v2\/product\/84858","targetHints":{"allow":["GET"]}}],"collection":[{"href":"https:\/\/secureus.se\/fi\/wp-json\/wp\/v2\/product"}],"about":[{"href":"https:\/\/secureus.se\/fi\/wp-json\/wp\/v2\/types\/product"}],"wp:featuredmedia":[{"embeddable":true,"href":"https:\/\/secureus.se\/fi\/wp-json\/wp\/v2\/media\/138481"}],"wp:attachment":[{"href":"https:\/\/secureus.se\/fi\/wp-json\/wp\/v2\/media?parent=84858"}],"wp:term":[{"taxonomy":"product_brand","embeddable":true,"href":"https:\/\/secureus.se\/fi\/wp-json\/wp\/v2\/product_brand?post=84858"},{"taxonomy":"product_cat","embeddable":true,"href":"https:\/\/secureus.se\/fi\/wp-json\/wp\/v2\/product_cat?post=84858"},{"taxonomy":"product_tag","embeddable":true,"href":"https:\/\/secureus.se\/fi\/wp-json\/wp\/v2\/product_tag?post=84858"}],"curies":[{"name":"wp","href":"https:\/\/api.w.org\/{rel}","templated":true}]}}