{"id":84860,"date":"2023-01-04T17:29:24","date_gmt":"2023-01-04T16:29:24","guid":{"rendered":"https:\/\/secureus.se\/produkt\/optex-pir-mw-cdx-dam-kombi-15x15-meter-antimask-sbsc-klass-3\/"},"modified":"2026-04-01T13:25:55","modified_gmt":"2026-04-01T11:25:55","slug":"optex-cdx-dam-pir-mikrovagsdetektor","status":"publish","type":"product","link":"https:\/\/secureus.se\/fi\/optex-cdx-dam-pir-mikrovagsdetektor\/","title":{"rendered":"Optex CDX-DAM-X5 PIR\/Mikroaaltoilmaisin 15 metri\u00e4 Anti-mask"},"content":{"rendered":"<h1>Optex CDX-DAM PIR\/Microwave Detector on ensiluokkainen tietoturvaratkaisu alueille, joissa korkea luotettavuus on v\u00e4ltt\u00e4m\u00e4t\u00f6nt\u00e4.<\/h1>\n<p>Se yhdist\u00e4\u00e4 passiivisen infrapuna- (PIR) ja mikroaaltouuniteknologian tarjoamaan tarkan ja nopean liikkeentunnistuksen.<\/p>\n<p>Yksi merkitt\u00e4vimmist\u00e4 ominaisuuksista on aktiivinen IR-naamioinnin esto, joka suojaa ilmaisinta yrityksilt\u00e4 peitt\u00e4\u00e4 tai manipuloida signaaleja, mik\u00e4 tekee siit\u00e4 ihanteellisen valinnan korkealuokkaisiin tiloihin.<\/p>\n<p>Jopa 15 x 15 metrin tunnistusalue laajalle s\u00e4teelle ja 24 x 2 metri\u00e4 pitk\u00e4lle s\u00e4teelle, se kattaa laajan alueen.<\/p>\n<p>Py\u00f6ritett\u00e4v\u00e4n linssin ansiosta tunnistusalue voidaan s\u00e4\u00e4t\u00e4\u00e4 erilaisiin asennustarpeisiin sopivaksi. Pitk\u00e4n s\u00e4teen toimintoa k\u00e4ytett\u00e4ess\u00e4 mikroaaltoelementti irrotetaan tarkkuuden maksimoimiseksi.<\/p>\n<p>CDX-DAM on my\u00f6s varustettu kaksoisjohtavalla n\u00e4yt\u00f6ll\u00e4, joka suojaa voimakkaan valon tai RF-h\u00e4iri\u00f6iden aiheuttamilta h\u00e4iri\u00f6ilt\u00e4, mik\u00e4 varmistaa vakaan ja luotettavan havaitsemisen koko valvonta-alueella.<\/p>\n<p>Se on my\u00f6s varustettu \u00e4skett\u00e4in kehitetyll\u00e4 digitaalisella signaaliprosessorilla, joka tekee havaitsemisesta ja analysoinnista tarkempaa.<\/p>\n<p>Asennuksessa on mahdollista k\u00e4ytt\u00e4\u00e4 EOL (End of Line) -vastuksia, joilla tunnistin on helppo liitt\u00e4\u00e4 eri h\u00e4lytysj\u00e4rjestelmiin.<\/p>\n<p>Ilmaisin on my\u00f6s varustettu peukalointil\u00e4hd\u00f6ll\u00e4, ja se tunnistaa nopeasti, jos joku yritt\u00e4\u00e4 peukaloida laitetta.<\/p>\n<p>Akryylinitriilimuovin ansiosta se kest\u00e4\u00e4 UV-valoa, pit\u00e4\u00e4 ilmaisimen valkoisena ja n\u00e4ytt\u00e4\u00e4 hyv\u00e4lt\u00e4 pitk\u00e4\u00e4n.<\/p>\n<p><strong>Tekniset tiedot:<\/strong><\/p>\n<ul>\n<li><strong>Tunnistusalue:<\/strong> 15 x 15 m leve\u00e4 palkki, 24 x 2 m pitk\u00e4 palkki<\/li>\n<li><strong>Tunnistustekniikka:<\/strong> PIR ja mikroaaltouuni<\/li>\n<li><strong>L\u00e4mp\u00f6tila-alue:<\/strong> -10\u00b0C - +50\u00b0C<\/li>\n<li><strong>Virtal\u00e4hde:<\/strong> 9-18 V DC<\/li>\n<li><strong>Virrankulutus:<\/strong> 19-26mA<\/li>\n<li><strong>H\u00e4lytysl\u00e4ht\u00f6:<\/strong> NC 28 V DC 0,2 A max<\/li>\n<li><strong>Peukalointil\u00e4ht\u00f6:<\/strong> NC 28 V DC 0,1 A max<\/li>\n<li><strong>Suojausluokka:<\/strong> IP30<\/li>\n<li><strong>Mitata:<\/strong> 140 x 70 x 52,3 mm<\/li>\n<li><strong>Paino:<\/strong> 180 g<\/li>\n<li><strong>Asennus:<\/strong> Sein\u00e4- tai kattoasennus, korkeus 2-3 m<\/li>\n<\/ul>","protected":false},"excerpt":{"rendered":"<p>Optex CDX-DAM on edistynyt PIR\/mikroaaltoilmaisin aktiivisella IR-suojauksella, suunniteltu korkean turvallisuuden ymp\u00e4rist\u00f6ihin ja hyv\u00e4ksytty SBSC Alarm Class 3:n mukaan.<\/p>\n<p>Se tarjoaa joustavan tunnistuksen s\u00e4\u00e4dett\u00e4v\u00e4ll\u00e4 kantamalla ja yhdist\u00e4\u00e4 PIR- ja mikroaaltouuniteknologian v\u00e4\u00e4rien h\u00e4lytysten minimoimiseksi.<\/p>","protected":false},"featured_media":141281,"template":"","meta":{"_acf_changed":false},"product_brand":[],"product_cat":[1325],"product_tag":[2146,3067],"class_list":{"0":"post-84860","1":"product","2":"type-product","3":"status-publish","4":"has-post-thumbnail","6":"product_cat-larmgivare-skalskydd","7":"product_tag-rorelsedetektor-kombidetektorer","8":"product_tag-optex-cdx-outlet","9":"product_shipping_class-postnord-varubrev","10":"pa_brands-optex","11":"tm-no-options","13":"first","14":"instock","15":"sale","16":"featured","17":"taxable","18":"shipping-taxable","19":"purchasable","20":"product-type-simple"},"acf":[],"_links":{"self":[{"href":"https:\/\/secureus.se\/fi\/wp-json\/wp\/v2\/product\/84860","targetHints":{"allow":["GET"]}}],"collection":[{"href":"https:\/\/secureus.se\/fi\/wp-json\/wp\/v2\/product"}],"about":[{"href":"https:\/\/secureus.se\/fi\/wp-json\/wp\/v2\/types\/product"}],"wp:featuredmedia":[{"embeddable":true,"href":"https:\/\/secureus.se\/fi\/wp-json\/wp\/v2\/media\/141281"}],"wp:attachment":[{"href":"https:\/\/secureus.se\/fi\/wp-json\/wp\/v2\/media?parent=84860"}],"wp:term":[{"taxonomy":"product_brand","embeddable":true,"href":"https:\/\/secureus.se\/fi\/wp-json\/wp\/v2\/product_brand?post=84860"},{"taxonomy":"product_cat","embeddable":true,"href":"https:\/\/secureus.se\/fi\/wp-json\/wp\/v2\/product_cat?post=84860"},{"taxonomy":"product_tag","embeddable":true,"href":"https:\/\/secureus.se\/fi\/wp-json\/wp\/v2\/product_tag?post=84860"}],"curies":[{"name":"wp","href":"https:\/\/api.w.org\/{rel}","templated":true}]}}