{"id":85031,"date":"2022-06-28T13:05:08","date_gmt":"2022-06-28T11:05:08","guid":{"rendered":"https:\/\/secureus.se\/produkt\/glaskrossdetektor-gd-330-6\/"},"modified":"2026-03-26T12:00:14","modified_gmt":"2026-03-26T11:00:14","slug":"glaskrossdetektor-gd-330-6","status":"publish","type":"product","link":"https:\/\/secureus.se\/fi\/glaskrossdetektor-gd-330-6\/","title":{"rendered":"Lasinrikon ilmaisin Gd 330-6"},"content":{"rendered":"<p>Lasinrikon ilmaisin relel\u00e4hd\u00f6ll\u00e4. Py\u00f6re\u00e4, mink\u00e4 vuoksi se ei voi koskaan istua vinossa. Ilmaisin on liimattu lasiosaan. Nopeaa ja helppoa asennusta varten mukana tulee malli, mela ja kaapelin kevennys. Valkoinen. Ei sovellu laminoidulle lasille. 6 m kaapeli.<\/p>","protected":false},"excerpt":{"rendered":"<p>Lasinrikon ilmaisin relel\u00e4hd\u00f6ll\u00e4. Py\u00f6re\u00e4, mink\u00e4 vuoksi se ei voi koskaan istua vinossa. Ilmaisin on liimattu lasiosaan. Nopeaa ja helppoa asennusta varten mukana tulee malli, mela ja kaapelin kevennys. Valkoinen. Ei sovellu laminoituun<\/p>","protected":false},"featured_media":143207,"template":"","meta":{"_acf_changed":false},"product_brand":[],"product_cat":[3085],"product_tag":[2283,2418],"class_list":{"0":"post-85031","1":"product","2":"type-product","3":"status-publish","4":"has-post-thumbnail","6":"product_cat-vibationsdetektorer-glaskrossdetektorer","7":"product_tag-glaskross-limmad-4-trad","8":"product_tag-rel-larmgivare","9":"product_shipping_class-postnord-varubrev","10":"pa_brands-alarmtech","11":"pa_farg-vit","12":"tm-no-options","14":"first","15":"instock","16":"sale","17":"featured","18":"taxable","19":"shipping-taxable","20":"purchasable","21":"product-type-simple"},"acf":[],"_links":{"self":[{"href":"https:\/\/secureus.se\/fi\/wp-json\/wp\/v2\/product\/85031","targetHints":{"allow":["GET"]}}],"collection":[{"href":"https:\/\/secureus.se\/fi\/wp-json\/wp\/v2\/product"}],"about":[{"href":"https:\/\/secureus.se\/fi\/wp-json\/wp\/v2\/types\/product"}],"wp:featuredmedia":[{"embeddable":true,"href":"https:\/\/secureus.se\/fi\/wp-json\/wp\/v2\/media\/143207"}],"wp:attachment":[{"href":"https:\/\/secureus.se\/fi\/wp-json\/wp\/v2\/media?parent=85031"}],"wp:term":[{"taxonomy":"product_brand","embeddable":true,"href":"https:\/\/secureus.se\/fi\/wp-json\/wp\/v2\/product_brand?post=85031"},{"taxonomy":"product_cat","embeddable":true,"href":"https:\/\/secureus.se\/fi\/wp-json\/wp\/v2\/product_cat?post=85031"},{"taxonomy":"product_tag","embeddable":true,"href":"https:\/\/secureus.se\/fi\/wp-json\/wp\/v2\/product_tag?post=85031"}],"curies":[{"name":"wp","href":"https:\/\/api.w.org\/{rel}","templated":true}]}}