{"id":85043,"date":"2022-06-28T13:04:57","date_gmt":"2022-06-28T11:04:57","guid":{"rendered":"https:\/\/secureus.se\/produkt\/glaskrossdetektor-gd-335\/"},"modified":"2026-03-26T11:57:06","modified_gmt":"2026-03-26T10:57:06","slug":"glaskrossdetektor-gd-335","status":"publish","type":"product","link":"https:\/\/secureus.se\/fi\/glaskrossdetektor-gd-335\/","title":{"rendered":"Lasinrikon ilmaisin Gd 335"},"content":{"rendered":"<p>Lasiniskun ilmaisin transistoril\u00e4hd\u00f6ll\u00e4. Yhdistet\u00e4\u00e4n IU 300 -liit\u00e4nn\u00e4n kautta. Py\u00f6re\u00e4, ei voi koskaan istua vinossa. Ilmaisin on liimattu lasiin. Nopeaa\/helppoa asennusta varten mukana tulee malli, mela ja kaapelin kevennys. Valkoinen. Ei sovellu laminoidulle lasille. 3 m kaapeli.<\/p>","protected":false},"excerpt":{"rendered":"<p>Glaskrossdetektor med transistorutg\u00e5ng. Ansluts via IU 300 interface. Rund, kan aldrig sitta snett. Detektorn limmas p\u00e5 glaset. F\u00f6r snabb\/enkel installation ing\u00e5r en schablon, paddel och kabelavlastning. Vit. Ej l\u00e4mplig f\u00f6r<\/p>","protected":false},"featured_media":143224,"template":"","meta":{"_acf_changed":false},"product_brand":[],"product_cat":[3085],"product_tag":[2284],"class_list":{"0":"post-85043","1":"product","2":"type-product","3":"status-publish","4":"has-post-thumbnail","6":"product_cat-vibationsdetektorer-glaskrossdetektorer","7":"product_tag-glaskross-limmad-2-trad","8":"product_shipping_class-postnord-varubrev","9":"pa_brands-alarmtech","10":"pa_farg-vit","11":"tm-no-options","13":"first","14":"instock","15":"sale","16":"featured","17":"taxable","18":"shipping-taxable","19":"purchasable","20":"product-type-simple"},"acf":[],"_links":{"self":[{"href":"https:\/\/secureus.se\/fi\/wp-json\/wp\/v2\/product\/85043","targetHints":{"allow":["GET"]}}],"collection":[{"href":"https:\/\/secureus.se\/fi\/wp-json\/wp\/v2\/product"}],"about":[{"href":"https:\/\/secureus.se\/fi\/wp-json\/wp\/v2\/types\/product"}],"wp:featuredmedia":[{"embeddable":true,"href":"https:\/\/secureus.se\/fi\/wp-json\/wp\/v2\/media\/143224"}],"wp:attachment":[{"href":"https:\/\/secureus.se\/fi\/wp-json\/wp\/v2\/media?parent=85043"}],"wp:term":[{"taxonomy":"product_brand","embeddable":true,"href":"https:\/\/secureus.se\/fi\/wp-json\/wp\/v2\/product_brand?post=85043"},{"taxonomy":"product_cat","embeddable":true,"href":"https:\/\/secureus.se\/fi\/wp-json\/wp\/v2\/product_cat?post=85043"},{"taxonomy":"product_tag","embeddable":true,"href":"https:\/\/secureus.se\/fi\/wp-json\/wp\/v2\/product_tag?post=85043"}],"curies":[{"name":"wp","href":"https:\/\/api.w.org\/{rel}","templated":true}]}}