{"id":85050,"date":"2022-06-28T13:04:50","date_gmt":"2022-06-28T11:04:50","guid":{"rendered":"https:\/\/secureus.se\/produkt\/analysator-iu-300\/"},"modified":"2026-04-23T11:19:38","modified_gmt":"2026-04-23T09:19:38","slug":"analysator-iu-300","status":"publish","type":"product","link":"https:\/\/secureus.se\/fi\/analysator-iu-300\/","title":{"rendered":"Analysaattori IU 300"},"content":{"rendered":"<p>Analysaattoriyksikk\u00f6 GD 335- ja GD 375 -sarjojen lasinsirujen ilmaisimille keskuslaitteeseen liitt\u00e4mist\u00e4 varten. Jopa 20 ilmaisinta voidaan liitt\u00e4\u00e4 yhteen analysaattoriyksikk\u00f6\u00f6n. Valkoinen muovikotelo.<\/p>","protected":false},"excerpt":{"rendered":"<p>Analysaattoriyksikk\u00f6 GD 335- ja GD 375 -sarjojen lasinsirujen ilmaisimille keskuslaitteeseen liitt\u00e4mist\u00e4 varten. Jopa 20 ilmaisinta voidaan liitt\u00e4\u00e4 yhteen analysaattoriyksikk\u00f6\u00f6n. Valkoinen muovikotelo.<\/p>","protected":false},"featured_media":143294,"template":"","meta":{"_acf_changed":false},"product_brand":[],"product_cat":[3085],"product_tag":[2278,2418],"class_list":{"0":"post-85050","1":"product","2":"type-product","3":"status-publish","4":"has-post-thumbnail","6":"product_cat-vibationsdetektorer-glaskrossdetektorer","7":"product_tag-glaskross-aterstallningsenheter-analysator","8":"product_tag-rel-larmgivare","9":"product_shipping_class-postnord-varubrev","10":"pa_brands-alarmtech","11":"pa_farg-vit","12":"tm-no-options","14":"first","15":"instock","16":"sale","17":"featured","18":"taxable","19":"shipping-taxable","20":"purchasable","21":"product-type-simple"},"acf":[],"_links":{"self":[{"href":"https:\/\/secureus.se\/fi\/wp-json\/wp\/v2\/product\/85050","targetHints":{"allow":["GET"]}}],"collection":[{"href":"https:\/\/secureus.se\/fi\/wp-json\/wp\/v2\/product"}],"about":[{"href":"https:\/\/secureus.se\/fi\/wp-json\/wp\/v2\/types\/product"}],"wp:featuredmedia":[{"embeddable":true,"href":"https:\/\/secureus.se\/fi\/wp-json\/wp\/v2\/media\/143294"}],"wp:attachment":[{"href":"https:\/\/secureus.se\/fi\/wp-json\/wp\/v2\/media?parent=85050"}],"wp:term":[{"taxonomy":"product_brand","embeddable":true,"href":"https:\/\/secureus.se\/fi\/wp-json\/wp\/v2\/product_brand?post=85050"},{"taxonomy":"product_cat","embeddable":true,"href":"https:\/\/secureus.se\/fi\/wp-json\/wp\/v2\/product_cat?post=85050"},{"taxonomy":"product_tag","embeddable":true,"href":"https:\/\/secureus.se\/fi\/wp-json\/wp\/v2\/product_tag?post=85050"}],"curies":[{"name":"wp","href":"https:\/\/api.w.org\/{rel}","templated":true}]}}