{"id":85059,"date":"2022-06-28T13:04:46","date_gmt":"2022-06-28T11:04:46","guid":{"rendered":"https:\/\/secureus.se\/produkt\/akustisk-glaskrossdet-ad800\/"},"modified":"2026-04-23T11:33:10","modified_gmt":"2026-04-23T09:33:10","slug":"akustisk-glaskrossdet-ad800","status":"publish","type":"product","link":"https:\/\/secureus.se\/fi\/akustisk-glaskrossdet-ad800\/","title":{"rendered":"Akustinen lasinmurtaja. Ad800"},"content":{"rendered":"<p>Akustinen lasins\u00e4rkytunnistin ikkunan tai lasin rikkoutumisyrityksen havaitsemiseen. Ilmaisimessa on digitaalinen huonekompensointi (DRC), mik\u00e4 tarkoittaa, ett\u00e4 se pystyy erottamaan rikkoutuneet lasit useimmista muista h\u00e4iritsevist\u00e4 signaaleista. Korkea kest\u00e4vyys tarpeettomille h\u00e4lytyksille. Valvonta-alue on 165\u00b0, mik\u00e4 tarkoittaa, ett\u00e4 yksi ilmaisin voi valvoa useita ikkunoita huoneessa. Testattu eri lasityypeille, mukaan lukien laminoitu lasi. Voit k\u00e4ytt\u00e4\u00e4 ADT700-testiyksikk\u00f6\u00e4 apuna ilmaisimen asennuksen ja huollon aikana.<\/p>","protected":false},"excerpt":{"rendered":"<p>Akustisk glaskrossdetektor f\u00f6r detektering av f\u00f6rs\u00f6k att krossa ett f\u00f6nster eller glasparti. Detektorn har Digital Room Compensation (DRC) vilket medf\u00f6r att den kan urskilja glaskross fr\u00e5n flertalet andra st\u00f6rande signaler.<\/p>","protected":false},"featured_media":142916,"template":"","meta":{"_acf_changed":false},"product_brand":[],"product_cat":[3085],"product_tag":[2279,2418],"class_list":{"0":"post-85059","1":"product","2":"type-product","3":"status-publish","4":"has-post-thumbnail","6":"product_cat-vibationsdetektorer-glaskrossdetektorer","7":"product_tag-glaskross-akustisk","8":"product_tag-rel-larmgivare","9":"product_shipping_class-postnord-varubrev","10":"pa_brands-alarmtech","11":"pa_farg-vit","12":"tm-no-options","14":"first","15":"instock","16":"sale","17":"featured","18":"taxable","19":"shipping-taxable","20":"purchasable","21":"product-type-simple"},"acf":[],"_links":{"self":[{"href":"https:\/\/secureus.se\/fi\/wp-json\/wp\/v2\/product\/85059","targetHints":{"allow":["GET"]}}],"collection":[{"href":"https:\/\/secureus.se\/fi\/wp-json\/wp\/v2\/product"}],"about":[{"href":"https:\/\/secureus.se\/fi\/wp-json\/wp\/v2\/types\/product"}],"wp:featuredmedia":[{"embeddable":true,"href":"https:\/\/secureus.se\/fi\/wp-json\/wp\/v2\/media\/142916"}],"wp:attachment":[{"href":"https:\/\/secureus.se\/fi\/wp-json\/wp\/v2\/media?parent=85059"}],"wp:term":[{"taxonomy":"product_brand","embeddable":true,"href":"https:\/\/secureus.se\/fi\/wp-json\/wp\/v2\/product_brand?post=85059"},{"taxonomy":"product_cat","embeddable":true,"href":"https:\/\/secureus.se\/fi\/wp-json\/wp\/v2\/product_cat?post=85059"},{"taxonomy":"product_tag","embeddable":true,"href":"https:\/\/secureus.se\/fi\/wp-json\/wp\/v2\/product_tag?post=85059"}],"curies":[{"name":"wp","href":"https:\/\/api.w.org\/{rel}","templated":true}]}}