{"id":85061,"date":"2022-06-28T13:04:43","date_gmt":"2022-06-28T11:04:43","guid":{"rendered":"https:\/\/secureus.se\/produkt\/akust-glaskrossdet-ad800-am\/"},"modified":"2026-04-23T11:33:24","modified_gmt":"2026-04-23T09:33:24","slug":"akust-glaskrossdet-ad800-am","status":"publish","type":"product","link":"https:\/\/secureus.se\/fi\/akust-glaskrossdet-ad800-am\/","title":{"rendered":"Akustinen lasinmurtaja Ad800-Am"},"content":{"rendered":"<p>Akustinen lasinmurtoilmaisin edistyneell\u00e4 Anti-Mask-toiminnolla. Ilmaisin tarkkailee yht\u00e4 tai useampaa ikkunaa tai lasiosia valvonta-alueella 9 metriin ja 165\u00b0 asti. Eri herkkyystasot ja ikkunatyypit asetetaan dip-kytkimill\u00e4. K\u00e4sittelee laminoitua lasia. Double Anti-Mask -toiminto, joka reagoi mikrofonin ja ilmaisimen peitt\u00e4miseen. H\u00e4lytysluokka 4 (luokka 3). Voit vapaasti k\u00e4ytt\u00e4\u00e4 testiyksikk\u00f6\u00e4 ADT700 (nro 6332552) auttamaan ilmaisimen asennuksessa ja huollossa. Viestin tyyppi: Akustinen lasin rikkoutumisen ilmaisin, Valvontas\u00e4de: 9 m, VdS-luokka: B, V\u00e4ri: Valkoinen<\/p>","protected":false},"excerpt":{"rendered":"<p>Akustinen lasinrikkoilmaisin edistyneell\u00e4 Anti-Mask-toiminnolla. Ilmaisin tarkkailee yht\u00e4 tai useampaa ikkunaa tai lasiosia jopa 9 metrin ja 165\u00b0:n valvonta-alueella. Eri herkkyystasot ja ikkunatyypit asetetaan dip-kytkimill\u00e4.<\/p>","protected":false},"featured_media":142920,"template":"","meta":{"_acf_changed":false},"product_brand":[],"product_cat":[3085],"product_tag":[2279,2418],"class_list":{"0":"post-85061","1":"product","2":"type-product","3":"status-publish","4":"has-post-thumbnail","6":"product_cat-vibationsdetektorer-glaskrossdetektorer","7":"product_tag-glaskross-akustisk","8":"product_tag-rel-larmgivare","9":"product_shipping_class-postnord-varubrev","10":"pa_brands-alarmtech","11":"pa_farg-vit","12":"tm-no-options","14":"first","15":"instock","16":"sale","17":"featured","18":"taxable","19":"shipping-taxable","20":"purchasable","21":"product-type-simple"},"acf":[],"_links":{"self":[{"href":"https:\/\/secureus.se\/fi\/wp-json\/wp\/v2\/product\/85061","targetHints":{"allow":["GET"]}}],"collection":[{"href":"https:\/\/secureus.se\/fi\/wp-json\/wp\/v2\/product"}],"about":[{"href":"https:\/\/secureus.se\/fi\/wp-json\/wp\/v2\/types\/product"}],"wp:featuredmedia":[{"embeddable":true,"href":"https:\/\/secureus.se\/fi\/wp-json\/wp\/v2\/media\/142920"}],"wp:attachment":[{"href":"https:\/\/secureus.se\/fi\/wp-json\/wp\/v2\/media?parent=85061"}],"wp:term":[{"taxonomy":"product_brand","embeddable":true,"href":"https:\/\/secureus.se\/fi\/wp-json\/wp\/v2\/product_brand?post=85061"},{"taxonomy":"product_cat","embeddable":true,"href":"https:\/\/secureus.se\/fi\/wp-json\/wp\/v2\/product_cat?post=85061"},{"taxonomy":"product_tag","embeddable":true,"href":"https:\/\/secureus.se\/fi\/wp-json\/wp\/v2\/product_tag?post=85061"}],"curies":[{"name":"wp","href":"https:\/\/api.w.org\/{rel}","templated":true}]}}