{"id":85063,"date":"2022-06-28T13:04:43","date_gmt":"2022-06-28T11:04:43","guid":{"rendered":"https:\/\/secureus.se\/produkt\/limsats-gdk-100\/"},"modified":"2026-04-08T16:40:41","modified_gmt":"2026-04-08T14:40:41","slug":"limsats-gdk-100","status":"publish","type":"product","link":"https:\/\/secureus.se\/fi\/limsats-gdk-100\/","title":{"rendered":"Liimasarja Gdk 100"},"content":{"rendered":"<p>Sarja sis\u00e4lt\u00e4\u00e4 puhdistusaineen, hankaavan liinan, kovettimen ja liiman. Liima on herkk\u00e4 auringon UV-s\u00e4teille, l\u00e4mp\u00f6tilalle ja kosteudelle. Siksi s\u00e4ilyt\u00e4 sit\u00e4 kylm\u00e4ss\u00e4 j\u00e4\u00e4kaapissa lis\u00e4kest\u00e4vyyden vuoksi (8-28 astetta C valmistajan mukaan). Liima on Loctite 326, joka aktivoidaan aktivaattorilla Loctite 7649. Katso k\u00e4ytt\u00f6turvallisuustiedote ennen k\u00e4ytt\u00f6\u00e4.<\/p>","protected":false},"excerpt":{"rendered":"<p>Satsen inneh\u00e5ller reng\u00f6ringsmedel, slipduk, h\u00e4rdare och lim. Limmet \u00e4r k\u00e4nsligt f\u00f6r solens UV str\u00e5lar, temperatur och fuktighet. F\u00f6rvara den d\u00e4rf\u00f6r g\u00e4rna kallt i kylsk\u00e5p f\u00f6r extra h\u00e5llbarhet (mellan 8-28 grader<\/p>","protected":false},"featured_media":143037,"template":"","meta":{"_acf_changed":false},"product_brand":[],"product_cat":[3085],"product_tag":[2281],"class_list":{"0":"post-85063","1":"product","2":"type-product","3":"status-publish","4":"has-post-thumbnail","6":"product_cat-vibationsdetektorer-glaskrossdetektorer","7":"product_tag-glaskross-lim-tillbehor","8":"product_shipping_class-postnord-varubrev","9":"pa_brands-alarmtech","10":"pa_farg-gra","11":"tm-no-options","13":"first","14":"outofstock","15":"sale","16":"featured","17":"taxable","18":"shipping-taxable","19":"purchasable","20":"product-type-simple"},"acf":[],"_links":{"self":[{"href":"https:\/\/secureus.se\/fi\/wp-json\/wp\/v2\/product\/85063","targetHints":{"allow":["GET"]}}],"collection":[{"href":"https:\/\/secureus.se\/fi\/wp-json\/wp\/v2\/product"}],"about":[{"href":"https:\/\/secureus.se\/fi\/wp-json\/wp\/v2\/types\/product"}],"wp:featuredmedia":[{"embeddable":true,"href":"https:\/\/secureus.se\/fi\/wp-json\/wp\/v2\/media\/143037"}],"wp:attachment":[{"href":"https:\/\/secureus.se\/fi\/wp-json\/wp\/v2\/media?parent=85063"}],"wp:term":[{"taxonomy":"product_brand","embeddable":true,"href":"https:\/\/secureus.se\/fi\/wp-json\/wp\/v2\/product_brand?post=85063"},{"taxonomy":"product_cat","embeddable":true,"href":"https:\/\/secureus.se\/fi\/wp-json\/wp\/v2\/product_cat?post=85063"},{"taxonomy":"product_tag","embeddable":true,"href":"https:\/\/secureus.se\/fi\/wp-json\/wp\/v2\/product_tag?post=85063"}],"curies":[{"name":"wp","href":"https:\/\/api.w.org\/{rel}","templated":true}]}}