{"id":85232,"date":"2022-03-10T15:48:00","date_gmt":"2022-03-10T14:48:00","guid":{"rendered":"https:\/\/secureus.se\/produkt\/takfaste-ca-2c-multivinkel-alla-optex-utom-rx40\/"},"modified":"2025-12-31T19:49:12","modified_gmt":"2025-12-31T18:49:12","slug":"optex-ca-2c-takfaste-multivinkel","status":"publish","type":"product","link":"https:\/\/secureus.se\/fi\/optex-ca-2c-takfaste-multivinkel\/","title":{"rendered":"Optex CA-2C kattoasennus monikulmainen (kaikki Optex paitsi RX40)"},"content":{"rendered":"<h3>Optex CA-2C Ceiling Mount Multi-angle on vankka ja joustava ratkaisu, joka on suunniteltu varmistamaan Optex-ilmaisimien helppo asennus ja s\u00e4\u00e4t\u00f6.<\/h3>\n<p>T\u00e4m\u00e4 teline sopii kaikkiin Optex-malleihin paitsi RX-40:een ja tarjoaa tehokkaan ratkaisun ilmaisimien asentamiseen katolle optimaalisen tunnistusalueen saavuttamiseksi.<\/p>\n<p>CA-2C:n s\u00e4\u00e4dett\u00e4v\u00e4 rakenne mahdollistaa asennuskulman nopean s\u00e4\u00e4t\u00e4misen parhaan mahdollisen havaitsemisen varmistamiseksi.<\/p>\n<p>T\u00e4m\u00e4 kattoteline on erinomainen valinta sek\u00e4 liike- ett\u00e4 asuinrakennuksiin, ja sit\u00e4 k\u00e4ytet\u00e4\u00e4n usein turvaj\u00e4rjestelmiss\u00e4, joissa on t\u00e4rke\u00e4\u00e4 maksimoida peitto ja minimoida kuolleet kulmat.<\/p>\n<p>CA-2C:n suuri etu on sen joustavuus. Sit\u00e4 voidaan k\u00e4ytt\u00e4\u00e4 erilaisissa ymp\u00e4rist\u00f6iss\u00e4 ja se varmistaa turvallisen ja vakaan asennuksen.<\/p>\n<p>Kiinnike on suunniteltu helposti asennettavaksi, joten asentajien on helppo asentaa ja s\u00e4\u00e4t\u00e4\u00e4 j\u00e4rjestelm\u00e4 nopeasti ilman, ett\u00e4 yksikk\u00f6\u00e4 tarvitsee irrottaa.<\/p>\n<p>T\u00e4m\u00e4 lyhent\u00e4\u00e4 asennusaikaa ja s\u00e4\u00e4st\u00e4\u00e4 sek\u00e4 kustannuksia ett\u00e4 ty\u00f6voimaa.<\/p>\n<p>CA-2C kattoteline on erityisen hy\u00f6dyllinen asennuksissa, joissa ilmaisimet on asennettava kattoon leve\u00e4mm\u00e4n katselukulman tarjoamiseksi, mik\u00e4 mahdollistaa suurempien alueiden tehokkaan valvonnan.<\/p>\n<p>sy\u00f6tti sopii kaikkiin muihin kuin RX-40 Optex -ilmaisimiin ja sit\u00e4 voidaan k\u00e4ytt\u00e4\u00e4 havaitsemisen optimointiin sek\u00e4 yksityisiss\u00e4 ett\u00e4 kaupallisissa kiinteist\u00f6iss\u00e4.<\/p>\n<p>T\u00e4m\u00e4 teline ei ole vain helppo asentaa, vaan siin\u00e4 on my\u00f6s kest\u00e4v\u00e4 rakenne, joka on suunniteltu kest\u00e4m\u00e4\u00e4n vuosia, mik\u00e4 tekee siit\u00e4 pitk\u00e4n aikav\u00e4lin turvaj\u00e4rjestelm\u00e4ratkaisun.<\/p>\n<p><strong>Tekniset tiedot:<\/strong><\/p>\n<ul>\n<li><strong>Yhteensopivuus:<\/strong> Sopii kaikkiin Optex-ilmaisimiin paitsi RX-40.<\/li>\n<li><strong>K\u00e4ytt\u00e4\u00e4:<\/strong> Sis\u00e4k\u00e4ytt\u00f6 (suositus).<\/li>\n<li><strong>Asennus:<\/strong> Helppo asentaa, s\u00e4\u00e4dett\u00e4v\u00e4 kulma optimaaliseen havaitsemiseen.<\/li>\n<li><strong>Materiaali:<\/strong> Tukeva ja kest\u00e4v\u00e4 rakenne.<\/li>\n<li><strong>Edut:<\/strong> Joustavuus asennuskulmissa parhaan peiton ja havaitsemisen varmistamiseksi.<\/li>\n<\/ul>","protected":false},"excerpt":{"rendered":"<p>Optex CA-2C kattokiinnitys Monikulmainen \u2013 Joustava kattokiinnitys kaikille Optex-ilmaisimille (paitsi RX-40).<\/p>\n<p>Helppo asentaa ja s\u00e4\u00e4t\u00e4\u00e4 optimaalista tunnistusaluetta varten. T\u00e4ydellinen sis\u00e4k\u00e4ytt\u00f6\u00f6n.<\/p>","protected":false},"featured_media":145066,"template":"","meta":{"_acf_changed":false},"product_brand":[],"product_cat":[1325],"product_tag":[2145],"class_list":{"0":"post-85232","1":"product","2":"type-product","3":"status-publish","4":"has-post-thumbnail","6":"product_cat-larmgivare-skalskydd","7":"product_tag-rorelsedetektor-ir-detektorer","8":"product_shipping_class-tunga-paket","9":"pa_brands-optex","10":"tm-no-options","12":"first","13":"instock","14":"sale","15":"featured","16":"taxable","17":"shipping-taxable","18":"purchasable","19":"product-type-simple"},"acf":[],"_links":{"self":[{"href":"https:\/\/secureus.se\/fi\/wp-json\/wp\/v2\/product\/85232","targetHints":{"allow":["GET"]}}],"collection":[{"href":"https:\/\/secureus.se\/fi\/wp-json\/wp\/v2\/product"}],"about":[{"href":"https:\/\/secureus.se\/fi\/wp-json\/wp\/v2\/types\/product"}],"wp:featuredmedia":[{"embeddable":true,"href":"https:\/\/secureus.se\/fi\/wp-json\/wp\/v2\/media\/145066"}],"wp:attachment":[{"href":"https:\/\/secureus.se\/fi\/wp-json\/wp\/v2\/media?parent=85232"}],"wp:term":[{"taxonomy":"product_brand","embeddable":true,"href":"https:\/\/secureus.se\/fi\/wp-json\/wp\/v2\/product_brand?post=85232"},{"taxonomy":"product_cat","embeddable":true,"href":"https:\/\/secureus.se\/fi\/wp-json\/wp\/v2\/product_cat?post=85232"},{"taxonomy":"product_tag","embeddable":true,"href":"https:\/\/secureus.se\/fi\/wp-json\/wp\/v2\/product_tag?post=85232"}],"curies":[{"name":"wp","href":"https:\/\/api.w.org\/{rel}","templated":true}]}}