{"id":85233,"date":"2022-03-10T15:48:00","date_gmt":"2022-03-10T14:48:00","guid":{"rendered":"https:\/\/secureus.se\/produkt\/vaggfaste-ca-1w-multivinkel-alla-optex-utom-rx40\/"},"modified":"2025-12-31T19:43:10","modified_gmt":"2025-12-31T18:43:10","slug":"optex-ca-1w-vaggfaste-multivinkel","status":"publish","type":"product","link":"https:\/\/secureus.se\/fi\/optex-ca-1w-vaggfaste-multivinkel\/","title":{"rendered":"Optex CA-1W -sein\u00e4teline, monikulmainen (kaikki Optex paitsi RX40)"},"content":{"rendered":"<div class=\"value\">\n<div class=\"value\">\n<h1>Optex CA-1W Wall Mount Multi Angle on vankka ja monipuolinen sein\u00e4teline, joka on suunniteltu tukemaan ja helposti asentamaan erilaisia Optex-ilmaisimia ja turvaj\u00e4rjestelmi\u00e4.<\/h1>\n<p>Teline on yhteensopiva kaikkien Optex-mallien kanssa RX-40:t\u00e4 lukuun ottamatta ja tarjoaa k\u00e4ytt\u00e4jille mahdollisuuden optimoida tunnistuksen yksinkertaisesti s\u00e4\u00e4t\u00e4m\u00e4ll\u00e4 kulmaa parhaan peiton saamiseksi.<\/p>\n<p>CA-1W-kiinnike tarjoaa joustavan suunnittelunsa ja monikulmatoimintonsa ansiosta yksinkertaisen ratkaisun turvaj\u00e4rjestelm\u00e4n asennuskulman s\u00e4\u00e4t\u00e4miseen.<\/p>\n<p>N\u00e4in voit maksimoida ilmaisimien kantaman ja tehokkuuden. Asensitpa ilmaisimia asuin-, toimisto- tai teollisuusymp\u00e4rist\u00f6\u00f6n, t\u00e4m\u00e4 teline on luotettava valinta.<\/p>\n<p>Yksi t\u00e4m\u00e4n telineen suurimmista eduista on sen monipuolisuus. CA-1W:t\u00e4 suositellaan erityisesti sis\u00e4asennuksiin, mutta sit\u00e4 voidaan k\u00e4ytt\u00e4\u00e4 my\u00f6s ulkona, mik\u00e4 tekee siit\u00e4 hy\u00f6dyllisen monenlaisissa turvaj\u00e4rjestelm\u00e4asennuksissa.<\/p>\n<p>Kest\u00e4v\u00e4n materiaalin ja joustavan muotoilun ansiosta t\u00e4m\u00e4 kannake sopii erinomaisesti sek\u00e4 liike- ett\u00e4 yksityistiloihin.<\/p>\n<p>Se on my\u00f6s eritt\u00e4in helppo asentaa. Telineen mukana tulee kaikki tarvittavat asennusosat, ja se voidaan nopeasti s\u00e4\u00e4t\u00e4\u00e4 haluttuun kulmaan parhaan havaitsemisen saavuttamiseksi, mik\u00e4 s\u00e4\u00e4st\u00e4\u00e4 aikaa ja ty\u00f6t\u00e4 asennuksen aikana.<\/p>\n<p>Sen vankka rakenne varmistaa, ett\u00e4 se pysyy vakaana ja tehokkaana pitk\u00e4\u00e4n.<\/p>\n<p><strong>Tekniset tiedot:<\/strong><\/p>\n<ul>\n<li><strong>Yhteensopivuus:<\/strong> Sopii kaikkiin Optex-malleihin paitsi RX-40, mukaan lukien CX-702, CX-702 MKII, CX-702RS, LX-402, LX-802N, QXI sarjat.<\/li>\n<li><strong>K\u00e4ytt\u00e4\u00e4:<\/strong> Sis\u00e4tiloissa (suositus) ja ulkona.<\/li>\n<li><strong>Asennus:<\/strong> Yksinkertainen kokoaminen mukana tulevilla komponenteilla.<\/li>\n<li><strong>Edut:<\/strong> Joustava asennuskulman s\u00e4\u00e4t\u00f6 optimoituun havaitsemiseen.<\/li>\n<li><strong>Materiaali:<\/strong> Kest\u00e4v\u00e4 ja vankka rakenne<\/li>\n<\/ul>\n<\/div>\n<\/div>","protected":false},"excerpt":{"rendered":"<p>Optex CA-1W Sein\u00e4teline Monikulmainen \u2013 Joustava sein\u00e4teline Optex-ilmaisimille, yhteensopiva kaikkien mallien kanssa paitsi RX-40.<\/p>\n<p>Helppo asennus ja s\u00e4\u00e4t\u00f6 sek\u00e4 sis\u00e4- ett\u00e4 ulkok\u00e4ytt\u00f6\u00f6n.<\/p>","protected":false},"featured_media":145562,"template":"","meta":{"_acf_changed":false},"product_brand":[],"product_cat":[1325],"product_tag":[2145],"class_list":{"0":"post-85233","1":"product","2":"type-product","3":"status-publish","4":"has-post-thumbnail","6":"product_cat-larmgivare-skalskydd","7":"product_tag-rorelsedetektor-ir-detektorer","8":"product_shipping_class-tunga-paket","9":"pa_brands-optex","10":"tm-no-options","12":"first","13":"instock","14":"sale","15":"featured","16":"taxable","17":"shipping-taxable","18":"purchasable","19":"product-type-simple"},"acf":[],"_links":{"self":[{"href":"https:\/\/secureus.se\/fi\/wp-json\/wp\/v2\/product\/85233","targetHints":{"allow":["GET"]}}],"collection":[{"href":"https:\/\/secureus.se\/fi\/wp-json\/wp\/v2\/product"}],"about":[{"href":"https:\/\/secureus.se\/fi\/wp-json\/wp\/v2\/types\/product"}],"wp:featuredmedia":[{"embeddable":true,"href":"https:\/\/secureus.se\/fi\/wp-json\/wp\/v2\/media\/145562"}],"wp:attachment":[{"href":"https:\/\/secureus.se\/fi\/wp-json\/wp\/v2\/media?parent=85233"}],"wp:term":[{"taxonomy":"product_brand","embeddable":true,"href":"https:\/\/secureus.se\/fi\/wp-json\/wp\/v2\/product_brand?post=85233"},{"taxonomy":"product_cat","embeddable":true,"href":"https:\/\/secureus.se\/fi\/wp-json\/wp\/v2\/product_cat?post=85233"},{"taxonomy":"product_tag","embeddable":true,"href":"https:\/\/secureus.se\/fi\/wp-json\/wp\/v2\/product_tag?post=85233"}],"curies":[{"name":"wp","href":"https:\/\/api.w.org\/{rel}","templated":true}]}}