{"id":85236,"date":"2022-03-10T15:47:00","date_gmt":"2022-03-10T14:47:00","guid":{"rendered":"https:\/\/secureus.se\/produkt\/optex-kombi-vxi-dam-12x12-meter-utomhus-antimask\/"},"modified":"2026-03-19T11:42:11","modified_gmt":"2026-03-19T10:42:11","slug":"optex-kombi-vxi-dam-12x12-meter-utomhus-antimask","status":"publish","type":"product","link":"https:\/\/secureus.se\/fi\/optex-kombi-vxi-dam-12x12-meter-utomhus-antimask\/","title":{"rendered":"Optex \u2013 Combi VXI-DAM-X5 12\u00d712 metri\u00e4 ulkona + antimaski"},"content":{"rendered":"<h1><strong>Optex VXI-DAM 12\u00d712 metri\u00e4 ulkona toimiva IR-anturi antimaskilla<\/strong> on korkealaatuinen ilmaisin, joka on suunniteltu vastaamaan ulkoymp\u00e4rist\u00f6n suuriin turvallisuushaasteisiin.<\/h1>\n<p>Sill\u00e4 on tunnistusalue <strong>12\u00d712 metri\u00e4<\/strong>, joten se on ihanteellinen suurten alueiden, kuten puutarhojen, pys\u00e4k\u00f6intialueiden tai muiden valvontaa vaativien ulkoalueiden peitt\u00e4miseen.<\/p>\n<p>T\u00e4m\u00e4 ilmaisin k\u00e4ytt\u00e4\u00e4 passiivista infrapunatekniikkaa (PIR) ja siin\u00e4 on a <strong>peitt\u00e4v\u00e4 suojattu malli<\/strong>, mik\u00e4 tarkoittaa, ett\u00e4 se voi est\u00e4\u00e4 luvattomia ihmisi\u00e4 peukaloitumasta tai peitt\u00e4m\u00e4st\u00e4 laitetta v\u00e4ltt\u00e4\u00e4kseen havaitsemisen.<\/p>\n<p>T\u00e4m\u00e4 tekee VXI-DAMista erinomaisen valinnan asennuksiin, joissa turvallisuus on \u00e4\u00e4rimm\u00e4isen t\u00e4rke\u00e4\u00e4, kuten rajoilla tai herkkien rakennusten ymp\u00e4rill\u00e4.<\/p>\n<p><strong>Madontorjuntatoiminto<\/strong>: Yksi VXI-DAM:n p\u00e4\u00e4ominaisuuksista on integroitu anti-mask-ominaisuus, mik\u00e4 tarkoittaa, ett\u00e4 se voi havaita ja varoittaa yrityksist\u00e4 tukkia anturi.<\/p>\n<p>T\u00e4m\u00e4 on erityisen t\u00e4rke\u00e4\u00e4 julkisissa tai kaupallisissa ymp\u00e4rist\u00f6iss\u00e4, joissa sabotaasi voi aiheuttaa merkitt\u00e4v\u00e4n turvallisuusriskin.<\/p>\n<p><strong>IP55 luokitus<\/strong>: VXI-DAMilla on sellainen <strong>IP55 luokitus<\/strong>, mik\u00e4 tarkoittaa, ett\u00e4 se on hyvin suojattu sek\u00e4 p\u00f6lylt\u00e4 ett\u00e4 vedelt\u00e4.<\/p>\n<p>T\u00e4m\u00e4 tekee siit\u00e4 erityisen sopivan ulkoasennukseen, jossa se kest\u00e4\u00e4 s\u00e4\u00e4olosuhteita, kuten sadetta tai p\u00f6ly\u00e4, tehokkuutta menett\u00e4m\u00e4tt\u00e4.<\/p>\n<p><strong>S\u00e4\u00e4dett\u00e4v\u00e4 asennuskorkeus<\/strong>: Voidaan asentaa v\u00e4lill\u00e4 <strong>0,8 ja 1,2 metri\u00e4<\/strong> maasta, mik\u00e4 tarjoaa joustavuutta sen sijoittamisessa optimaalisiin paikkoihin peitt\u00e4vyyden ja turvallisuuden maksimoimiseksi.<\/p>\n<p><strong>L\u00e4mp\u00f6tila-alue<\/strong>: VXI-DAM toimii tehokkaasti l\u00e4mp\u00f6tiloissa alkaen <strong>-20\u00b0C - +45\u00b0C<\/strong>, joten se sopii t\u00e4ydellisesti k\u00e4ytett\u00e4v\u00e4ksi sek\u00e4 kylmiss\u00e4 ett\u00e4 l\u00e4mpimiss\u00e4 ilmastoissa. T\u00e4m\u00e4 tarkoittaa, ett\u00e4 sit\u00e4 voidaan k\u00e4ytt\u00e4\u00e4 kaikissa maantieteellisiss\u00e4 paikoissa ilmasto-olosuhteista riippumatta.<\/p>\n<p><strong>Yksinkertainen asennus<\/strong>: Asennus on helppoa ja se voidaan tehd\u00e4 useille eri pinnoille mukana tulevan sein\u00e4kiinnikkeen ansiosta.<\/p>\n<p>Ilmaisin voidaan asentaa seiniin tai pylv\u00e4isiin ja mukauttaa kattamaan tietyt alueet. Sen <strong>kompakti muotoilu<\/strong> mittojen kanssa <strong>200 x 90 x 110 mm<\/strong> joten se on helppo integroida useimpiin turvaj\u00e4rjestelmiin ilman h\u00e4iritsev\u00e4\u00e4.<\/p>\n<p>T\u00e4m\u00e4 ilmaisin soveltuu erityisen hyvin k\u00e4ytett\u00e4v\u00e4ksi suurissa turvallisuussovelluksissa, joissa nopea ja luotettava havaitseminen on t\u00e4rke\u00e4\u00e4.<\/p>\n<p>Koska se on varustettu <strong>kaksinkertaiset PIR-anturit<\/strong> ja edistynyt <strong>signaalink\u00e4sittely<\/strong> se tarjoaa eritt\u00e4in tarkan havaitsemisen alhaisella v\u00e4\u00e4rien h\u00e4lytysten m\u00e4\u00e4r\u00e4ll\u00e4.<\/p>\n<p>Kun joku ohittaa ilmaisimen havaintoalueen, se antaa h\u00e4lytyssignaalin liitettyyn j\u00e4rjestelm\u00e4\u00e4n ja antaa siten v\u00e4litt\u00f6m\u00e4sti varoituksen.<\/p>\n<h3>Tekniset tiedot:<\/h3>\n<ul>\n<li><strong>Tunnistusalue:<\/strong> 12\u00d712 metri\u00e4<\/li>\n<li><strong>Suojattu suojana:<\/strong> Kyll\u00e4, suojaus yrityksilt\u00e4 est\u00e4\u00e4 tai peitt\u00e4\u00e4 anturin<\/li>\n<li><strong>Asennuskorkeus:<\/strong> 0,8-1,2 metri\u00e4<\/li>\n<li><strong>J\u00e4nnite:<\/strong> 9,5-18 VDC<\/li>\n<li><strong>Virrankulutus:<\/strong> 20mA<\/li>\n<li><strong>L\u00e4mp\u00f6tila-alue:<\/strong> -20\u00b0C - +45\u00b0C<\/li>\n<li><strong>IP-luokka:<\/strong> IP55 (veden- ja p\u00f6lytiivis)<\/li>\n<li><strong>Mitata:<\/strong> 200mm (korkeus), 90mm (leveys), 110mm (syvyys)<\/li>\n<li><strong>Paino:<\/strong> 180 g<\/li>\n<li><strong>Liite:<\/strong> Sein\u00e4- tai pylv\u00e4sasennus helppoa asennusta varten<\/li>\n<li><strong>Sertifiointi:<\/strong> SBSC hyv\u00e4ksytty h\u00e4lytysluokan 3 turvasovelluksiin<\/li>\n<\/ul>","protected":false},"excerpt":{"rendered":"<p>Optex VXI-DAM on edistyksellinen IR-ilmaisin ulkok\u00e4ytt\u00f6\u00f6n, jonka tunnistuss\u00e4de on 12x12 metri\u00e4.<\/p>\n<p>Varustettu huurtumisenestotoiminnolla ja IP55-luokituksella, se tarjoaa luotettavan suorituskyvyn ankarissa s\u00e4\u00e4olosuhteissa.<\/p>\n<p>Se on ihanteellinen turvaj\u00e4rjestelmiin, joissa korkea luotettavuus ja suojaus sabotaasia vastaan ovat v\u00e4ltt\u00e4m\u00e4tt\u00f6mi\u00e4.<\/p>","protected":false},"featured_media":145179,"template":"","meta":{"_acf_changed":false},"product_brand":[],"product_cat":[1325,4756],"product_tag":[2147],"class_list":{"0":"post-85236","1":"product","2":"type-product","3":"status-publish","4":"has-post-thumbnail","6":"product_cat-larmgivare-skalskydd","7":"product_cat-utomhussakerhet-tradade-larmenheter","8":"product_tag-rorelsedetektor-utomhus","9":"product_shipping_class-postnord-varubrev","10":"pa_brands-optex","11":"tm-no-options","13":"first","14":"onbackorder","15":"sale","16":"featured","17":"taxable","18":"shipping-taxable","19":"purchasable","20":"product-type-simple"},"acf":[],"_links":{"self":[{"href":"https:\/\/secureus.se\/fi\/wp-json\/wp\/v2\/product\/85236","targetHints":{"allow":["GET"]}}],"collection":[{"href":"https:\/\/secureus.se\/fi\/wp-json\/wp\/v2\/product"}],"about":[{"href":"https:\/\/secureus.se\/fi\/wp-json\/wp\/v2\/types\/product"}],"wp:featuredmedia":[{"embeddable":true,"href":"https:\/\/secureus.se\/fi\/wp-json\/wp\/v2\/media\/145179"}],"wp:attachment":[{"href":"https:\/\/secureus.se\/fi\/wp-json\/wp\/v2\/media?parent=85236"}],"wp:term":[{"taxonomy":"product_brand","embeddable":true,"href":"https:\/\/secureus.se\/fi\/wp-json\/wp\/v2\/product_brand?post=85236"},{"taxonomy":"product_cat","embeddable":true,"href":"https:\/\/secureus.se\/fi\/wp-json\/wp\/v2\/product_cat?post=85236"},{"taxonomy":"product_tag","embeddable":true,"href":"https:\/\/secureus.se\/fi\/wp-json\/wp\/v2\/product_tag?post=85236"}],"curies":[{"name":"wp","href":"https:\/\/api.w.org\/{rel}","templated":true}]}}