{"id":85237,"date":"2022-03-10T15:47:00","date_gmt":"2022-03-10T14:47:00","guid":{"rendered":"https:\/\/secureus.se\/produkt\/optex-ir-detektor-vxi-st-12-meter-utomhus\/"},"modified":"2025-12-31T19:48:42","modified_gmt":"2025-12-31T18:48:42","slug":"optex-ir-detektor-vxi-st-12-meter-utomhus","status":"publish","type":"product","link":"https:\/\/secureus.se\/fi\/optex-ir-detektor-vxi-st-12-meter-utomhus\/","title":{"rendered":"Optex -IR-ilmaisin VXI-ST 12 metri\u00e4 ulkona"},"content":{"rendered":"<h1>Optex VXI-ST on korkealaatuinen ja joustava PIR-ilmaisin, joka on suunniteltu ulkok\u00e4ytt\u00f6\u00f6n ja sopii erityisesti CCTV-sovelluksiin ja ulkoisiin h\u00e4lytyksiin.<\/h1>\n<p>Jopa 12 metrin tunnistuset\u00e4isyydell\u00e4 ja 90\u00b0 laajakulmaisella tunnistuskuviolla VXI-ST tarjoaa laajan ja luotettavan kattavuuden valvotulla alueella.<\/p>\n<p>T\u00e4m\u00e4 ilmaisin on varustettu edistyneell\u00e4 SMDA (Super Multidimensional Analysis) -tekniikalla, jonka avulla se tunnistaa todelliset uhat ja v\u00e4hent\u00e4\u00e4 tehokkaasti ymp\u00e4rist\u00f6h\u00e4iri\u00f6iden, kuten valon heijastusten tai s\u00e4\u00e4olosuhteiden, aiheuttamien v\u00e4\u00e4rien h\u00e4lytysten riski\u00e4.<\/p>\n<p>VXI-ST:n ainutlaatuinen ominaisuus on s\u00e4\u00e4dett\u00e4v\u00e4 herkkyys, jonka avulla ilmaisin voidaan s\u00e4\u00e4t\u00e4\u00e4 havaitsemaan pieni\u00e4 liikkeit\u00e4 tai suodattamaan pois merkityksett\u00f6mi\u00e4 liikkeit\u00e4.<\/p>\n<p>Viiden eri tunnistusalueen ja kuviovaihtoehdon ansiosta asennus voidaan optimoida erityistarpeiden mukaan. VXI-ST:ss\u00e4 on my\u00f6s lis\u00e4tulo ulkoisen valokennon tai muun tunnistuslaitteen liitt\u00e4mist\u00e4 varten, mik\u00e4 lis\u00e4\u00e4 sen k\u00e4ytt\u00f6kelpoisuutta monimutkaisissa asennusymp\u00e4rist\u00f6iss\u00e4.<\/p>\n<p>Ilmaisin on IP55-luokiteltu ja suunniteltu kest\u00e4m\u00e4\u00e4n ankaria s\u00e4\u00e4olosuhteita, joita voi esiinty\u00e4 ulkoasennuksissa, joten se on ihanteellinen sek\u00e4 asuin- ett\u00e4 kaupallisiin sovelluksiin.<\/p>\n<p>VXI-ST on my\u00f6s suojattu sabotaasia ja peukalointia vastaan, mik\u00e4 tarjoaa ylim\u00e4\u00e4r\u00e4isen turvatason. Pitk\u00e4n ja vakaan toiminnan varmistamiseksi suositellaan 0,8-1,2 metrin asennuskorkeutta.<\/p>\n<p><strong>Tekniset tiedot<\/strong>:<\/p>\n<ul>\n<li><strong>Havaitsemismenetelm\u00e4<\/strong>: PIR<\/li>\n<li><strong>Tunnistusalue<\/strong>: 12 metri\u00e4<\/li>\n<li><strong>Havaintokulma<\/strong>: 90\u00b0 laajakulma<\/li>\n<li><strong>Herkkyyden s\u00e4\u00e4t\u00f6<\/strong>: Kyll\u00e4<\/li>\n<li><strong>Toiminnot<\/strong>: Viisi s\u00e4\u00e4dett\u00e4v\u00e4\u00e4 tunnistusaluetta, viisi kuviovaihtoehtoa, peitt\u00e4v\u00e4 suoja<\/li>\n<li><strong>Virtal\u00e4hde<\/strong>: 9,5 \u2013 18 V DC<\/li>\n<li><strong>Virrankulutus<\/strong>: 24 mA 12 V DC<\/li>\n<li><strong>L\u00e4mp\u00f6tila-alue<\/strong>: -20\u00b0C - +60\u00b0C<\/li>\n<li><strong>Suojausluokka<\/strong>: IP55<\/li>\n<li><strong>Paino<\/strong>: 600 g<\/li>\n<li><strong>Asennuskorkeus<\/strong>: 0,8-1,2 metri\u00e4<\/li>\n<li><strong>Liite<\/strong>: Sein\u00e4 tai pylv\u00e4s<\/li>\n<li><strong>Lis\u00e4tulo valokennolle<\/strong>: Kyll\u00e4<\/li>\n<li><strong>H\u00e4lytysl\u00e4ht\u00f6<\/strong>: Valittavissa NC tai NO<\/li>\n<\/ul>","protected":false},"excerpt":{"rendered":"<p>Optex VXI-ST on 12 metrin laajakulmainen PIR-ilmaisin ulkok\u00e4ytt\u00f6\u00f6n, ihanteellinen CCTV-sovelluksiin ja ulkoisiin h\u00e4lytyksiin.<\/p>\n<p>T\u00e4m\u00e4 ilmaisin on varustettu edistyneell\u00e4 SMDA-tunnistuksella ja s\u00e4\u00e4dett\u00e4v\u00e4ll\u00e4 herkkyydell\u00e4, joten se tarjoaa korkean turvallisuuden ja tehokkuuden.<\/p>","protected":false},"featured_media":145190,"template":"","meta":{"_acf_changed":false},"product_brand":[],"product_cat":[1325,4756],"product_tag":[2147],"class_list":{"0":"post-85237","1":"product","2":"type-product","3":"status-publish","4":"has-post-thumbnail","6":"product_cat-larmgivare-skalskydd","7":"product_cat-utomhussakerhet-tradade-larmenheter","8":"product_tag-rorelsedetektor-utomhus","9":"product_shipping_class-postnord-varubrev","10":"pa_brands-optex","11":"tm-no-options","13":"first","14":"instock","15":"sale","16":"featured","17":"taxable","18":"shipping-taxable","19":"purchasable","20":"product-type-simple"},"acf":[],"_links":{"self":[{"href":"https:\/\/secureus.se\/fi\/wp-json\/wp\/v2\/product\/85237","targetHints":{"allow":["GET"]}}],"collection":[{"href":"https:\/\/secureus.se\/fi\/wp-json\/wp\/v2\/product"}],"about":[{"href":"https:\/\/secureus.se\/fi\/wp-json\/wp\/v2\/types\/product"}],"wp:featuredmedia":[{"embeddable":true,"href":"https:\/\/secureus.se\/fi\/wp-json\/wp\/v2\/media\/145190"}],"wp:attachment":[{"href":"https:\/\/secureus.se\/fi\/wp-json\/wp\/v2\/media?parent=85237"}],"wp:term":[{"taxonomy":"product_brand","embeddable":true,"href":"https:\/\/secureus.se\/fi\/wp-json\/wp\/v2\/product_brand?post=85237"},{"taxonomy":"product_cat","embeddable":true,"href":"https:\/\/secureus.se\/fi\/wp-json\/wp\/v2\/product_cat?post=85237"},{"taxonomy":"product_tag","embeddable":true,"href":"https:\/\/secureus.se\/fi\/wp-json\/wp\/v2\/product_tag?post=85237"}],"curies":[{"name":"wp","href":"https:\/\/api.w.org\/{rel}","templated":true}]}}