{"id":85709,"date":"2023-09-14T16:30:27","date_gmt":"2023-09-14T14:30:27","guid":{"rendered":"https:\/\/secureus.se\/produkt\/nodoppnare-typ-fix-285-hogerhangd\/"},"modified":"2025-12-31T20:48:12","modified_gmt":"2025-12-31T19:48:12","slug":"nodoppnare-typ-fix-285-hogerhangd","status":"publish","type":"product","link":"https:\/\/secureus.se\/fi\/nodoppnare-typ-fix-285-hogerhangd\/","title":{"rendered":"H\u00e4t\u00e4avaaja tyyppi Fix-285 Oikeanpuoleinen"},"content":{"rendered":"<p>H\u00e4t\u00e4avaaja on asennettu olemassa olevaan Fix 285 spagnolettiin. Huomio sopii vain Fix 285:een, ei Fix 280:een. Tilauksen yhteydess\u00e4 on ilmoitettava oikealle tai vasemmalle ripustettava ovi.<\/p>\n<p><strong>Sopii seuraaviin lukkotyyppeihin:<\/strong><\/p>\n<p>Korjaa vain 285, m\u00e4\u00e4rit\u00e4 oikeanpuoleinen ovi.<\/p>","protected":false},"excerpt":{"rendered":"<p>H\u00e4t\u00e4avaaja on asennettu olemassa olevaan Fix 285 spagnolettiin. Huomio sopii vain Fix 285:een, ei Fix 280:een. Tilauksen yhteydess\u00e4 on ilmoitettava oikealle tai vasemmalle ripustettava ovi. Sopii seuraaviin lukkotyyppeihin: Vain<\/p>","protected":false},"featured_media":139808,"template":"","meta":{"_acf_changed":false},"product_brand":[],"product_cat":[1560,4182],"product_tag":[2352],"class_list":{"0":"post-85709","1":"product","2":"type-product","3":"status-publish","4":"has-post-thumbnail","6":"product_cat-branddorrstangning","7":"product_cat-nodoppnare","8":"product_tag-soderhamn","9":"product_shipping_class-tunga-paket","10":"pa_brands-soderhamn-innovation","11":"tm-no-options","13":"first","14":"instock","15":"sale","16":"featured","17":"taxable","18":"shipping-taxable","19":"purchasable","20":"product-type-simple"},"acf":[],"_links":{"self":[{"href":"https:\/\/secureus.se\/fi\/wp-json\/wp\/v2\/product\/85709","targetHints":{"allow":["GET"]}}],"collection":[{"href":"https:\/\/secureus.se\/fi\/wp-json\/wp\/v2\/product"}],"about":[{"href":"https:\/\/secureus.se\/fi\/wp-json\/wp\/v2\/types\/product"}],"wp:featuredmedia":[{"embeddable":true,"href":"https:\/\/secureus.se\/fi\/wp-json\/wp\/v2\/media\/139808"}],"wp:attachment":[{"href":"https:\/\/secureus.se\/fi\/wp-json\/wp\/v2\/media?parent=85709"}],"wp:term":[{"taxonomy":"product_brand","embeddable":true,"href":"https:\/\/secureus.se\/fi\/wp-json\/wp\/v2\/product_brand?post=85709"},{"taxonomy":"product_cat","embeddable":true,"href":"https:\/\/secureus.se\/fi\/wp-json\/wp\/v2\/product_cat?post=85709"},{"taxonomy":"product_tag","embeddable":true,"href":"https:\/\/secureus.se\/fi\/wp-json\/wp\/v2\/product_tag?post=85709"}],"curies":[{"name":"wp","href":"https:\/\/api.w.org\/{rel}","templated":true}]}}