{"id":85738,"date":"2023-09-05T16:10:12","date_gmt":"2023-09-05T14:10:12","guid":{"rendered":"https:\/\/secureus.se\/produkt\/detektorsockel-b401rm470-2\/"},"modified":"2026-04-13T13:09:36","modified_gmt":"2026-04-13T11:09:36","slug":"detektorsockel-b401rm470-2","status":"publish","type":"product","link":"https:\/\/secureus.se\/fi\/detektorsockel-b401rm470-2\/","title":{"rendered":"Ilmaisinkanta B401R Standard 470R vastuksella - J\u00e4rjestelm\u00e4anturi"},"content":{"rendered":"<h1>System Sensor B401R Vakiotunnistimen kanta 470R vastuksella<\/h1>\n<p>Ilmaisinpistorasia, joka voidaan asentaa yhdess\u00e4 ilmaisimien kanssa System Sensor 300 -sarjassa B401RM (470 Ohm), on my\u00f6s l\u00e4ht\u00f6 ulkoista ilmaisua varten.<\/p>\n<p><span class=\"produkt-egenskap\"><span class=\"label\">Asennustapa: <\/span><span class=\"value\">Pinta-asennus<\/span><\/span><\/p>\n<p><span class=\"produkt-egenskap\"><span class=\"label\">Maali: <\/span><span class=\"value\">Valkoinen<\/span><\/span><\/p>\n<p><span class=\"produkt-egenskap\"><span class=\"label\">Korkeus: <\/span><span class=\"value\">20 mm<\/span><\/span><\/p>\n<p><span class=\"produkt-egenskap\"><span class=\"label\">Halkaisija: <\/span><span class=\"value\">102 mm<\/span><\/span><\/p>\n<p class=\"\" data-start=\"485\" data-end=\"903\">System Sensor B401R on luotettava ja monipuolinen ilmaisinalusta k\u00e4ytett\u00e4v\u00e4ksi palovaroittimien kanssa.<\/p>\n<p class=\"\" data-start=\"485\" data-end=\"903\">Se on varustettu 470 ohmin h\u00e4lytysvastuksella, mik\u00e4 parantaa toimivuutta ja joustavuutta suoraan kytkettyihin ilmaisimiin verrattuna.<\/p>\n<p class=\"\" data-start=\"485\" data-end=\"903\">Jalustan korkeus on 19 mm ja se on valmistettu kest\u00e4vist\u00e4 materiaaleista, kuten ABS ja PC.<\/p>\n<p class=\"\" data-start=\"485\" data-end=\"903\">Se on suunniteltu toimimaan tehokkaasti savuilmaisimien, kuten 1451E ja 2451E, kanssa.<\/p>\n<p class=\"\" data-start=\"905\" data-end=\"1267\">B401R on virrankest\u00e4v\u00e4 ja sit\u00e4 voidaan k\u00e4ytt\u00e4\u00e4 24 V DC k\u00e4ytt\u00f6j\u00e4nnitteell\u00e4.<\/p>\n<p class=\"\" data-start=\"905\" data-end=\"1267\">Se on helppo asentaa, ja se on yhteensopiva useiden ilmaisimien kanssa.<\/p>\n<p class=\"\" data-start=\"905\" data-end=\"1267\">Pieni virrankulutus ja helppo asennus tekev\u00e4t siit\u00e4 ihanteellisen ratkaisun sek\u00e4 uusiin asennuksiin ett\u00e4 p\u00e4ivityksiin. Se on CE-merkitty eik\u00e4 sis\u00e4ll\u00e4 rajoitettuja aineita.<\/p>","protected":false},"excerpt":{"rendered":"<p>B401R on tavallinen ilmaisinjalusta, jossa on 470 ohmin vastus ja joka on suunniteltu lis\u00e4\u00e4m\u00e4\u00e4n savuilmaisimien monipuolisuutta.<\/p>\n<p>Se on matalaprofiilinen ja se voidaan helposti asentaa tukemaan erilaisia paloilmaisimia, mukaan lukien mallit, kuten 1451E ja 2451E.<\/p>","protected":false},"featured_media":140295,"template":"","meta":{"_acf_changed":false},"product_brand":[],"product_cat":[4754],"product_tag":[],"class_list":{"0":"post-85738","1":"product","2":"type-product","3":"status-publish","4":"has-post-thumbnail","6":"product_cat-system-sensor-300-serien","7":"product_shipping_class-postnord-varubrev","8":"pa_brands-system-sensor","9":"tm-no-options","11":"first","12":"instock","13":"sale","14":"featured","15":"taxable","16":"shipping-taxable","17":"purchasable","18":"product-type-simple"},"acf":[],"_links":{"self":[{"href":"https:\/\/secureus.se\/fi\/wp-json\/wp\/v2\/product\/85738","targetHints":{"allow":["GET"]}}],"collection":[{"href":"https:\/\/secureus.se\/fi\/wp-json\/wp\/v2\/product"}],"about":[{"href":"https:\/\/secureus.se\/fi\/wp-json\/wp\/v2\/types\/product"}],"wp:featuredmedia":[{"embeddable":true,"href":"https:\/\/secureus.se\/fi\/wp-json\/wp\/v2\/media\/140295"}],"wp:attachment":[{"href":"https:\/\/secureus.se\/fi\/wp-json\/wp\/v2\/media?parent=85738"}],"wp:term":[{"taxonomy":"product_brand","embeddable":true,"href":"https:\/\/secureus.se\/fi\/wp-json\/wp\/v2\/product_brand?post=85738"},{"taxonomy":"product_cat","embeddable":true,"href":"https:\/\/secureus.se\/fi\/wp-json\/wp\/v2\/product_cat?post=85738"},{"taxonomy":"product_tag","embeddable":true,"href":"https:\/\/secureus.se\/fi\/wp-json\/wp\/v2\/product_tag?post=85738"}],"curies":[{"name":"wp","href":"https:\/\/api.w.org\/{rel}","templated":true}]}}