{"id":85740,"date":"2023-09-05T15:56:01","date_gmt":"2023-09-05T13:56:01","guid":{"rendered":"https:\/\/secureus.se\/produkt\/detektorsockel-b401dgr470-2\/"},"modified":"2026-04-27T14:24:14","modified_gmt":"2026-04-27T12:24:14","slug":"detektorsockel-b401dgr470-2","status":"publish","type":"product","link":"https:\/\/secureus.se\/fi\/detektorsockel-b401dgr470-2\/","title":{"rendered":"ILMAISIN PIST\u00c4 B401DGR470"},"content":{"rendered":"<p>Ilmaisimen pistoke eritt\u00e4in syv\u00e4ll\u00e4, jossa on enemm\u00e4n tilaa johtoliit\u00e4nt\u00f6ille System Sensor 300 -sarjan ilmaisimille.<\/p>\n<p>Ulostulo ulkoista n\u00e4ytt\u00f6\u00e4 varten.<\/p>\n<p>Sis\u00e4\u00e4nrakennettu resistanssi 470 ohmia.<\/p>\n<p><span class=\"produkt-egenskap\"><span class=\"label\">Asennustapa: <\/span><span class=\"value\">Pinta-asennus<\/span><\/span><\/p>\n<p><span class=\"produkt-egenskap\"><span class=\"label\">Maali: <\/span><span class=\"value\">Valkoinen<\/span><\/span><\/p>\n<p><span class=\"produkt-egenskap\"><span class=\"label\">Korkeus: <\/span><span class=\"value\">19 mm<\/span><\/span><\/p>\n<p><span class=\"produkt-egenskap\"><span class=\"label\">Halkaisija: <\/span><span class=\"value\">102 mm<\/span><\/span><\/p>\n<p>&nbsp;<\/p>","protected":false},"excerpt":{"rendered":"<p>Eritt\u00e4in syv\u00e4 ilmaisinjalusta paremmalla kytkent\u00e4tilalla System Sensor 300 -sarjan ilmaisimille. Ulostulo ulkoista n\u00e4ytt\u00f6\u00e4 varten. Sis\u00e4\u00e4nrakennettu resistanssi 470 ohmia. Asennustapa: Pinta-asennus V\u00e4ri: Valkoinen Korkeus: 19 mm<\/p>","protected":false},"featured_media":140538,"template":"","meta":{"_acf_changed":false},"product_brand":[],"product_cat":[4754],"product_tag":[],"class_list":{"0":"post-85740","1":"product","2":"type-product","3":"status-publish","4":"has-post-thumbnail","6":"product_cat-system-sensor-300-serien","7":"product_shipping_class-postnord-varubrev","8":"pa_brands-system-sensor","9":"tm-no-options","11":"first","12":"instock","13":"sale","14":"featured","15":"taxable","16":"shipping-taxable","17":"purchasable","18":"product-type-simple"},"acf":[],"_links":{"self":[{"href":"https:\/\/secureus.se\/fi\/wp-json\/wp\/v2\/product\/85740","targetHints":{"allow":["GET"]}}],"collection":[{"href":"https:\/\/secureus.se\/fi\/wp-json\/wp\/v2\/product"}],"about":[{"href":"https:\/\/secureus.se\/fi\/wp-json\/wp\/v2\/types\/product"}],"wp:featuredmedia":[{"embeddable":true,"href":"https:\/\/secureus.se\/fi\/wp-json\/wp\/v2\/media\/140538"}],"wp:attachment":[{"href":"https:\/\/secureus.se\/fi\/wp-json\/wp\/v2\/media?parent=85740"}],"wp:term":[{"taxonomy":"product_brand","embeddable":true,"href":"https:\/\/secureus.se\/fi\/wp-json\/wp\/v2\/product_brand?post=85740"},{"taxonomy":"product_cat","embeddable":true,"href":"https:\/\/secureus.se\/fi\/wp-json\/wp\/v2\/product_cat?post=85740"},{"taxonomy":"product_tag","embeddable":true,"href":"https:\/\/secureus.se\/fi\/wp-json\/wp\/v2\/product_tag?post=85740"}],"curies":[{"name":"wp","href":"https:\/\/api.w.org\/{rel}","templated":true}]}}