{"id":85900,"date":"2023-02-22T11:42:57","date_gmt":"2023-02-22T10:42:57","guid":{"rendered":"https:\/\/secureus.se\/produkt\/apollo-xp95-optisk-detektor\/"},"modified":"2026-04-22T15:17:13","modified_gmt":"2026-04-22T13:17:13","slug":"apollo-xp95-optisk-detektor","status":"publish","type":"product","link":"https:\/\/secureus.se\/fi\/apollo-xp95-optisk-detektor\/","title":{"rendered":"Savunilmaisin Apollo XP95 Optical 55000-620APO"},"content":{"rendered":"<h1>Savunilmaisin Apollo XP95 optinen<\/h1>\n<p>Apollo XP95 optinen savuilmaisin k\u00e4ytt\u00e4\u00e4 valonsironnaa savun havaitsemiseen syttyviss\u00e4 ymp\u00e4rist\u00f6iss\u00e4.<\/p>\n<p>Se on varustettu sis\u00e4isell\u00e4 sykkiv\u00e4ll\u00e4 infrapuna-LED:ll\u00e4 ja valodiodilla, joka on sijoitettu kulmaan hajavalon vangitsemiseksi.<\/p>\n<p>Normaaliolosuhteissa ilman savua fotodiodi ei vastaanota valoa LEDist\u00e4 ja l\u00e4hett\u00e4\u00e4 vastaavan analogisen signaalin.<\/p>\n<p>Kun savu tulee ilmaisinkammioon, valo hajoaa ja valodiodi rekister\u00f6i t\u00e4m\u00e4n, mik\u00e4 lis\u00e4\u00e4 signaalia ja aktivoi h\u00e4lytyksen.<\/p>\n<p class=\"\" data-start=\"847\" data-end=\"1195\">Tunnistimessa on selke\u00e4 punainen merkkivalo, joka syttyy, kun se on h\u00e4lytystilassa.<\/p>\n<p class=\"\" data-start=\"847\" data-end=\"1195\">Se on suunniteltu tarjoamaan luotettava palonhavaitseminen alueilla, joissa l\u00e4mp\u00f6tila vaihtelee -20\u00b0C - +60\u00b0C, ja se sopii erityisen hyvin poistumisreiteille.<\/p>\n<p class=\"\" data-start=\"847\" data-end=\"1195\">Se ei ole herkk\u00e4 tuulen ja ilmanpaineen muutoksille, mik\u00e4 tekee siit\u00e4 vakaan erilaisissa olosuhteissa.<\/p>\n<p class=\"\" data-start=\"1197\" data-end=\"1372\">Pitk\u00e4ll\u00e4 10 vuoden takuulla t\u00e4m\u00e4 ilmaisin on luotettava ratkaisu palonvalvontaan rakennuksissa, kuten hotelleissa, toimistoissa, ravintoloissa ja muissa keskisuurissa ja suurissa rakennuksissa.<\/p>","protected":false},"excerpt":{"rendered":"<p>Apollo XP95 -optinen savuilmaisin k\u00e4ytt\u00e4\u00e4 infrapuna-LED:n valonsirontaa havaitakseen nopeasti ja tehokkaasti hitaasti palavat ja kytev\u00e4t tulipalot.<\/p>\n<p>Siin\u00e4 on merkkivalo, joka palaa punaisena h\u00e4lytyksen sattuessa.<\/p>","protected":false},"featured_media":141561,"template":"","meta":{"_acf_changed":false},"product_brand":[],"product_cat":[4751],"product_tag":[2704],"class_list":{"0":"post-85900","1":"product","2":"type-product","3":"status-publish","4":"has-post-thumbnail","6":"product_cat-xp95-serien","7":"product_tag-utvalda-produkter-fran-apollo","8":"product_shipping_class-postnord-varubrev","9":"pa_brands-apollo-fire-detectors","10":"tm-no-options","12":"first","13":"instock","14":"sale","15":"featured","16":"taxable","17":"shipping-taxable","18":"purchasable","19":"product-type-simple"},"acf":[],"_links":{"self":[{"href":"https:\/\/secureus.se\/fi\/wp-json\/wp\/v2\/product\/85900","targetHints":{"allow":["GET"]}}],"collection":[{"href":"https:\/\/secureus.se\/fi\/wp-json\/wp\/v2\/product"}],"about":[{"href":"https:\/\/secureus.se\/fi\/wp-json\/wp\/v2\/types\/product"}],"wp:featuredmedia":[{"embeddable":true,"href":"https:\/\/secureus.se\/fi\/wp-json\/wp\/v2\/media\/141561"}],"wp:attachment":[{"href":"https:\/\/secureus.se\/fi\/wp-json\/wp\/v2\/media?parent=85900"}],"wp:term":[{"taxonomy":"product_brand","embeddable":true,"href":"https:\/\/secureus.se\/fi\/wp-json\/wp\/v2\/product_brand?post=85900"},{"taxonomy":"product_cat","embeddable":true,"href":"https:\/\/secureus.se\/fi\/wp-json\/wp\/v2\/product_cat?post=85900"},{"taxonomy":"product_tag","embeddable":true,"href":"https:\/\/secureus.se\/fi\/wp-json\/wp\/v2\/product_tag?post=85900"}],"curies":[{"name":"wp","href":"https:\/\/api.w.org\/{rel}","templated":true}]}}