{"id":86497,"date":"2023-09-27T18:04:24","date_gmt":"2023-09-27T16:04:24","guid":{"rendered":"https:\/\/secureus.se\/produkt\/motorlas-810s-50-z-sats\/"},"modified":"2025-10-21T11:57:27","modified_gmt":"2025-10-21T09:57:27","slug":"motorlas-810s-50-z-sats","status":"publish","type":"product","link":"https:\/\/secureus.se\/fi\/motorlas-810s-50-z-sats\/","title":{"rendered":"Moottorin lukko 810S-50 Z Kit"},"content":{"rendered":"<p><b>Kuvaus:<br \/>\n<\/b><br \/>\nASSA ABLOY Evolution 810S-50 on Assan modulaarisella syvennyksell\u00e4 varustettuihin oviin sovitettu moottorilukko. Soveltuu y\u00f6- ja turvalukitukseksi ovissa, joissa on korkeat turvallisuusvaatimukset kaupassa, toimistoissa ja teollisuudessa.<\/p>\n<div>\n<p><b>Sarjan mukana tulevat tarvikkeet:<\/b><\/p>\n<div>Moottorilukko 810S-50, ohjausyksikk\u00f6, p\u00e4\u00e4tylevy 1487-2, Liit\u00e4nt\u00e4kaapeli (6m), Kaapelin siirto EA281.<\/div>\n<p><b>Ominaisuudet:\u00a0<\/b><\/p>\n<ul>\n<li>Avausnopeus alle 1\/3 sekuntia.<\/li>\n<li>T\u00e4ytt\u00e4\u00e4 SS 3079 lukkoluokan 3 vaatimukset<\/li>\n<li>Lukkoa voidaan aina k\u00e4ytt\u00e4\u00e4 sylinterill\u00e4\/nupilla.<\/li>\n<li>Sis\u00e4\u00e4nrakennettu oven asentoanturi (magneetti), jota voidaan t\u00e4ydent\u00e4\u00e4 tai korvata ulkoisella magneetilla.<\/li>\n<li>Pitoaika 4-64 sekuntia.<\/li>\n<\/ul>\n<p>&nbsp;<\/p>\n<div><b>\u00a0<\/b><\/div>\n<p>Teht\u00e4v\u00e4:<\/p>\n<ul>\n<li>Koukkus\u00e4\u00e4nt\u00f6 saa virtansa sis\u00e4\u00e4nrakennetusta moottorista.<\/li>\n<li>810S-50 paineh\u00e4vi\u00f6ll\u00e4 on tyyppihyv\u00e4ksytty asennettavaksi palokammioon (TG 0456\/01).<\/li>\n<li>Lukkoa voidaan ohjata useimmilla markkinoilla olevilla ohjausj\u00e4rjestelmill\u00e4, kuten p\u00e4\u00e4syj\u00e4rjestelmill\u00e4, koodilukoilla ja aikakytkimill\u00e4.<\/li>\n<li>Jokainen moottorilukko vaatii ohjausyksik\u00f6n (DAC430), joka hallitsee moottorin lukon ja ulkomaailman v\u00e4list\u00e4 viestint\u00e4\u00e4. (sis\u00e4ltyy sarjaan.)<\/li>\n<\/ul>\n<p>&nbsp;<\/p>\n<div><b>\u00a0<\/b><\/div>\n<p>Ohjausyksikk\u00f6 DAC430:<\/p>\n<div>\n<ul>\n<li>Kommunikoi moottorin lukon kanssa salatun datav\u00e4yl\u00e4n kautta.<\/li>\n<li>Vaatii ohjaussignaaleja vanhempien j\u00e4rjestelm\u00e4st\u00e4 moottorin lukon k\u00e4ytt\u00e4miseksi.<\/li>\n<li>Antaa osoitteita ylivoimaiselle j\u00e4rjestelm\u00e4lle, joka kertoo lukon ja oven tilan.<\/li>\n<li>Ohjaa my\u00f6s t\u00e4ydent\u00e4vi\u00e4 p\u00e4iv\u00e4lukkoja niin, ett\u00e4 muodostuu t\u00e4ydellinen p\u00e4iv\u00e4\/y\u00f6-yhdistelm\u00e4.<\/li>\n<li>Aktivoi h\u00e4lytysl\u00e4hd\u00f6n toimintah\u00e4iri\u00f6n sattuessa.<\/li>\n<li>Liitet\u00e4\u00e4n j\u00e4nnitteensy\u00f6tt\u00f6\u00f6n.<\/li>\n<li>On asennettava sis\u00e4tiloihin oven suojaiselle puolelle 50 metrin et\u00e4isyydelle moottorilukosta.<\/li>\n<\/ul>\n<p><b>Tekniset tiedot:\u00a0<\/b><\/p>\n<ul>\n<li>24 V +\/- 15% AC\/DC. Alt 12 V DC stabiloitu.<\/li>\n<li>Virrankulutus 24 V DC, levossa 150 mA, k\u00e4ytt\u00f6 max 700 mA (0,1 S).<\/li>\n<li>Releen kuorma max 1 A.<\/li>\n<li>Lukkokotelon magneetin ja magneettisen p\u00e4\u00e4tylevyn v\u00e4linen enimm\u00e4iset\u00e4isyys on 6 mm.<\/li>\n<li>Lukkolaatikon ja ohjausyksik\u00f6n v\u00e4linen maksimiet\u00e4isyys on 50 m.<\/li>\n<\/ul>\n<\/div>\n<\/div>","protected":false},"excerpt":{"rendered":"<p>Kuvaus: ASSA ABLOY Evolution 810S-50 on Assan modulaarisella syvennyksell\u00e4 varustettuihin oviin sovitettu moottorilukko. Soveltuu y\u00f6- ja turvalukitukseksi ovissa, joissa on korkeat turvallisuusvaatimukset kaupassa, toimistoissa ja teollisuudessa.<\/p>","protected":false},"featured_media":139343,"template":"","meta":{"_acf_changed":false},"product_brand":[],"product_cat":[2874],"product_tag":[4187,4543,4540,4553,4544,4542,4863,4550],"class_list":{"0":"post-86497","1":"product","2":"type-product","3":"status-publish","4":"has-post-thumbnail","6":"product_cat-motorlas","7":"product_tag-dorndjup-50mm","8":"product_tag-komplett-sats-ja","9":"product_tag-krypterad-kommunikation-ja","10":"product_tag-modul","11":"product_tag-nodutrymning-nej","12":"product_tag-panikutrymning-nej","13":"product_tag-pf","14":"product_tag-spanning-ac-dc","15":"product_shipping_class-tunga-paket","16":"pa_brands-abloy","17":"tm-no-options","19":"first","20":"instock","21":"sale","22":"taxable","23":"shipping-taxable","24":"purchasable","25":"product-type-simple"},"acf":[],"_links":{"self":[{"href":"https:\/\/secureus.se\/fi\/wp-json\/wp\/v2\/product\/86497","targetHints":{"allow":["GET"]}}],"collection":[{"href":"https:\/\/secureus.se\/fi\/wp-json\/wp\/v2\/product"}],"about":[{"href":"https:\/\/secureus.se\/fi\/wp-json\/wp\/v2\/types\/product"}],"wp:featuredmedia":[{"embeddable":true,"href":"https:\/\/secureus.se\/fi\/wp-json\/wp\/v2\/media\/139343"}],"wp:attachment":[{"href":"https:\/\/secureus.se\/fi\/wp-json\/wp\/v2\/media?parent=86497"}],"wp:term":[{"taxonomy":"product_brand","embeddable":true,"href":"https:\/\/secureus.se\/fi\/wp-json\/wp\/v2\/product_brand?post=86497"},{"taxonomy":"product_cat","embeddable":true,"href":"https:\/\/secureus.se\/fi\/wp-json\/wp\/v2\/product_cat?post=86497"},{"taxonomy":"product_tag","embeddable":true,"href":"https:\/\/secureus.se\/fi\/wp-json\/wp\/v2\/product_tag?post=86497"}],"curies":[{"name":"wp","href":"https:\/\/api.w.org\/{rel}","templated":true}]}}