{"id":86563,"date":"2023-09-27T18:01:24","date_gmt":"2023-09-27T16:01:24","guid":{"rendered":"https:\/\/secureus.se\/produkt\/motorlashus-840c-70-hi-o\/"},"modified":"2025-10-21T11:58:54","modified_gmt":"2025-10-21T09:58:54","slug":"motorlashus-840c-70-hi-o","status":"publish","type":"product","link":"https:\/\/secureus.se\/fi\/motorlashus-840c-70-hi-o\/","title":{"rendered":"Moottorin lukkokotelo 840C-70 Hi-O"},"content":{"rendered":"<p><b>Kuvaus:<br \/>\n<\/b><br \/>\nASSA ABLOY Moottorilukko 840C on hyv\u00e4ksi havaittu ja suosittu markkinoilla. Se soveltuu hyvin p\u00e4iv\u00e4-, y\u00f6- ja turvalukitukseen ovissa, joissa on korkeat turvallisuusvaatimukset kaupassa, toimistoissa ja teollisuudessa. Moottorilukko 840C on Hi-O-yksikk\u00f6, joka liitet\u00e4\u00e4n DAC630:een tai DAC530:een. Hi-O tarkoittaa, ett\u00e4 laitteissa on sis\u00e4\u00e4nrakennettu mikrotietokone ja ne kommunikoivat kesken\u00e4\u00e4n plug-and-play-asennusta, oven toiminnan synkronointia, k\u00e4ytt\u00e4ytymisen seurantaa ja diagnostisten tietojen l\u00e4hett\u00e4mist\u00e4 varten.<\/p>\n<div><\/div>\n<div><b>Ominaisuudet:<\/b><\/div>\n<div>\n<ul>\n<li>Karan syvyys 70 mm.<\/li>\n<li>Sertifioitu SSF3522, luokan 4 mukaan<\/li>\n<li>Avausnopeus alle 1\/3 sekuntia.<\/li>\n<li>Lukon voi aina avata avaimella\/nupilla.<\/li>\n<li>Sis\u00e4\u00e4nrakennettu oven asentoanturi (magneetti p\u00e4\u00e4tylevyss\u00e4).<\/li>\n<li>Paineh\u00e4vi\u00f6, joka on hyv\u00e4ksytty asennettavaksi palokennorajaan E\/EI 120.<\/li>\n<li>Sertifioitu standardin SS-EN 14846 mukaisesti<\/li>\n<li>Helposti vaihdettavissa oikealle\/vasemmalle<\/li>\n<li>Voidaan yhdist\u00e4\u00e4 muihin Hi-O-laitteisiin ilman ohjainta, esim. p\u00e4iv\u00e4lukko, oviautomaatio ja kortinlukija<\/li>\n<li>Moottorin lukko L\u00e4mp\u00f6tila \u2013 20 \u00b0C \u2013 + 70 \u00b0C<\/li>\n<li>Sopiva ohjausyksikk\u00f6 kest\u00e4\u00e4 l\u00e4mp\u00f6tilaa +5 \u00b0C \u2013 +40 \u00b0C, 20 \u2013 90 % suhteellista kosteutta, ei tiivisty<\/li>\n<\/ul>\n<p><b>Tekniset tiedot:<\/b><\/p>\n<ul>\n<li>K\u00e4ytt\u00f6j\u00e4nnite: 12-24 VDC stab -5%+15%<\/li>\n<li>Virrankulutus: Lepo 50 mA Max 445 mA 24 VDC:ll\u00e4<\/li>\n<li>Sertifioitu EN14846:n mukaan<\/li>\n<\/ul>\n<\/div>","protected":false},"excerpt":{"rendered":"<p>Kuvaus: ASSA ABLOY Moottorilukko 840C on hyvin todistettu ja suosittu markkinoilla. Se soveltuu hyvin p\u00e4iv\u00e4-, y\u00f6- ja turvalukitukseen ovissa, joissa on korkeat turvallisuusvaatimukset kaupassa, toimistoissa ja teollisuudessa. Moottorin lukko<\/p>","protected":false},"featured_media":140353,"template":"","meta":{"_acf_changed":false},"product_brand":[],"product_cat":[2874],"product_tag":[4110,4549,4540,4544,4542,4863,4550],"class_list":{"0":"post-86563","1":"product","2":"type-product","3":"status-publish","4":"has-post-thumbnail","6":"product_cat-motorlas","7":"product_tag-4110","8":"product_tag-dorndjup-70mm","9":"product_tag-krypterad-kommunikation-ja","10":"product_tag-nodutrymning-nej","11":"product_tag-panikutrymning-nej","12":"product_tag-pf","13":"product_tag-spanning-ac-dc","14":"product_shipping_class-tunga-paket","15":"pa_brands-abloy","16":"tm-no-options","18":"first","19":"onbackorder","20":"sale","21":"taxable","22":"shipping-taxable","23":"purchasable","24":"product-type-simple"},"acf":[],"_links":{"self":[{"href":"https:\/\/secureus.se\/fi\/wp-json\/wp\/v2\/product\/86563","targetHints":{"allow":["GET"]}}],"collection":[{"href":"https:\/\/secureus.se\/fi\/wp-json\/wp\/v2\/product"}],"about":[{"href":"https:\/\/secureus.se\/fi\/wp-json\/wp\/v2\/types\/product"}],"wp:featuredmedia":[{"embeddable":true,"href":"https:\/\/secureus.se\/fi\/wp-json\/wp\/v2\/media\/140353"}],"wp:attachment":[{"href":"https:\/\/secureus.se\/fi\/wp-json\/wp\/v2\/media?parent=86563"}],"wp:term":[{"taxonomy":"product_brand","embeddable":true,"href":"https:\/\/secureus.se\/fi\/wp-json\/wp\/v2\/product_brand?post=86563"},{"taxonomy":"product_cat","embeddable":true,"href":"https:\/\/secureus.se\/fi\/wp-json\/wp\/v2\/product_cat?post=86563"},{"taxonomy":"product_tag","embeddable":true,"href":"https:\/\/secureus.se\/fi\/wp-json\/wp\/v2\/product_tag?post=86563"}],"curies":[{"name":"wp","href":"https:\/\/api.w.org\/{rel}","templated":true}]}}