{"id":86569,"date":"2023-09-11T15:28:49","date_gmt":"2023-09-11T13:28:49","guid":{"rendered":"https:\/\/secureus.se\/produkt\/larmdosa-5-polig-med-skruv-classic\/"},"modified":"2025-12-31T20:52:17","modified_gmt":"2025-12-31T19:52:17","slug":"larmdosa-5-polig-med-skruv-classic","status":"publish","type":"product","link":"https:\/\/secureus.se\/fi\/larmdosa-5-polig-med-skruv-classic\/","title":{"rendered":"H\u00e4lytinrasia 5-napainen ruuvilla - Classic"},"content":{"rendered":"<p><span class=\"ui-provider ep bqx bqk bqy bqz bra brb brc brd bre brf brg brh bri brj brk brl brm brn bro brp brq brr brs brt bru brv brw brx bry brz bsa bsb bsc bsd\" dir=\"ltr\">H\u00e4lytinkotelo ruuvilla h\u00e4lytyksi\u00e4 varten - turva- ja tietoliikenneasennukset. <\/span><\/p>\n<p><span class=\"ui-provider ep bqx bqk bqy bqz bra brb brc brd bre brf brg brh bri brj brk brl brm brn bro brp brq brr brs brt bru brv brw brx bry brz bsa bsb bsc bsd\" dir=\"ltr\">Jos haluat logosi ja suurempia m\u00e4\u00e4ri\u00e4, ota yhteytt\u00e4. \u00a0<\/span><\/p>\n<p><span class=\"ui-provider ep bqx bqk bqy bqz bra brb brc brd bre brf brg brh bri brj brk brl brm brn bro brp brq brr brs brt bru brv brw brx bry brz bsa bsb bsc bsd\" dir=\"ltr\">Laatikko on varustettu sabotointikytkimell\u00e4, joka aktivoituu, kun kansi avataan.\u00a0<\/span><\/p>","protected":false},"excerpt":{"rendered":"<p><span class=\"ui-provider ep bqx bqk bqy bqz bra brb brc brd bre brf brg brh bri brj brk brl brm brn bro brp brq brr brs brt bru brv brw brx bry brz bsa bsb bsc bsd\" dir=\"ltr\">T\u00e4m\u00e4 h\u00e4lytysrasia on ollut k\u00e4yt\u00f6ss\u00e4 yli 30 vuotta ja on yht\u00e4 suosittu turvalaitteiden asentamisessa.<\/span><\/p>","protected":false},"featured_media":140452,"template":"","meta":{"_acf_changed":false},"product_brand":[],"product_cat":[1545],"product_tag":[2958],"class_list":{"0":"post-86569","1":"product","2":"type-product","3":"status-publish","4":"has-post-thumbnail","6":"product_cat-kopplingsdosa-larmdosa","7":"product_tag-stonehouse-produkt","8":"product_shipping_class-postnord-varubrev","9":"pa_brands-stonehouse-security","10":"tm-no-options","12":"first","13":"instock","14":"sale","15":"featured","16":"taxable","17":"shipping-taxable","18":"purchasable","19":"product-type-simple"},"acf":[],"_links":{"self":[{"href":"https:\/\/secureus.se\/fi\/wp-json\/wp\/v2\/product\/86569","targetHints":{"allow":["GET"]}}],"collection":[{"href":"https:\/\/secureus.se\/fi\/wp-json\/wp\/v2\/product"}],"about":[{"href":"https:\/\/secureus.se\/fi\/wp-json\/wp\/v2\/types\/product"}],"wp:featuredmedia":[{"embeddable":true,"href":"https:\/\/secureus.se\/fi\/wp-json\/wp\/v2\/media\/140452"}],"wp:attachment":[{"href":"https:\/\/secureus.se\/fi\/wp-json\/wp\/v2\/media?parent=86569"}],"wp:term":[{"taxonomy":"product_brand","embeddable":true,"href":"https:\/\/secureus.se\/fi\/wp-json\/wp\/v2\/product_brand?post=86569"},{"taxonomy":"product_cat","embeddable":true,"href":"https:\/\/secureus.se\/fi\/wp-json\/wp\/v2\/product_cat?post=86569"},{"taxonomy":"product_tag","embeddable":true,"href":"https:\/\/secureus.se\/fi\/wp-json\/wp\/v2\/product_tag?post=86569"}],"curies":[{"name":"wp","href":"https:\/\/api.w.org\/{rel}","templated":true}]}}