{"id":86623,"date":"2023-10-27T10:45:01","date_gmt":"2023-10-27T08:45:01","guid":{"rendered":"https:\/\/secureus.se\/produkt\/fargo-dtc4500e-plastic-card-printer-with-lamination-and-locking-hoppers-dual-sided\/"},"modified":"2026-04-23T12:40:26","modified_gmt":"2026-04-23T10:40:26","slug":"kortskrivare-fargo-dtc4500e-duplex","status":"publish","type":"product","link":"https:\/\/secureus.se\/fi\/kortskrivare-fargo-dtc4500e-duplex\/","title":{"rendered":"Korttitulostin Fargo DTC4500e Duplex - Laminointi ja lukittavat alustat"},"content":{"rendered":"<p><strong>Suurin suorituskyky Fargo DTC4500e:ll\u00e4:<\/strong> Fargo DTC4500e kaksipuolinen henkil\u00f6korttitulostin on suunniteltu organisaatioille, jotka tarvitsevat suurta kapasiteettia ja joustavuutta henkil\u00f6korttitulostukseensa. T\u00e4m\u00e4 tulostin yhdist\u00e4\u00e4 nopeuden, tehon ja monipuolisuuden samassa paketissa.<\/p>\n<p><strong>Ominaisuudet ja edut:<\/strong><\/p>\n<ul>\n<li><strong>Suuri kapasiteetti:<\/strong> Varustettu suurilla teloilla, joiden avulla voidaan tulostaa kaksi kertaa enemm\u00e4n v\u00e4rikortteja ennen telan vaihtoa, mik\u00e4 s\u00e4\u00e4st\u00e4\u00e4 aikaa ja lis\u00e4\u00e4 tehokkuutta.<\/li>\n<li><strong>Turvallisuus:<\/strong> Sis\u00e4\u00e4nrakennetun suojauksen ja salasanalla suojatun tulostimen toiminnan ansiosta voit hallita tulostusta turvallisuudesta tinkim\u00e4tt\u00e4.<\/li>\n<li><strong>Lukittavat lokerot:<\/strong> Suojaa sek\u00e4 tyhj\u00e4t kortit ett\u00e4 valmiit henkil\u00f6kortit valinnaisilla lukittavilla korttilokeroilla.<\/li>\n<li><strong>Joustavuus:<\/strong> Suunnittelun modulaarisuus mahdollistaa laminointi- ja koodausteknologiakorttien kentt\u00e4p\u00e4ivitykset.<\/li>\n<\/ul>\n<p><strong>Tekniset tiedot:<\/strong><\/p>\n<ul>\n<li><strong>Tulostusnopeus:<\/strong> Jopa 120 korttia tunnissa (v\u00e4ritulostus, kaksipuolinen).<\/li>\n<li><strong>Kapasiteetti:<\/strong> Kaksituloinen korttisy\u00f6tt\u00f6laite 200 kortille ja jopa 100 kortin ulostulo.<\/li>\n<li><strong>Kortin tyyppi:<\/strong> ISO 7810 formaatti, CR80, ID-1 koko, yhteensopiva PVC:n, PET:n ja PC-kortin kanssa.<\/li>\n<li><strong>Liit\u00e4nn\u00e4t:<\/strong> USB ja Ethernet.<\/li>\n<\/ul>\n<p>Kolmen vuoden takuunsa ja kest\u00e4v\u00e4n suunnittelunsa ansiosta Fargo DTC4500e tarjoaa luotettavan ja pitk\u00e4n aikav\u00e4lin ratkaisun kaikkiin henkil\u00f6korttitulostustarpeisiisi.<\/p>","protected":false},"excerpt":{"rendered":"<p>Fargo DTC4500e on kaksipuolinen henkil\u00f6korttitulostin USB- ja Ethernet-liit\u00e4nn\u00e4ll\u00e4, varustettu lukittavilla lokeroilla ja kolmen vuoden valmistajan takuulla.<\/p>\n<p>Se tarjoaa suuren volyymin ja korkean laadun laminointimahdollisuudella, mik\u00e4 takaa pitk\u00e4ik\u00e4iset ja turvalliset henkil\u00f6kortit.<\/p>\n<p>Vaikuttavan tulostuskapasiteetin ja k\u00e4ytt\u00e4j\u00e4yst\u00e4v\u00e4llisen suunnittelun ansiosta DTC4500e on t\u00e4ydellinen ratkaisu korttitulostustarpeisiisi.<\/p>","protected":false},"featured_media":139935,"template":"","meta":{"_acf_changed":false},"product_brand":[],"product_cat":[3206],"product_tag":[2830,3172,3177,4863,3069],"class_list":{"0":"post-86623","1":"product","2":"type-product","3":"status-publish","4":"has-post-thumbnail","6":"product_cat-fargo","7":"product_tag-kortprinter-direct-to-card","8":"product_tag-dubbelsidig-dual-side","9":"product_tag-fargo","10":"product_tag-pf","11":"product_tag-trade-produkt","12":"product_shipping_class-tunga-paket","13":"pa_brands-fargo","14":"pa_fabrikat-kortskrivare-fargo","15":"tm-no-options","17":"first","18":"outofstock","19":"sale","20":"taxable","21":"shipping-taxable","22":"purchasable","23":"product-type-simple"},"acf":[],"_links":{"self":[{"href":"https:\/\/secureus.se\/fi\/wp-json\/wp\/v2\/product\/86623","targetHints":{"allow":["GET"]}}],"collection":[{"href":"https:\/\/secureus.se\/fi\/wp-json\/wp\/v2\/product"}],"about":[{"href":"https:\/\/secureus.se\/fi\/wp-json\/wp\/v2\/types\/product"}],"wp:featuredmedia":[{"embeddable":true,"href":"https:\/\/secureus.se\/fi\/wp-json\/wp\/v2\/media\/139935"}],"wp:attachment":[{"href":"https:\/\/secureus.se\/fi\/wp-json\/wp\/v2\/media?parent=86623"}],"wp:term":[{"taxonomy":"product_brand","embeddable":true,"href":"https:\/\/secureus.se\/fi\/wp-json\/wp\/v2\/product_brand?post=86623"},{"taxonomy":"product_cat","embeddable":true,"href":"https:\/\/secureus.se\/fi\/wp-json\/wp\/v2\/product_cat?post=86623"},{"taxonomy":"product_tag","embeddable":true,"href":"https:\/\/secureus.se\/fi\/wp-json\/wp\/v2\/product_tag?post=86623"}],"curies":[{"name":"wp","href":"https:\/\/api.w.org\/{rel}","templated":true}]}}