{"id":86921,"date":"2023-10-30T17:25:05","date_gmt":"2023-10-30T16:25:05","guid":{"rendered":"https:\/\/secureus.se\/?post_type=product&#038;p=86921"},"modified":"2025-12-31T21:12:29","modified_gmt":"2025-12-31T20:12:29","slug":"larmdekal-dubbelsidig-sjalvhaftande-a6-105x148-5mm","status":"publish","type":"product","link":"https:\/\/secureus.se\/fi\/larmdekal-dubbelsidig-sjalvhaftande-a6-105x148-5mm\/","title":{"rendered":"H\u00e4lytystarra Kaksipuolinen itseliimautuva (A6) - 105\u00d7148,5 mm"},"content":{"rendered":"<p>T\u00e4ll\u00e4 h\u00e4lytystarralla voit merkit\u00e4 t\u00e4rkeimm\u00e4t sis\u00e4\u00e4nk\u00e4yntipisteesi, kuten ikkunat ja ovet, n\u00e4kyv\u00e4sti ja selke\u00e4sti. H\u00e4lytystarrat toimivat vahvana visuaalisena pelotteena mahdollisilta tunkeutumisyrityksilt\u00e4.<\/p>\n<p><strong>Tukeva ja kest\u00e4v\u00e4<\/strong><br \/>\nValmistettu korkealaatuisesta polykarbonaatista. H\u00e4lytintarramme on suunniteltu kest\u00e4m\u00e4\u00e4n sek\u00e4 kulumista ett\u00e4 l\u00e4mp\u00f6tiloja. Voit olla varma, ett\u00e4 ne pysyv\u00e4t huippukunnossa.<\/p>\n<p><strong>Kaksipuolinen muotoilu<\/strong><br \/>\nN\u00e4iden h\u00e4lytystarrojen paras ominaisuus on, ett\u00e4 ne ovat kaksipuolisia. T\u00e4m\u00e4 tarkoittaa, ett\u00e4 aihe on n\u00e4kyviss\u00e4 sek\u00e4 sis\u00e4ll\u00e4 ett\u00e4 ulkona, mik\u00e4 lis\u00e4\u00e4 turvallisuutta ja n\u00e4kyvyytt\u00e4 miss\u00e4 tahansa oletkin.<\/p>\n<p>T\u00e4m\u00e4 h\u00e4lytystarra on yht\u00e4 tehokas sis\u00e4ll\u00e4 kuin ulkona. Turvallisuuden lis\u00e4\u00e4miseksi ne voidaan sijoittaa sis\u00e4tiloihin lis\u00e4suojaksi. Se antaa sinulle joustavuutta mukauttaa turvatoimesi erityistarpeidesi mukaan.<\/p>\n<h3>K\u00e4ytt\u00f6alueet:<\/h3>\n<ul>\n<li><strong>Koti:<\/strong> Suojaa perhett\u00e4si ja kotiasi kiinnitt\u00e4m\u00e4ll\u00e4 n\u00e4m\u00e4 h\u00e4lytystarrat kaikkiin t\u00e4rkeisiin sis\u00e4\u00e4nk\u00e4yntiin.<br \/>\n<strong>Yritys:<\/strong> Paranna ty\u00f6paikkasi turvallisuutta tuomalla kriittisimm\u00e4t alueet n\u00e4kyville sek\u00e4 ty\u00f6ntekij\u00f6ille ett\u00e4 vierailijoille.<br \/>\n<strong>Liikkeet ja yritykset:<\/strong> Luo turvallisempi ymp\u00e4rist\u00f6 asiakkaillesi ja henkil\u00f6kunnallesi merkitsem\u00e4ll\u00e4 t\u00e4rkeimm\u00e4t sis\u00e4\u00e4n- ja ulosk\u00e4ynnit.<\/li>\n<\/ul>\n<h3>Tuotteen tekniset tiedot:<\/h3>\n<ul>\n<li>Materiaali: Polykarbonaatti<\/li>\n<li>Mitata: <b>105 x 148,5 mm<\/b><\/li>\n<\/ul>\n<h3>Paketti sis\u00e4lt\u00e4\u00e4:<\/h3>\n<ul>\n<li>1kpl 105 x 148,5 mm Kaksipuolinen itseliimautuva h\u00e4lytystarra<\/li>\n<\/ul>\n<p>Nosta tilasi turvallisuustasoa luotettavilla itseliimautuvilla kaksipuolisilla h\u00e4lytystarroillamme. Jokainen tarra on investointi turvallisuuteen!<\/p>","protected":false},"excerpt":{"rendered":"<p><em>Merkitse sis\u00e4\u00e4ntulopisteesi itseliimautuvalla kaksipuolisella h\u00e4lytystarrallamme. Valmistettu kest\u00e4v\u00e4st\u00e4 polykarbonaatista ja erinomaisesta l\u00e4mm\u00f6nkest\u00e4vyydest\u00e4. N\u00e4kyvyyden ansiosta sek\u00e4 sis\u00e4ll\u00e4 ett\u00e4 ulkona t\u00e4m\u00e4 on v\u00e4ltt\u00e4m\u00e4t\u00f6n turvallisuuden lis\u00e4\u00e4miseksi<\/em><\/p>","protected":false},"featured_media":134542,"template":"","meta":{"_acf_changed":false},"product_brand":[],"product_cat":[1323],"product_tag":[3053],"class_list":{"0":"post-86921","1":"product","2":"type-product","3":"status-publish","4":"has-post-thumbnail","6":"product_cat-larmdekaler","7":"product_tag-nyhet","8":"product_shipping_class-dekaler-skyltar","9":"tm-no-options","11":"first","12":"outofstock","13":"featured","14":"taxable","15":"shipping-taxable","16":"purchasable","17":"product-type-simple"},"acf":[],"_links":{"self":[{"href":"https:\/\/secureus.se\/fi\/wp-json\/wp\/v2\/product\/86921","targetHints":{"allow":["GET"]}}],"collection":[{"href":"https:\/\/secureus.se\/fi\/wp-json\/wp\/v2\/product"}],"about":[{"href":"https:\/\/secureus.se\/fi\/wp-json\/wp\/v2\/types\/product"}],"wp:featuredmedia":[{"embeddable":true,"href":"https:\/\/secureus.se\/fi\/wp-json\/wp\/v2\/media\/134542"}],"wp:attachment":[{"href":"https:\/\/secureus.se\/fi\/wp-json\/wp\/v2\/media?parent=86921"}],"wp:term":[{"taxonomy":"product_brand","embeddable":true,"href":"https:\/\/secureus.se\/fi\/wp-json\/wp\/v2\/product_brand?post=86921"},{"taxonomy":"product_cat","embeddable":true,"href":"https:\/\/secureus.se\/fi\/wp-json\/wp\/v2\/product_cat?post=86921"},{"taxonomy":"product_tag","embeddable":true,"href":"https:\/\/secureus.se\/fi\/wp-json\/wp\/v2\/product_tag?post=86921"}],"curies":[{"name":"wp","href":"https:\/\/api.w.org\/{rel}","templated":true}]}}