{"id":87001,"date":"2023-11-03T12:00:41","date_gmt":"2023-11-03T11:00:41","guid":{"rendered":"https:\/\/secureus.se\/?post_type=product&#038;p=87001"},"modified":"2026-02-25T15:58:00","modified_gmt":"2026-02-25T14:58:00","slug":"mifare-desfire-4k-nxp-ev3-kort-100-pack","status":"publish","type":"product","link":"https:\/\/secureus.se\/fi\/mifare-desfire-4k-nxp-ev3-kort-100-pack\/","title":{"rendered":"Mifare DESFire 4K NXP EV3 -kortti \u2013 kontaktiton RFID (100 kpl)"},"content":{"rendered":"<h1>Mifare DESFire 4K NXP EV3 -kortti \u2013 kontaktiton RFID<\/h1>\n<p>Mifare DESFire 4K NXP EV3 -kortit tarjoavat turvallisen ja tehokkaan ratkaisun kontaktittoman tiedon tallentamiseen ja siirtoon. Aidolla NXP-sirulla ja 4 kilotavun muistikapasiteetilla varustetut kortit sopivat t\u00e4ydellisesti erilaisiin sovelluksiin, kuten identiteetinhallintaan, kulunvalvontaan ja mikromaksuihin.<\/p>\n<p>Korteissa on vakiokoko CR80 (86mm x 54mm), joten niit\u00e4 on helppo k\u00e4ytt\u00e4\u00e4 ja integroida olemassa oleviin j\u00e4rjestelmiin. Ne toimivat 13,56 MHz taajuudella, mik\u00e4 takaa nopean ja turvallisen tiedonsiirron. Hallitsetpa omaisuutta rakennuksessa tai suoritat maksuja, Mifare DESFire 4K -kortit tarjoavat luotettavan ja joustavan ratkaisun.<\/p>\n<p>Jokainen paketti sis\u00e4lt\u00e4\u00e4 100 korttia, mik\u00e4 tekee niist\u00e4 kustannustehokkaan vaihtoehdon sek\u00e4 pienille ett\u00e4 suurille yrityksille, jotka tarvitsevat korkeaa turvallisuutta ja helppok\u00e4ytt\u00f6isyytt\u00e4 j\u00e4rjestelmiss\u00e4\u00e4n.<\/p>\n<p><strong>Ominaisuudet ja edut<\/strong>:<\/p>\n<ul>\n<li>Kontaktittomat kortit, joissa on aito NXP-siru<\/li>\n<li>4 kilotavun muistikapasiteetti laajaan tallennustilaan<\/li>\n<li>Vakiokoko CR80 helpottaa k\u00e4ytt\u00f6\u00e4<\/li>\n<li>Toimii 13,56 MHz:n taajuudella nopeaan tiedonsiirtoon<\/li>\n<li>Ihanteellinen henkil\u00f6llisyyteen, kulunvalvontaan ja mikromaksuihin<\/li>\n<\/ul>\n<p><strong>Tekniset tiedot<\/strong>:<\/p>\n<ul>\n<li><strong>Muistin kapasiteetti<\/strong>: 4 kt<\/li>\n<li><strong>Taajuus<\/strong>: 13,56 MHz<\/li>\n<li><strong>Koko<\/strong>: Vakio CR80 (86mm x 54mm)<\/li>\n<li><strong>Paino (pakkaus)<\/strong>paino: 0,59 kg<\/li>\n<\/ul>","protected":false},"excerpt":{"rendered":"<p>T\u00e4ss\u00e4 tuotteessa on NXP\u00ae:n sertifioitu siru, joka on globaali teknologiayritys, jonka p\u00e4\u00e4konttori on Hollannissa. NXP\u00ae on erikoistunut RFID:hen ja NFC:hen ja tarjoaa valikoiman tuotteita tietoturvaan, liitett\u00e4vyyteen ja sulautettuihin ratkaisuihin.<\/p>\n<p>Mifare DESFire 4K NXP EV3 -kortit ovat kontaktittomia RFID-kortteja, joissa on aito NXP-siru ja 4 kilotavun muistikapasiteetti.<\/p>\n<p>N\u00e4m\u00e4 kortit toimivat 13,56 MHz:n taajuudella ja ovat ihanteellisia useisiin sovelluksiin, kuten identiteetinhallintaan, kulunvalvontaan ja mikromaksuihin.<\/p>\n<p>Myyd\u00e4\u00e4n 100 kappaleen pakkauksissa.<\/p>","protected":false},"featured_media":148203,"template":"","meta":{"_acf_changed":false},"product_brand":[],"product_cat":[4233,1711],"product_tag":[4538,3143,4146,3077,3084,3069],"class_list":{"0":"post-87001","1":"product","2":"type-product","3":"status-publish","4":"has-post-thumbnail","6":"product_cat-rfid-kort-desfire","7":"product_cat-rfid-kort","8":"product_tag-100-pack-lopnummer-rfid-kort","9":"product_tag-desfire-ev3-4k","10":"product_tag-nxp","11":"product_tag-rfid-desfire","12":"product_tag-trade-rfid-kort","13":"product_tag-trade-produkt","14":"product_shipping_class-postnord-varubrev","15":"pa_plastkort-teknik-desfire","16":"tm-has-options","18":"first","19":"instock","20":"taxable","21":"shipping-taxable","22":"purchasable","23":"product-type-simple"},"acf":[],"_links":{"self":[{"href":"https:\/\/secureus.se\/fi\/wp-json\/wp\/v2\/product\/87001","targetHints":{"allow":["GET"]}}],"collection":[{"href":"https:\/\/secureus.se\/fi\/wp-json\/wp\/v2\/product"}],"about":[{"href":"https:\/\/secureus.se\/fi\/wp-json\/wp\/v2\/types\/product"}],"wp:featuredmedia":[{"embeddable":true,"href":"https:\/\/secureus.se\/fi\/wp-json\/wp\/v2\/media\/148203"}],"wp:attachment":[{"href":"https:\/\/secureus.se\/fi\/wp-json\/wp\/v2\/media?parent=87001"}],"wp:term":[{"taxonomy":"product_brand","embeddable":true,"href":"https:\/\/secureus.se\/fi\/wp-json\/wp\/v2\/product_brand?post=87001"},{"taxonomy":"product_cat","embeddable":true,"href":"https:\/\/secureus.se\/fi\/wp-json\/wp\/v2\/product_cat?post=87001"},{"taxonomy":"product_tag","embeddable":true,"href":"https:\/\/secureus.se\/fi\/wp-json\/wp\/v2\/product_tag?post=87001"}],"curies":[{"name":"wp","href":"https:\/\/api.w.org\/{rel}","templated":true}]}}