{"id":87003,"date":"2023-11-03T12:00:42","date_gmt":"2023-11-03T11:00:42","guid":{"rendered":"https:\/\/secureus.se\/?post_type=product&#038;p=87003"},"modified":"2026-04-08T16:25:01","modified_gmt":"2026-04-08T14:25:01","slug":"mifare-desfire-8k-nxp-ev1-kort-100-pack","status":"publish","type":"product","link":"https:\/\/secureus.se\/fi\/mifare-desfire-8k-nxp-ev1-kort-100-pack\/","title":{"rendered":"Mifare DESFire 8K NXP EV1 -kortti \u2013 (100 kpl)"},"content":{"rendered":"<h1>Mifare DESFire 8K NXP EV1 -kortti - kontaktiton RFID<\/h1>\n<p>Mifare DESFire 8K NXP EV1 -kortit tarjoavat turvallisen ja tehokkaan ratkaisun kontaktittoman tiedon tallentamiseen ja siirtoon. N\u00e4m\u00e4 kortit on varustettu aidolla NXP-sirulla ja niiden muistikapasiteetti on 8 kilotavua, mik\u00e4 tekee niist\u00e4 sopivia monenlaisiin k\u00e4ytt\u00f6tarkoituksiin, kuten identiteetin hallintaan, kulunvalvontaan ja mikromaksuihin.<\/p>\n<p>Vakiokokoisena CR80 (86 mm x 54 mm) n\u00e4it\u00e4 kortteja on helppo k\u00e4ytt\u00e4\u00e4 ja integroida olemassa oleviin j\u00e4rjestelmiin. Ne toimivat 13,56 MHz taajuudella, mik\u00e4 takaa nopean ja turvallisen tiedonsiirron. Olipa kyseess\u00e4 rakennuksen omaisuuden hallinta tai maksujen k\u00e4sittely, Mifare DESFire 8K -kortit ovat luotettava ja joustava ratkaisu.<\/p>\n<p>Jokainen paketti sis\u00e4lt\u00e4\u00e4 100 korttia, mik\u00e4 tekee niist\u00e4 kustannustehokkaan vaihtoehdon sek\u00e4 pienille ett\u00e4 suurille yrityksille, jotka tarvitsevat korkeaa turvallisuutta ja helppok\u00e4ytt\u00f6isyytt\u00e4 j\u00e4rjestelmiss\u00e4\u00e4n.<\/p>\n<p><strong>Ominaisuudet ja edut<\/strong>:<\/p>\n<ul>\n<li>Kontaktittomat kortit, joissa on aito NXP-siru<\/li>\n<li>8 kilotavun muistikapasiteetti laajaan tallennustilaan<\/li>\n<li>Vakiokoko CR80 helpottaa k\u00e4ytt\u00f6\u00e4<\/li>\n<li>Toimii 13,56 MHz:n taajuudella nopeaan tiedonsiirtoon<\/li>\n<li>Ihanteellinen henkil\u00f6llisyyteen, kulunvalvontaan ja mikromaksuihin<\/li>\n<\/ul>\n<p><strong>Tekniset tiedot<\/strong>:<\/p>\n<ul>\n<li><strong>Muistin kapasiteetti<\/strong>: 8 kt<\/li>\n<li><strong>Taajuus<\/strong>: 13,56 MHz<\/li>\n<li><strong>Koko<\/strong>: Vakio CR80 (86mm x 54mm)<\/li>\n<li><strong>Paino (pakkaus)<\/strong>paino: 0,59 kg<\/li>\n<\/ul>","protected":false},"excerpt":{"rendered":"<p>T\u00e4ss\u00e4 tuotteessa on NXP\u00ae:n sertifioitu siru, joka on globaali teknologiayritys, jonka p\u00e4\u00e4konttori on Hollannissa. NXP\u00ae on erikoistunut RFID:hen ja NFC:hen ja tarjoaa valikoiman tuotteita tietoturvaan, liitett\u00e4vyyteen ja sulautettuihin ratkaisuihin.<\/p>\n<p>Mifare DESFire 8K NXP EV1 -kortit ovat kontaktittomia RFID-kortteja, joissa on aito NXP-siru ja 8 kilotavun muistikapasiteetti.<\/p>\n<p>N\u00e4m\u00e4 kortit toimivat 13,56 MHz:n taajuudella ja sopivat t\u00e4ydellisesti useisiin sovelluksiin, kuten identiteetinhallintaan, kulunvalvontaan ja mikromaksuihin.<\/p>\n<p>Myyd\u00e4\u00e4n 100 kappaleen pakkauksissa.<\/p>","protected":false},"featured_media":139829,"template":"","meta":{"_acf_changed":false},"product_brand":[],"product_cat":[4233,1711],"product_tag":[4538,4146,3077,3084,3069],"class_list":{"0":"post-87003","1":"product","2":"type-product","3":"status-publish","4":"has-post-thumbnail","6":"product_cat-rfid-kort-desfire","7":"product_cat-rfid-kort","8":"product_tag-100-pack-lopnummer-rfid-kort","9":"product_tag-nxp","10":"product_tag-rfid-desfire","11":"product_tag-trade-rfid-kort","12":"product_tag-trade-produkt","13":"product_shipping_class-postnord-varubrev","14":"pa_plastkort-teknik-desfire","15":"tm-has-options","17":"first","18":"outofstock","19":"sale","20":"taxable","21":"shipping-taxable","22":"purchasable","23":"product-type-simple"},"acf":[],"_links":{"self":[{"href":"https:\/\/secureus.se\/fi\/wp-json\/wp\/v2\/product\/87003","targetHints":{"allow":["GET"]}}],"collection":[{"href":"https:\/\/secureus.se\/fi\/wp-json\/wp\/v2\/product"}],"about":[{"href":"https:\/\/secureus.se\/fi\/wp-json\/wp\/v2\/types\/product"}],"wp:featuredmedia":[{"embeddable":true,"href":"https:\/\/secureus.se\/fi\/wp-json\/wp\/v2\/media\/139829"}],"wp:attachment":[{"href":"https:\/\/secureus.se\/fi\/wp-json\/wp\/v2\/media?parent=87003"}],"wp:term":[{"taxonomy":"product_brand","embeddable":true,"href":"https:\/\/secureus.se\/fi\/wp-json\/wp\/v2\/product_brand?post=87003"},{"taxonomy":"product_cat","embeddable":true,"href":"https:\/\/secureus.se\/fi\/wp-json\/wp\/v2\/product_cat?post=87003"},{"taxonomy":"product_tag","embeddable":true,"href":"https:\/\/secureus.se\/fi\/wp-json\/wp\/v2\/product_tag?post=87003"}],"curies":[{"name":"wp","href":"https:\/\/api.w.org\/{rel}","templated":true}]}}