{"id":87007,"date":"2023-11-03T12:00:45","date_gmt":"2023-11-03T11:00:45","guid":{"rendered":"https:\/\/secureus.se\/?post_type=product&#038;p=87007"},"modified":"2026-03-26T10:13:58","modified_gmt":"2026-03-26T09:13:58","slug":"mifare-desfire-4k-nxp-ev1-kort-100-pack","status":"publish","type":"product","link":"https:\/\/secureus.se\/fi\/mifare-desfire-4k-nxp-ev1-kort-100-pack\/","title":{"rendered":"Mifare DESFire 4K NXP EV1 -kortti (100 kpl) - Kontaktiton"},"content":{"rendered":"<h1>Mifare DESFire 4K NXP EV1 -kortti - kontaktiton<\/h1>\n<p>Mifare DESFire 4K NXP EV1 -kortit ovat kehittyneit\u00e4 kontaktittomia kortteja, jotka tarjoavat turvallisen ja tehokkaan tietojen tallennuksen. 4 kilotavun kapasiteetin ja 13,56 MHz:n taajuudella toimivan aidon NXP-sirun ansiosta n\u00e4m\u00e4 kortit ovat ihanteellisia erilaisiin sovelluksiin, kuten identiteetinhallintaan, kulunvalvontaan ja mikromaksuihin.<\/p>\n<p>N\u00e4m\u00e4 levyt on suunniteltu vakiokokoisina CR80 (86 mm x 54 mm) ja ne voidaan helposti integroida olemassa oleviin j\u00e4rjestelmiin. Vankan suojauksen ja luotettavan suorituskyvyn ansiosta Mifare DESFire 4K -kortit ovat erinomainen ratkaisu organisaatioille, jotka tarvitsevat turvallisen tavan hallita p\u00e4\u00e4sy\u00e4 ja maksuja.<\/p>\n<p>Jokainen pakkaus sis\u00e4lt\u00e4\u00e4 100 korttia, mik\u00e4 tekee niist\u00e4 kustannustehokkaita sek\u00e4 pienille ett\u00e4 suurille yrityksille. Mifare DESFire 4K -kortit yhdist\u00e4v\u00e4t helppok\u00e4ytt\u00f6isyyden korkeaan turvallisuuteen ja ovat luotettava ratkaisu nykyaikaisiin RFID-sovelluksiin.<\/p>\n<p><strong>Ominaisuudet ja edut<\/strong>:<\/p>\n<ul>\n<li>Kontaktittomat kortit, joissa on aito NXP-siru<\/li>\n<li>4 kilotavun muistikapasiteetti joustavaan tallennustilaan<\/li>\n<li>Vakiokokoinen CR80 helppoon integrointiin<\/li>\n<li>Toimii 13,56 MHz:n taajuudella nopeaan ja turvalliseen tiedonsiirtoon<\/li>\n<li>Ihanteellinen henkil\u00f6llisyyteen, kulunvalvontaan ja mikromaksuihin<\/li>\n<\/ul>\n<p><strong>Tekniset tiedot<\/strong>:<\/p>\n<ul>\n<li><strong>Muistin kapasiteetti<\/strong>: 4 kt<\/li>\n<li><strong>Taajuus<\/strong>: 13,56 MHz<\/li>\n<li><strong>Koko<\/strong>: Vakio CR80 (86mm x 54mm)<\/li>\n<li><strong>Paino (pakkaus)<\/strong>paino: 0,59 kg<\/li>\n<\/ul>","protected":false},"excerpt":{"rendered":"<p>T\u00e4ss\u00e4 tuotteessa on NXP\u00ae:n sertifioitu siru, joka on globaali teknologiayritys, jonka p\u00e4\u00e4konttori on Hollannissa. NXP\u00ae on erikoistunut RFID:hen ja NFC:hen ja tarjoaa valikoiman tuotteita tietoturvaan, liitett\u00e4vyyteen ja sulautettuihin ratkaisuihin.<\/p>\n<p>Mifare DESFire 4K NXP EV1 -kortit ovat kontaktittomia kortteja, joissa on aito NXP-siru ja 4 kilotavun muistikapasiteetti.<\/p>\n<p>N\u00e4m\u00e4 kortit toimivat 13,56 MHz:n taajuudella ja ovat ihanteellisia erilaisiin sovelluksiin, kuten henkil\u00f6llisyyteen, kulunvalvontaan ja mikromaksuihin. Myyd\u00e4\u00e4n 100 kappaleen pakkauksissa.<\/p>","protected":false},"featured_media":139819,"template":"","meta":{"_acf_changed":false},"product_brand":[],"product_cat":[4233,1711],"product_tag":[4538,4146,3077,3084,3069],"class_list":{"0":"post-87007","1":"product","2":"type-product","3":"status-publish","4":"has-post-thumbnail","6":"product_cat-rfid-kort-desfire","7":"product_cat-rfid-kort","8":"product_tag-100-pack-lopnummer-rfid-kort","9":"product_tag-nxp","10":"product_tag-rfid-desfire","11":"product_tag-trade-rfid-kort","12":"product_tag-trade-produkt","13":"product_shipping_class-postnord-varubrev","14":"pa_plastkort-teknik-desfire","15":"tm-has-options","17":"first","18":"outofstock","19":"sale","20":"taxable","21":"shipping-taxable","22":"purchasable","23":"product-type-simple"},"acf":[],"_links":{"self":[{"href":"https:\/\/secureus.se\/fi\/wp-json\/wp\/v2\/product\/87007","targetHints":{"allow":["GET"]}}],"collection":[{"href":"https:\/\/secureus.se\/fi\/wp-json\/wp\/v2\/product"}],"about":[{"href":"https:\/\/secureus.se\/fi\/wp-json\/wp\/v2\/types\/product"}],"wp:featuredmedia":[{"embeddable":true,"href":"https:\/\/secureus.se\/fi\/wp-json\/wp\/v2\/media\/139819"}],"wp:attachment":[{"href":"https:\/\/secureus.se\/fi\/wp-json\/wp\/v2\/media?parent=87007"}],"wp:term":[{"taxonomy":"product_brand","embeddable":true,"href":"https:\/\/secureus.se\/fi\/wp-json\/wp\/v2\/product_brand?post=87007"},{"taxonomy":"product_cat","embeddable":true,"href":"https:\/\/secureus.se\/fi\/wp-json\/wp\/v2\/product_cat?post=87007"},{"taxonomy":"product_tag","embeddable":true,"href":"https:\/\/secureus.se\/fi\/wp-json\/wp\/v2\/product_tag?post=87007"}],"curies":[{"name":"wp","href":"https:\/\/api.w.org\/{rel}","templated":true}]}}