{"id":87009,"date":"2023-11-03T12:00:47","date_gmt":"2023-11-03T11:00:47","guid":{"rendered":"https:\/\/secureus.se\/?post_type=product&#038;p=87009"},"modified":"2026-04-23T12:36:00","modified_gmt":"2026-04-23T10:36:00","slug":"ntag213-nfc-rfid-kort-100-pack","status":"publish","type":"product","link":"https:\/\/secureus.se\/fi\/ntag213-nfc-rfid-kort-100-pack\/","title":{"rendered":"NTAG213 NFC RFID -kortti \u2013 kontaktiton CR80 (100 kpl:n pakkaus)"},"content":{"rendered":"<h1>NTAG213 NFC RFID-kortti - Kontaktiton CR80<\/h1>\n<p>NTAG213 NFC RFID -kortit ovat ihanteellinen ratkaisu kosketuksettomaan tunnistamiseen ja tietojen tallentamiseen. Jokaiseen korttiin upotetun NTAG213-sirun ansiosta n\u00e4iden korttien muistikapasiteetti on 144 tavua ja ne toimivat 13,56 MHz:n taajuudella.<\/p>\n<p>Kortit on suunniteltu vakiokokoisina CR80 (86 mm x 54 mm), ja niiss\u00e4 on kiilt\u00e4v\u00e4 PVC-pinta, joka sopii t\u00e4ydellisesti logojen ja tietojen r\u00e4\u00e4t\u00e4l\u00f6ityyn tulostamiseen. Niiden luku- ja uudelleenkirjoitusominaisuudet tekev\u00e4t niist\u00e4 monipuolisia k\u00e4ytett\u00e4v\u00e4ksi erilaisissa sovelluksissa, mukaan lukien lipunmyynti, kanta-asiakasohjelmat ja tapahtumat.<\/p>\n<p>Jokainen pakkaus sis\u00e4lt\u00e4\u00e4 100 korttia, mik\u00e4 tekee niist\u00e4 kustannustehokkaan vaihtoehdon yrityksille ja organisaatioille, jotka tarvitsevat korkealaatuisia RFID-ratkaisuja. NTAG213-kortit yhdist\u00e4v\u00e4t toiminnallisuuden tyyliin ja ovat t\u00e4ydellinen ratkaisu nykyaikaisiin RFID-j\u00e4rjestelmiin.<\/p>\n<p><strong>Ominaisuudet ja edut<\/strong>:<\/p>\n<ul>\n<li>NFC RFID-kortti, jossa luku- ja uudelleenkirjoitusmahdollisuus<\/li>\n<li>Vakiokokoinen CR80 helppoon integrointiin<\/li>\n<li>144 tavun muistikapasiteetti tarvittavien tietojen tallentamiseen<\/li>\n<li>Kiilt\u00e4v\u00e4 PVC-pinta, joka on muokattavissa<\/li>\n<li>Ihanteellinen tapahtumiin, kanta-asiakasohjelmiin ja kulunvalvontaan<\/li>\n<\/ul>\n<p><strong>Tekniset tiedot<\/strong>:<\/p>\n<ul>\n<li><strong>Muistin kapasiteetti<\/strong>: 144 tavua<\/li>\n<li><strong>Taajuus<\/strong>: 13,56 MHz<\/li>\n<li><strong>Koko<\/strong>: Vakio CR80 (86mm x 54mm)<\/li>\n<li><strong>Paino (pakkaus)<\/strong>paino: 0,59 kg<\/li>\n<\/ul>","protected":false},"excerpt":{"rendered":"<p>NTAG213 NFC RFID-kortti tarjoaa luku- ja uudelleenkirjoitustoiminnot 144 tavun muistikapasiteetilla.<\/p>\n<p>N\u00e4m\u00e4 kiilt\u00e4v\u00e4t PVC-kortit ovat vakiokokoisia CR80 ja niit\u00e4 voidaan muokata tulostuksen avulla.<\/p>\n<p>T\u00e4ydellinen erilaisiin sovelluksiin, mukaan lukien tapahtumat ja kanta-asiakasohjelmat.<\/p>\n<p>Myyd\u00e4\u00e4n 100 kappaleen pakkauksissa.<\/p>","protected":false},"featured_media":139205,"template":"","meta":{"_acf_changed":false},"product_brand":[],"product_cat":[4232,1711],"product_tag":[3077,3084,3069],"class_list":{"0":"post-87009","1":"product","2":"type-product","3":"status-publish","4":"has-post-thumbnail","6":"product_cat-rfid-kort-legic-pac-fm-5542","7":"product_cat-rfid-kort","8":"product_tag-rfid-desfire","9":"product_tag-trade-rfid-kort","10":"product_tag-trade-produkt","11":"pa_plastkort-teknik-ntag203","12":"tm-no-options","14":"first","15":"instock","16":"sale","17":"taxable","18":"shipping-taxable","19":"purchasable","20":"product-type-simple"},"acf":[],"_links":{"self":[{"href":"https:\/\/secureus.se\/fi\/wp-json\/wp\/v2\/product\/87009","targetHints":{"allow":["GET"]}}],"collection":[{"href":"https:\/\/secureus.se\/fi\/wp-json\/wp\/v2\/product"}],"about":[{"href":"https:\/\/secureus.se\/fi\/wp-json\/wp\/v2\/types\/product"}],"wp:featuredmedia":[{"embeddable":true,"href":"https:\/\/secureus.se\/fi\/wp-json\/wp\/v2\/media\/139205"}],"wp:attachment":[{"href":"https:\/\/secureus.se\/fi\/wp-json\/wp\/v2\/media?parent=87009"}],"wp:term":[{"taxonomy":"product_brand","embeddable":true,"href":"https:\/\/secureus.se\/fi\/wp-json\/wp\/v2\/product_brand?post=87009"},{"taxonomy":"product_cat","embeddable":true,"href":"https:\/\/secureus.se\/fi\/wp-json\/wp\/v2\/product_cat?post=87009"},{"taxonomy":"product_tag","embeddable":true,"href":"https:\/\/secureus.se\/fi\/wp-json\/wp\/v2\/product_tag?post=87009"}],"curies":[{"name":"wp","href":"https:\/\/api.w.org\/{rel}","templated":true}]}}