{"id":87011,"date":"2023-11-03T12:00:48","date_gmt":"2023-11-03T11:00:48","guid":{"rendered":"https:\/\/secureus.se\/?post_type=product&#038;p=87011"},"modified":"2026-04-23T12:35:45","modified_gmt":"2026-04-23T10:35:45","slug":"ntag203-rfid-kort-100-pack","status":"publish","type":"product","link":"https:\/\/secureus.se\/fi\/ntag203-rfid-kort-100-pack\/","title":{"rendered":"NTAG203 RFID-kortti kontaktiton CR80 - 100 kpl"},"content":{"rendered":"<h1>NTAG203 RFID-kortti kontaktiton CR80 - 100 kpl<\/h1>\n<p>NTAG203 RFID-kortit tarjoavat joustavan ja kustannustehokkaan ratkaisun kontaktittomaan tunnistamiseen ja tietojen tallentamiseen. N\u00e4m\u00e4 kortit on suunniteltu CR80-standardin kokoisiksi (86 mm x 54 mm) ja niiss\u00e4 on 144 tavua muistia, joten ne sopivat moneen eri k\u00e4ytt\u00f6\u00f6n, mukaan lukien tapahtumat, lipunvalvonta ja kanta-asiakasohjelmat.<\/p>\n<p>N\u00e4m\u00e4 kortit toimivat 13,56 MHz taajuudella ja niill\u00e4 on kyky sek\u00e4 lukea ett\u00e4 kirjoittaa dataa, mik\u00e4 mahdollistaa monipuolisen k\u00e4yt\u00f6n. NTAG203-siru varmistaa nopean ja luotettavan viestinn\u00e4n, joten n\u00e4m\u00e4 kortit ovat ihanteellisia k\u00e4ytett\u00e4v\u00e4ksi nykyaikaisissa RFID-j\u00e4rjestelmiss\u00e4.<\/p>\n<p>Jokainen pakkaus sis\u00e4lt\u00e4\u00e4 100 korttia, joten ne ovat erinomainen valinta yrityksille ja organisaatioille, jotka etsiv\u00e4t kustannustehokkaita ratkaisuja kontaktittomaan tunnistamiseen. Vahvien ominaisuuksiensa ja helppok\u00e4ytt\u00f6isyytens\u00e4 ansiosta NTAG203-kortit ovat t\u00e4ydellinen valinta moniin eri sovelluksiin.<\/p>\n<p><strong>Ominaisuudet ja edut<\/strong>:<\/p>\n<ul>\n<li>Kontaktittomat RFID-kortit luku- ja uudelleenkirjoituskapasiteetilla<\/li>\n<li>Vakiokokoinen CR80 helppoon integrointiin<\/li>\n<li>144 tavun muistikapasiteetti tarvittavien tietojen tallentamiseen<\/li>\n<li>Toimii 13,56 MHz:n taajuudella nopeaan tiedonsiirtoon<\/li>\n<li>T\u00e4ydellinen tapahtumiin, lippujen valvontaan ja kanta-asiakasohjelmiin<\/li>\n<\/ul>\n<p><strong>Tekniset tiedot<\/strong>:<\/p>\n<ul>\n<li><strong>Muistin kapasiteetti<\/strong>: 144 tavua<\/li>\n<li><strong>Taajuus<\/strong>: 13,56 MHz<\/li>\n<li><strong>Koko<\/strong>: Vakio CR80 (86mm x 54mm)<\/li>\n<li><strong>Paino (pakkaus)<\/strong>paino: 0,50 kg<\/li>\n<\/ul>","protected":false},"excerpt":{"rendered":"<p>NTAG203-kortit ovat kontaktittomia RFID-kortteja, joissa on luku- ja uudelleenkirjoitustoiminnot.<\/p>\n<p>Normaalilla CR80-koolla ja 144 tavun muistikapasiteetilla n\u00e4m\u00e4 kortit toimivat 13,56 MHz:n taajuudella ja sopivat t\u00e4ydellisesti erilaisiin sovelluksiin.<\/p>\n<p>Myyd\u00e4\u00e4n k\u00e4yt\u00e4nn\u00f6llisiss\u00e4 100 kpl pakkauksissa.<\/p>","protected":false},"featured_media":138513,"template":"","meta":{"_acf_changed":false},"product_brand":[],"product_cat":[4232,1711],"product_tag":[4538,3077,3084,3069],"class_list":{"0":"post-87011","1":"product","2":"type-product","3":"status-publish","4":"has-post-thumbnail","6":"product_cat-rfid-kort-legic-pac-fm-5542","7":"product_cat-rfid-kort","8":"product_tag-100-pack-lopnummer-rfid-kort","9":"product_tag-rfid-desfire","10":"product_tag-trade-rfid-kort","11":"product_tag-trade-produkt","12":"product_shipping_class-postnord-varubrev","13":"pa_plastkort-teknik-ntag203","14":"tm-no-options","16":"first","17":"outofstock","18":"sale","19":"taxable","20":"shipping-taxable","21":"purchasable","22":"product-type-simple"},"acf":[],"_links":{"self":[{"href":"https:\/\/secureus.se\/fi\/wp-json\/wp\/v2\/product\/87011","targetHints":{"allow":["GET"]}}],"collection":[{"href":"https:\/\/secureus.se\/fi\/wp-json\/wp\/v2\/product"}],"about":[{"href":"https:\/\/secureus.se\/fi\/wp-json\/wp\/v2\/types\/product"}],"wp:featuredmedia":[{"embeddable":true,"href":"https:\/\/secureus.se\/fi\/wp-json\/wp\/v2\/media\/138513"}],"wp:attachment":[{"href":"https:\/\/secureus.se\/fi\/wp-json\/wp\/v2\/media?parent=87011"}],"wp:term":[{"taxonomy":"product_brand","embeddable":true,"href":"https:\/\/secureus.se\/fi\/wp-json\/wp\/v2\/product_brand?post=87011"},{"taxonomy":"product_cat","embeddable":true,"href":"https:\/\/secureus.se\/fi\/wp-json\/wp\/v2\/product_cat?post=87011"},{"taxonomy":"product_tag","embeddable":true,"href":"https:\/\/secureus.se\/fi\/wp-json\/wp\/v2\/product_tag?post=87011"}],"curies":[{"name":"wp","href":"https:\/\/api.w.org\/{rel}","templated":true}]}}